{"id":1069,"date":"2020-08-25T12:57:09","date_gmt":"2020-08-25T12:57:09","guid":{"rendered":"https:\/\/regdatadev.affinities.ch\/?page_id=1069"},"modified":"2023-11-02T16:04:46","modified_gmt":"2023-11-02T16:04:46","slug":"project-manager","status":"publish","type":"page","link":"https:\/\/www.regdata.ch\/fr\/carrieres\/project-manager\/","title":{"rendered":"Project Manager"},"content":{"rendered":"<div><a href=\"\/fr\/carrieres#postes\"><img decoding=\"async\"  class=\"alignnone\" src=\"\/wp-content\/uploads\/2020\/09\/fleche_retour.png\" alt=\"\" style=\"width:25px;\"  \/> <span style=\"font-size:0.7em;padding-left:5px\">retour<\/span><\/a><\/div>\n<h1>\n<h1 class=\"t-24 t-bold job-details-jobs-unified-top-card__job-title\">Back End Developer<\/h1>\n<\/h1>\n<div>\n<p><strong>REGDATA <span class=\"white-space-pre\"><span><\/span><\/span><\/strong>recherche un d\u00e9veloppeur Middle .Net d\u00e9di\u00e9 et soucieux du d\u00e9tail \u00e0 Gen\u00e8ve, en Suisse.<\/p>\n<p>Sous la direction du chef d&rsquo;\u00e9quipe de d\u00e9veloppement, vous contribuerez au d\u00e9veloppement et \u00e0 la maintenance d&rsquo;un ensemble de services et de bases de donn\u00e9es \u00e0 ex\u00e9cution distribu\u00e9e, \u00e0 charge \u00e9lev\u00e9e, parall\u00e8le et asynchrone pour notre plateforme REGDATA.<\/p>\n<p>Vous participerez activement \u00e0 la mise en \u0153uvre du backend de notre plateforme de protection bas\u00e9e sur le cloud bas\u00e9e sur le frontend Vue.js et le backend .Net. Vous serez \u00e9galement impliqu\u00e9 dans la mise en \u0153uvre de la plateforme REGDATA dans les locaux de nos clients et, le cas \u00e9ch\u00e9ant, proposerez de concevoir et d\u00e9velopper des interfaces ad hoc ou des modules sur mesure pour r\u00e9pondre aux exigences de nos clients.<\/p>\n<\/div>\n<h2>Description<\/h2>\n<div>\n<p><strong>Lieu de travail:<\/strong><span class=\"white-space-pre\"><span>\u00a0<\/span><\/span>Gen\u00e8ve, Suisse<span class=\"white-space-pre\"><\/span><\/p>\n<p><strong>Exp\u00e9rience:<\/strong><span class=\"white-space-pre\"><span>\u00a0<\/span><\/span>3 \u00e0 6 ans<span class=\"white-space-pre\"><\/span><\/p>\n<p><strong>D\u00e9but du contrat:<\/strong><span class=\"white-space-pre\"><span> D\u00e8s que possible<\/span><\/span><\/p>\n<\/div>\n<div>\n<p><strong>RESPONSABILIT\u00c9S<\/strong><span class=\"white-space-pre\"><\/span><\/p>\n<ul>\n<li>\n<p>\u00c9tendez les modules existants et d\u00e9veloppez de nouveaux modules pour l&rsquo;architecture de microservices backend bas\u00e9e sur .NET Core 3.1 et 5.0.<\/p>\n<\/li>\n<li>\n<p>D\u00e9velopper de nouveaux modules ad hoc pour nos clients afin d&rsquo;analyser, modifier et diffuser les flux de donn\u00e9es en temps r\u00e9el. Ces flux de donn\u00e9es peuvent \u00eatre des flux de donn\u00e9es JSON, XML, binaires comme par exemple le format de message d&rsquo;action sur HTTP, MS-FSSHTTP ou d&rsquo;autres flux de format binaire sur TCP.<\/p>\n<\/li>\n<li>\n<p>Travailler avec des bases de donn\u00e9es SQL et NoSQL (MSSQL, MongoDb)<\/p>\n<\/li>\n<li>\n<p>Travail important avec des mod\u00e8les asynchrones\/attente, ex\u00e9cution parall\u00e8le, optimisation des performances, fourniture d&rsquo;un code de haute qualit\u00e9.<\/p>\n<\/li>\n<\/ul>\n<p><strong>PROFIL ET EXIGENCES<\/strong><\/p>\n<ul>\n<li>Solides comp\u00e9tences et exp\u00e9rience en d\u00e9veloppement de logiciels, notamment en C#<\/li>\n<li>Bonne exp\u00e9rience et compr\u00e9hension des structures, principes, th\u00e9ories et pratiques des bases de donn\u00e9es<\/li>\n<li>Exp\u00e9rience en gestion de code source (Git), CI\/CD (Azure Devops, Octopus, Docker, K8S)<\/li>\n<li>Exp\u00e9rience avec les principes, m\u00e9thodes et pratiques Agile (Confluence, Jira)<\/li>\n<li>Bon niveau en anglais (\u00e9crit et parl\u00e9)<\/li>\n<li>Esprit d&rsquo;\u00e9quipe, proactivit\u00e9 et excellentes comp\u00e9tences en communication<\/li>\n<\/ul>\n<p><strong>TECHNOLOGIE<\/strong><\/p>\n<ul>\n<li>Frameworks : .Net Core 3.1\/.Net Standard 2.1\/.Net Framework 4.7.2 (pour quelques anciens projets) et .Net 7.0<\/li>\n<li>Authentification : IdentityServer4 OAuth2<\/li>\n<li>DB : MSSQL avec ADO.NET + Microsoft<\/li>\n<li>Enterprise Library Data \u2013 propre ORM avec piste d&rsquo;audit, MongoDb<\/li>\n<li>Protocoles : HTTP\/2 principal, HTTP 1.1<\/li>\n<li>Formateurs : MessagePack principal, JSON (pour les projets Web)<\/li>\n<li>Docker, Kubernetes<\/li>\n<li>Services AWS et MS Azure<\/li>\n<\/ul>\n<\/div>\n<hr>\n<h2>Nous nous r\u00e9jouissons de recevoir <span class=\"uk-text-primary\">votre postulation.<\/p>\n<p><span style=\"color: #ffffff;\">Merci d&rsquo;adresser votre CV \u00e0<\/span> info@regdata.ch<\/span><\/h2>\n<p><!--more--><br \/>\n<!-- {\"name\":\"Job-DETAIL\",\"type\":\"layout\",\"children\":[{\"type\":\"section\",\"props\":{\"animation\":\"slide-left-small\",\"header_transparent\":\"light\",\"image\":\"wp-content\\\/uploads\\\/interactive-developer-about-bg.svg\",\"image_position\":\"top-center\",\"image_size\":\"contain\",\"media_visibility\":\"l\",\"padding\":\"large\",\"padding_remove_bottom\":false,\"style\":\"default\",\"title_breakpoint\":\"xl\",\"title_position\":\"top-left\",\"title_rotation\":\"left\",\"vertical_align\":\"middle\",\"width\":\"default\"},\"children\":[{\"type\":\"row\",\"props\":{\"margin\":\"xlarge\"},\"children\":[{\"type\":\"column\",\"props\":{\"image_position\":\"center-center\",\"media_overlay_gradient\":\"\",\"position_sticky_breakpoint\":\"m\",\"width_medium\":\"1-1\"},\"children\":[{\"type\":\"headline\",\"props\":{\"content\":\"<img  class=\\\"alignnone\\\" src=\\\"\\\/wp-content\\\/uploads\\\/2020\\\/09\\\/fleche_retour.png\\\" alt=\\\"\\\" style=\\\"width:25px;\\\"  \\\/> <span style=\\\"font-size:0.7em;padding-left:5px\\\">retour<\\\/span>\",\"link\":\"fr\\\/carrieres#postes\",\"title_color\":\"primary\",\"title_element\":\"div\",\"title_style\":\"heading-small\"}},{\"type\":\"headline\",\"props\":{\"content\":\"\n\n<h1 class=\\\"t-24 t-bold job-details-jobs-unified-top-card__job-title\\\">Back End Developer<\\\/h1>\",\"title_element\":\"h1\",\"title_style\":\"heading-large\"}},{\"type\":\"text\",\"props\":{\"column_breakpoint\":\"m\",\"content\":\"\n\n<p><strong>REGDATA <span class=\\\"white-space-pre\\\"><span><\\\/span><\\\/span><\\\/strong>recherche un d\\u00e9veloppeur Middle .Net d\\u00e9di\\u00e9 et soucieux du d\\u00e9tail \\u00e0 Gen\\u00e8ve, en Suisse.<\\\/p>\\n\n\n<p>Sous la direction du chef d'\\u00e9quipe de d\\u00e9veloppement, vous contribuerez au d\\u00e9veloppement et \\u00e0 la maintenance d'un ensemble de services et de bases de donn\\u00e9es \\u00e0 ex\\u00e9cution distribu\\u00e9e, \\u00e0 charge \\u00e9lev\\u00e9e, parall\\u00e8le et asynchrone pour notre plateforme REGDATA.<\\\/p>\\n\n\n<p>Vous participerez activement \\u00e0 la mise en \\u0153uvre du backend de notre plateforme de protection bas\\u00e9e sur le cloud bas\\u00e9e sur le frontend Vue.js et le backend .Net. Vous serez \\u00e9galement impliqu\\u00e9 dans la mise en \\u0153uvre de la plateforme REGDATA dans les locaux de nos clients et, le cas \\u00e9ch\\u00e9ant, proposerez de concevoir et d\\u00e9velopper des interfaces ad hoc ou des modules sur mesure pour r\\u00e9pondre aux exigences de nos clients.<\\\/p>\",\"margin\":\"default\"}}]}]},{\"type\":\"row\",\"props\":{\"layout\":\"1-3,2-3\"},\"children\":[{\"type\":\"column\",\"props\":{\"image_position\":\"center-center\",\"media_overlay_gradient\":\"\",\"position_sticky_breakpoint\":\"m\",\"width_medium\":\"1-3\"},\"children\":[{\"type\":\"headline\",\"props\":{\"animation\":\"none\",\"content\":\"Description\",\"title_element\":\"h2\"}},{\"type\":\"text\",\"props\":{\"column_breakpoint\":\"m\",\"content\":\"\n\n<p><strong>Lieu de travail:<\\\/strong><span class=\\\"white-space-pre\\\"><span>\\u00a0<\\\/span><\\\/span>Gen\\u00e8ve, Suisse<span class=\\\"white-space-pre\\\"><\\\/span><\\\/p>\\n\n\n<p><strong>Exp\\u00e9rience:<\\\/strong><span class=\\\"white-space-pre\\\"><span>\\u00a0<\\\/span><\\\/span>3 \\u00e0 6 ans<span class=\\\"white-space-pre\\\"><\\\/span><\\\/p>\\n\n\n<p><strong>D\\u00e9but du contrat:<\\\/strong><span class=\\\"white-space-pre\\\"><span> D\\u00e8s que possible<\\\/span><\\\/span><\\\/p>\",\"margin\":\"default\"}}]},{\"type\":\"column\",\"props\":{\"image_position\":\"center-center\",\"media_overlay_gradient\":\"\",\"position_sticky_breakpoint\":\"m\",\"width_medium\":\"2-3\"},\"children\":[{\"type\":\"text\",\"props\":{\"animation\":\"none\",\"column_breakpoint\":\"m\",\"content\":\"\n\n<p><strong>RESPONSABILIT\\u00c9S<\\\/strong><span class=\\\"white-space-pre\\\"><\\\/span><\\\/p>\\n\n\n<ul>\\n\n\n<li>\\n\n\n<p>\\u00c9tendez les modules existants et d\\u00e9veloppez de nouveaux modules pour l'architecture de microservices backend bas\\u00e9e sur .NET Core 3.1 et 5.0.<\\\/p>\\n<\\\/li>\\n\n\n<li>\\n\n\n<p>D\\u00e9velopper de nouveaux modules ad hoc pour nos clients afin d'analyser, modifier et diffuser les flux de donn\\u00e9es en temps r\\u00e9el. Ces flux de donn\\u00e9es peuvent \\u00eatre des flux de donn\\u00e9es JSON, XML, binaires comme par exemple le format de message d'action sur HTTP, MS-FSSHTTP ou d'autres flux de format binaire sur TCP.<\\\/p>\\n<\\\/li>\\n\n\n<li>\\n\n\n<p>Travailler avec des bases de donn\\u00e9es SQL et NoSQL (MSSQL, MongoDb)<\\\/p>\\n<\\\/li>\\n\n\n<li>\\n\n\n<p>Travail important avec des mod\\u00e8les asynchrones\\\/attente, ex\\u00e9cution parall\\u00e8le, optimisation des performances, fourniture d'un code de haute qualit\\u00e9.<\\\/p>\\n<\\\/li>\\n<\\\/ul>\\n\n\n<p><strong>PROFIL ET EXIGENCES<\\\/strong><\\\/p>\\n\n\n<ul>\\n\n\n<li>Solides comp\\u00e9tences et exp\\u00e9rience en d\\u00e9veloppement de logiciels, notamment en C#<\\\/li>\\n\n\n<li>Bonne exp\\u00e9rience et compr\\u00e9hension des structures, principes, th\\u00e9ories et pratiques des bases de donn\\u00e9es<\\\/li>\\n\n\n<li>Exp\\u00e9rience en gestion de code source (Git), CI\\\/CD (Azure Devops, Octopus, Docker, K8S)<\\\/li>\\n\n\n<li>Exp\\u00e9rience avec les principes, m\\u00e9thodes et pratiques Agile (Confluence, Jira)<\\\/li>\\n\n\n<li>Bon niveau en anglais (\\u00e9crit et parl\\u00e9)<\\\/li>\\n\n\n<li>Esprit d'\\u00e9quipe, proactivit\\u00e9 et excellentes comp\\u00e9tences en communication<\\\/li>\\n<\\\/ul>\\n\n\n<p><strong>TECHNOLOGIE<\\\/strong><\\\/p>\\n\n\n<ul>\\n\n\n<li>Frameworks : .Net Core 3.1\\\/.Net Standard 2.1\\\/.Net Framework 4.7.2 (pour quelques anciens projets) et .Net 7.0<\\\/li>\\n\n\n<li>Authentification : IdentityServer4 OAuth2<\\\/li>\\n\n\n<li>DB : MSSQL avec ADO.NET + Microsoft<\\\/li>\\n\n\n<li>Enterprise Library Data \\u2013 propre ORM avec piste d'audit, MongoDb<\\\/li>\\n\n\n<li>Protocoles : HTTP\\\/2 principal, HTTP 1.1<\\\/li>\\n\n\n<li>Formateurs : MessagePack principal, JSON (pour les projets Web)<\\\/li>\\n\n\n<li>Docker, Kubernetes<\\\/li>\\n\n\n<li>Services AWS et MS Azure<\\\/li>\\n<\\\/ul>\",\"margin\":\"default\"}}]}]},{\"type\":\"row\",\"props\":{\"margin\":\"large\"},\"children\":[{\"type\":\"column\",\"props\":{\"image_position\":\"center-center\",\"media_overlay_gradient\":\"\",\"position_sticky_breakpoint\":\"m\",\"width_medium\":\"1-1\"},\"children\":[{\"type\":\"divider\",\"props\":{\"animation\":\"none\",\"divider_align\":\"\",\"divider_align_breakpoint\":\"\",\"divider_align_fallback\":\"\",\"divider_element\":\"hr\",\"divider_style\":\"\"}}]}]}],\"name\":\"About\"},{\"type\":\"section\",\"props\":{\"image_position\":\"center-center\",\"padding\":\"large\",\"padding_remove_bottom\":false,\"style\":\"secondary\",\"title_breakpoint\":\"xl\",\"title_position\":\"top-left\",\"title_rotation\":\"left\",\"vertical_align\":\"middle\",\"width\":\"default\"},\"children\":[{\"type\":\"row\",\"props\":{\"margin\":\"default\"},\"children\":[{\"type\":\"column\",\"props\":{\"image_position\":\"center-center\",\"media_overlay_gradient\":\"\",\"position_sticky_breakpoint\":\"m\",\"width_medium\":\"1-1\"},\"children\":[{\"type\":\"headline\",\"props\":{\"content\":\"Nous nous r\\u00e9jouissons de recevoir <span class=\\\"uk-text-primary\\\">votre postulation.<br \\\/><br \\\/><span style=\\\"color: #ffffff;\\\">Merci d'adresser votre CV \\u00e0<\\\/span> info@regdata.ch<\\\/span>\",\"link\":\"\",\"title_element\":\"h2\",\"title_style\":\"heading-medium\"}}]}]}],\"name\":\"Call to Action\"}],\"version\":\"3.0.31\"} --><\/p>\n","protected":false},"excerpt":{"rendered":"<p>retour Back End Developer REGDATA recherche un d\u00e9veloppeur Middle .Net d\u00e9di\u00e9 et soucieux du d\u00e9tail \u00e0 Gen\u00e8ve, en Suisse. Sous la direction du chef d&rsquo;\u00e9quipe de d\u00e9veloppement, vous contribuerez au d\u00e9veloppement et \u00e0 la maintenance d&rsquo;un ensemble de services et de bases de donn\u00e9es \u00e0 ex\u00e9cution distribu\u00e9e, \u00e0 charge \u00e9lev\u00e9e, parall\u00e8le et asynchrone pour notre [&hellip;]<\/p>\n","protected":false},"author":1,"featured_media":0,"parent":825,"menu_order":0,"comment_status":"closed","ping_status":"closed","template":"","meta":{"footnotes":""},"class_list":["post-1069","page","type-page","status-publish","hentry"],"yoast_head":"<!-- This site is optimized with the Yoast SEO plugin v21.5 - https:\/\/yoast.com\/wordpress\/plugins\/seo\/ -->\n<title>Project Manager - REGDATA<\/title>\n<meta name=\"robots\" content=\"index, follow, max-snippet:-1, max-image-preview:large, max-video-preview:-1\" \/>\n<link rel=\"canonical\" href=\"https:\/\/www.regdata.ch\/fr\/carrieres\/project-manager\/\" \/>\n<meta property=\"og:locale\" content=\"fr_FR\" \/>\n<meta property=\"og:type\" content=\"article\" \/>\n<meta property=\"og:title\" content=\"Project Manager - REGDATA\" \/>\n<meta property=\"og:description\" content=\"retour Back End Developer REGDATA recherche un d\u00e9veloppeur Middle .Net d\u00e9di\u00e9 et soucieux du d\u00e9tail \u00e0 Gen\u00e8ve, en Suisse. Sous la direction du chef d&rsquo;\u00e9quipe de d\u00e9veloppement, vous contribuerez au d\u00e9veloppement et \u00e0 la maintenance d&rsquo;un ensemble de services et de bases de donn\u00e9es \u00e0 ex\u00e9cution distribu\u00e9e, \u00e0 charge \u00e9lev\u00e9e, parall\u00e8le et asynchrone pour notre [&hellip;]\" \/>\n<meta property=\"og:url\" content=\"https:\/\/www.regdata.ch\/fr\/carrieres\/project-manager\/\" \/>\n<meta property=\"og:site_name\" content=\"REGDATA\" \/>\n<meta property=\"article:modified_time\" content=\"2023-11-02T16:04:46+00:00\" \/>\n<meta name=\"twitter:card\" content=\"summary_large_image\" \/>\n<meta name=\"twitter:label1\" content=\"Dur\u00e9e de lecture estim\u00e9e\" \/>\n\t<meta name=\"twitter:data1\" content=\"2 minutes\" \/>\n<script type=\"application\/ld+json\" class=\"yoast-schema-graph\">{\"@context\":\"https:\/\/schema.org\",\"@graph\":[{\"@type\":\"WebPage\",\"@id\":\"https:\/\/www.regdata.ch\/fr\/carrieres\/project-manager\/\",\"url\":\"https:\/\/www.regdata.ch\/fr\/carrieres\/project-manager\/\",\"name\":\"Project Manager - REGDATA\",\"isPartOf\":{\"@id\":\"https:\/\/www.regdata.ch\/fr\/#website\"},\"datePublished\":\"2020-08-25T12:57:09+00:00\",\"dateModified\":\"2023-11-02T16:04:46+00:00\",\"breadcrumb\":{\"@id\":\"https:\/\/www.regdata.ch\/fr\/carrieres\/project-manager\/#breadcrumb\"},\"inLanguage\":\"fr-FR\",\"potentialAction\":[{\"@type\":\"ReadAction\",\"target\":[\"https:\/\/www.regdata.ch\/fr\/carrieres\/project-manager\/\"]}]},{\"@type\":\"BreadcrumbList\",\"@id\":\"https:\/\/www.regdata.ch\/fr\/carrieres\/project-manager\/#breadcrumb\",\"itemListElement\":[{\"@type\":\"ListItem\",\"position\":1,\"name\":\"Accueil\",\"item\":\"https:\/\/www.regdata.ch\/fr\/\"},{\"@type\":\"ListItem\",\"position\":2,\"name\":\"Carri\u00e8res\",\"item\":\"https:\/\/www.regdata.ch\/fr\/carrieres\/\"},{\"@type\":\"ListItem\",\"position\":3,\"name\":\"Project Manager\"}]},{\"@type\":\"WebSite\",\"@id\":\"https:\/\/www.regdata.ch\/fr\/#website\",\"url\":\"https:\/\/www.regdata.ch\/fr\/\",\"name\":\"REGDATA\",\"description\":\"\",\"publisher\":{\"@id\":\"https:\/\/www.regdata.ch\/fr\/#organization\"},\"potentialAction\":[{\"@type\":\"SearchAction\",\"target\":{\"@type\":\"EntryPoint\",\"urlTemplate\":\"https:\/\/www.regdata.ch\/fr\/?s={search_term_string}\"},\"query-input\":\"required name=search_term_string\"}],\"inLanguage\":\"fr-FR\"},{\"@type\":\"Organization\",\"@id\":\"https:\/\/www.regdata.ch\/fr\/#organization\",\"name\":\"REGDATA SA\",\"url\":\"https:\/\/www.regdata.ch\/fr\/\",\"logo\":{\"@type\":\"ImageObject\",\"inLanguage\":\"fr-FR\",\"@id\":\"https:\/\/www.regdata.ch\/fr\/#\/schema\/logo\/image\/\",\"url\":\"https:\/\/www.regdata.ch\/wp-content\/uploads\/2020\/06\/favicon.png\",\"contentUrl\":\"https:\/\/www.regdata.ch\/wp-content\/uploads\/2020\/06\/favicon.png\",\"width\":71,\"height\":71,\"caption\":\"REGDATA SA\"},\"image\":{\"@id\":\"https:\/\/www.regdata.ch\/fr\/#\/schema\/logo\/image\/\"}}]}<\/script>\n<!-- \/ Yoast SEO plugin. -->","yoast_head_json":{"title":"Project Manager - REGDATA","robots":{"index":"index","follow":"follow","max-snippet":"max-snippet:-1","max-image-preview":"max-image-preview:large","max-video-preview":"max-video-preview:-1"},"canonical":"https:\/\/www.regdata.ch\/fr\/carrieres\/project-manager\/","og_locale":"fr_FR","og_type":"article","og_title":"Project Manager - REGDATA","og_description":"retour Back End Developer REGDATA recherche un d\u00e9veloppeur Middle .Net d\u00e9di\u00e9 et soucieux du d\u00e9tail \u00e0 Gen\u00e8ve, en Suisse. Sous la direction du chef d&rsquo;\u00e9quipe de d\u00e9veloppement, vous contribuerez au d\u00e9veloppement et \u00e0 la maintenance d&rsquo;un ensemble de services et de bases de donn\u00e9es \u00e0 ex\u00e9cution distribu\u00e9e, \u00e0 charge \u00e9lev\u00e9e, parall\u00e8le et asynchrone pour notre [&hellip;]","og_url":"https:\/\/www.regdata.ch\/fr\/carrieres\/project-manager\/","og_site_name":"REGDATA","article_modified_time":"2023-11-02T16:04:46+00:00","twitter_card":"summary_large_image","twitter_misc":{"Dur\u00e9e de lecture estim\u00e9e":"2 minutes"},"schema":{"@context":"https:\/\/schema.org","@graph":[{"@type":"WebPage","@id":"https:\/\/www.regdata.ch\/fr\/carrieres\/project-manager\/","url":"https:\/\/www.regdata.ch\/fr\/carrieres\/project-manager\/","name":"Project Manager - REGDATA","isPartOf":{"@id":"https:\/\/www.regdata.ch\/fr\/#website"},"datePublished":"2020-08-25T12:57:09+00:00","dateModified":"2023-11-02T16:04:46+00:00","breadcrumb":{"@id":"https:\/\/www.regdata.ch\/fr\/carrieres\/project-manager\/#breadcrumb"},"inLanguage":"fr-FR","potentialAction":[{"@type":"ReadAction","target":["https:\/\/www.regdata.ch\/fr\/carrieres\/project-manager\/"]}]},{"@type":"BreadcrumbList","@id":"https:\/\/www.regdata.ch\/fr\/carrieres\/project-manager\/#breadcrumb","itemListElement":[{"@type":"ListItem","position":1,"name":"Accueil","item":"https:\/\/www.regdata.ch\/fr\/"},{"@type":"ListItem","position":2,"name":"Carri\u00e8res","item":"https:\/\/www.regdata.ch\/fr\/carrieres\/"},{"@type":"ListItem","position":3,"name":"Project Manager"}]},{"@type":"WebSite","@id":"https:\/\/www.regdata.ch\/fr\/#website","url":"https:\/\/www.regdata.ch\/fr\/","name":"REGDATA","description":"","publisher":{"@id":"https:\/\/www.regdata.ch\/fr\/#organization"},"potentialAction":[{"@type":"SearchAction","target":{"@type":"EntryPoint","urlTemplate":"https:\/\/www.regdata.ch\/fr\/?s={search_term_string}"},"query-input":"required name=search_term_string"}],"inLanguage":"fr-FR"},{"@type":"Organization","@id":"https:\/\/www.regdata.ch\/fr\/#organization","name":"REGDATA SA","url":"https:\/\/www.regdata.ch\/fr\/","logo":{"@type":"ImageObject","inLanguage":"fr-FR","@id":"https:\/\/www.regdata.ch\/fr\/#\/schema\/logo\/image\/","url":"https:\/\/www.regdata.ch\/wp-content\/uploads\/2020\/06\/favicon.png","contentUrl":"https:\/\/www.regdata.ch\/wp-content\/uploads\/2020\/06\/favicon.png","width":71,"height":71,"caption":"REGDATA SA"},"image":{"@id":"https:\/\/www.regdata.ch\/fr\/#\/schema\/logo\/image\/"}}]}},"_links":{"self":[{"href":"https:\/\/www.regdata.ch\/fr\/wp-json\/wp\/v2\/pages\/1069","targetHints":{"allow":["GET"]}}],"collection":[{"href":"https:\/\/www.regdata.ch\/fr\/wp-json\/wp\/v2\/pages"}],"about":[{"href":"https:\/\/www.regdata.ch\/fr\/wp-json\/wp\/v2\/types\/page"}],"author":[{"embeddable":true,"href":"https:\/\/www.regdata.ch\/fr\/wp-json\/wp\/v2\/users\/1"}],"replies":[{"embeddable":true,"href":"https:\/\/www.regdata.ch\/fr\/wp-json\/wp\/v2\/comments?post=1069"}],"version-history":[{"count":19,"href":"https:\/\/www.regdata.ch\/fr\/wp-json\/wp\/v2\/pages\/1069\/revisions"}],"predecessor-version":[{"id":2661,"href":"https:\/\/www.regdata.ch\/fr\/wp-json\/wp\/v2\/pages\/1069\/revisions\/2661"}],"up":[{"embeddable":true,"href":"https:\/\/www.regdata.ch\/fr\/wp-json\/wp\/v2\/pages\/825"}],"wp:attachment":[{"href":"https:\/\/www.regdata.ch\/fr\/wp-json\/wp\/v2\/media?parent=1069"}],"curies":[{"name":"wp","href":"https:\/\/api.w.org\/{rel}","templated":true}]}}