{"id":1119,"date":"2020-09-03T06:56:15","date_gmt":"2020-09-03T06:56:15","guid":{"rendered":"https:\/\/regdatadev.affinities.ch\/?page_id=1119"},"modified":"2022-01-30T21:08:52","modified_gmt":"2022-01-30T21:08:52","slug":"produit_regdata_solution_logiciel_anonymisation_dynamique_donnees_rgdp","status":"publish","type":"page","link":"https:\/\/www.regdata.ch\/fr\/produit_regdata_solution_logiciel_anonymisation_dynamique_donnees_rgdp\/","title":{"rendered":"Produit"},"content":{"rendered":"<p><img decoding=\"async\" src=\"\/wp-content\/uploads\/2020\/06\/HEXAGONE001-home-v3.png\" alt=\"\"><\/p>\n<div><span class=\"uk-text-primary\">Au coeur<\/span> de notre service de<br \/>protection des donn\u00e9es<br \/>confidentielles des applications<\/div>\n<div>\n<p style=\"text-align: justify;\">RPS (RegData Protection Suite) est une plateforme s\u00e9curis\u00e9e de services de protection statique-dynamique de donn\u00e9es confidentielles et\/ou personnelles sensibles \u00e0 la demande via des appels API rest &#8211; WebServices. Elle couvre de multiples cas d\u2019usages tant pour des environnements de d\u00e9veloppement, de tests et de production. Pierre angulaire de toute transformation d\u2019une donn\u00e9e en clair \u00e0 une donn\u00e9e prot\u00e9g\u00e9e et vice versa.<\/p>\n<p style=\"text-align: justify;\"><b>Vos donn\u00e9es confidentielles sont sous votre contr\u00f4le.<\/b><\/p>\n<\/div>\n<ul>\n<li>\n<p><a href=\"\/fr\/produit_regdata_solution_logiciel_anonymisation_dynamique_donnees_rgdp\/protection_donnees_conformite_cycle_vie_information_valorisation\">\u00bb Type de services<\/a><\/p>\n<\/li>\n<li>\n<p><a href=\"\/fr\/produit\/cas-dusage\">&raquo; Cas d&rsquo;usage<\/a><\/p>\n<\/li>\n<li>\n<p><a href=\"\/fr\/produit\/modes-doperation\">&raquo; Modes d&rsquo;op\u00e9ration<\/a><\/p>\n<\/li>\n<li>\n<p><a href=\"\/fr\/produit\/videos\">&raquo; Vid\u00e9os<\/a><\/p>\n<\/li>\n<\/ul>\n<h2>Services et fonctionnalit\u00e9s techniques<\/h2>\n<div>\n<p><strong>Voici ci-dessous l\u2019ensemble des Services et Fonctionnalit\u00e9s techniques de RPS (RegData Protection Suite)<\/strong><\/p>\n<p style=\"text-align: justify;\">Pour en savoir plus, utilisez le formulaire pour vous enregistrer et recevoir un PDF d\u00e9taill\u00e9.<\/p>\n<p style=\"text-align: justify;\">\u00a0\u00a0<img loading=\"lazy\" decoding=\"async\" class=\"size-full wp-image-123\" style=\"padding-left: 40px;\" src=\"\/wp-content\/uploads\/2020\/06\/goto_try_it.png\" alt=\"\" width=\"159\" height=\"123\" \/><\/p>\n<\/div>\n<div>\n<h2>Demande d&rsquo;informations<\/h2>\n<div>\n<div class=\"wpforms-container wpforms-container-full\" id=\"wpforms-943\"><form id=\"wpforms-form-943\" class=\"wpforms-validate wpforms-form wpforms-ajax-form\" data-formid=\"943\" method=\"post\" enctype=\"multipart\/form-data\" action=\"\/fr\/wp-json\/wp\/v2\/pages\/1119\" data-token=\"d1fc856c2c72c4a362a659e3ef103a84\"><noscript class=\"wpforms-error-noscript\">Veuillez activer JavaScript dans votre navigateur pour remplir ce formulaire.<\/noscript><div class=\"wpforms-field-container\"><div id=\"wpforms-943-field_9-container\" class=\"wpforms-field wpforms-field-select wpforms-field-select-style-classic\" data-field-id=\"9\"><label class=\"wpforms-field-label\" for=\"wpforms-943-field_9\">Choisissez le document d\u00e9sir\u00e9 <span class=\"wpforms-required-label\">*<\/span><\/label><select id=\"wpforms-943-field_9\" class=\"wpforms-field-large wpforms-field-required\" name=\"wpforms[fields][9]\" required=\"required\"><option value=\"\" class=\"placeholder\" disabled  selected='selected'>-- Faites votre choix --<\/option><option value=\"REGDATA RPS plateforme et composants\" >REGDATA RPS plateforme et composants<\/option><option value=\"REGDATA RPS ensemble des caract\u00e9ristiques techniques et fonctionnelles\" >REGDATA RPS ensemble des caract\u00e9ristiques techniques et fonctionnelles<\/option><\/select><\/div><div id=\"wpforms-943-field_5-container\" class=\"wpforms-field wpforms-field-text wpforms-one-half wpforms-first\" data-field-id=\"5\"><label class=\"wpforms-field-label\" for=\"wpforms-943-field_5\">Nom <span class=\"wpforms-required-label\">*<\/span><\/label><input type=\"text\" id=\"wpforms-943-field_5\" class=\"wpforms-field-large wpforms-field-required\" name=\"wpforms[fields][5]\" required><\/div><div id=\"wpforms-943-field_6-container\" class=\"wpforms-field wpforms-field-text wpforms-one-half\" data-field-id=\"6\"><label class=\"wpforms-field-label\" for=\"wpforms-943-field_6\">Pr\u00e9nom <span class=\"wpforms-required-label\">*<\/span><\/label><input type=\"text\" id=\"wpforms-943-field_6\" class=\"wpforms-field-large wpforms-field-required\" name=\"wpforms[fields][6]\" required><\/div><div id=\"wpforms-943-field_4-container\" class=\"wpforms-field wpforms-field-text wpforms-one-half wpforms-first\" data-field-id=\"4\"><label class=\"wpforms-field-label\" for=\"wpforms-943-field_4\">Soci\u00e9t\u00e9 <span class=\"wpforms-required-label\">*<\/span><\/label><input type=\"text\" id=\"wpforms-943-field_4\" class=\"wpforms-field-large wpforms-field-required\" name=\"wpforms[fields][4]\" required><\/div><div id=\"wpforms-943-field_8-container\" class=\"wpforms-field wpforms-field-text wpforms-one-half\" data-field-id=\"8\"><label class=\"wpforms-field-label\" for=\"wpforms-943-field_8\">Titre<\/label><input type=\"text\" id=\"wpforms-943-field_8\" class=\"wpforms-field-large\" name=\"wpforms[fields][8]\" ><\/div><div id=\"wpforms-943-field_1-container\" class=\"wpforms-field wpforms-field-email\" data-field-id=\"1\"><label class=\"wpforms-field-label\" for=\"wpforms-943-field_1\">E-mail professionnel <span class=\"wpforms-required-label\">*<\/span><\/label><input type=\"email\" id=\"wpforms-943-field_1\" class=\"wpforms-field-medium wpforms-field-required\" name=\"wpforms[fields][1]\" spellcheck=\"false\" required><\/div><div id=\"wpforms-943-field_7-container\" class=\"wpforms-field wpforms-field-text\" data-field-id=\"7\"><label class=\"wpforms-field-label\" for=\"wpforms-943-field_7\">T\u00e9l\u00e9phone <span class=\"wpforms-required-label\">*<\/span><\/label><input type=\"text\" id=\"wpforms-943-field_7\" class=\"wpforms-field-medium wpforms-field-required\" name=\"wpforms[fields][7]\" required><\/div><div id=\"wpforms-943-field_2-container\" class=\"wpforms-field wpforms-field-textarea\" data-field-id=\"2\"><label class=\"wpforms-field-label\" for=\"wpforms-943-field_2\">Commentaire<\/label><textarea id=\"wpforms-943-field_2\" class=\"wpforms-field-medium\" name=\"wpforms[fields][2]\" ><\/textarea><\/div><\/div><!-- .wpforms-field-container --><div class=\"wpforms-field wpforms-field-hp\"><label for=\"wpforms-943-field-hp\" class=\"wpforms-field-label\">Comment<\/label><input type=\"text\" name=\"wpforms[hp]\" id=\"wpforms-943-field-hp\" class=\"wpforms-field-medium\"><\/div><div class=\"wpforms-submit-container\" ><input type=\"hidden\" name=\"wpforms[id]\" value=\"943\"><input type=\"hidden\" name=\"wpforms[author]\" value=\"1\"><button type=\"submit\" name=\"wpforms[submit]\" id=\"wpforms-submit-943\" class=\"wpforms-submit\" data-alt-text=\"Envoi...\" data-submit-text=\"Envoyer\" aria-live=\"assertive\" value=\"wpforms-submit\">Envoyer<\/button><img loading=\"lazy\" decoding=\"async\" src=\"https:\/\/www.regdata.ch\/wp-content\/plugins\/wpforms\/assets\/images\/submit-spin.svg\" class=\"wpforms-submit-spinner\" style=\"display: none;\" width=\"26\" height=\"26\" alt=\"Chargement en cours\"><\/div><\/form><\/div>  <!-- .wpforms-container -->\n<\/div>\n<\/div>\n<hr>\n<h2><a href=\"\/fr\/essai-gratuit\">demander <br class=\"uk-visible@s\" \/><span class=\"uk-text-primary\">un essai gratuit&nbsp;&nbsp; <img decoding=\"async\" class=\"alignnone size-full wp-image-123\" src=\"\/wp-content\/uploads\/2020\/06\/goto_try_it.png\" alt=\"\" width=\"80\" \/><\/span><\/a><\/h2>\n<hr>\n<p><!-- {\"name\":\"temp-page-video\",\"type\":\"layout\",\"children\":[{\"type\":\"section\",\"props\":{\"style\":\"default\",\"width\":\"\",\"vertical_align\":\"\",\"title_position\":\"top-left\",\"title_rotation\":\"left\",\"title_breakpoint\":\"xl\",\"image_position\":\"center-left\",\"width_expand\":\"left\",\"height\":\"full\",\"padding\":\"xsmall\",\"animation\":\"slide-left-small\",\"image\":\"\",\"image_size\":\"contain\",\"padding_remove_bottom\":true,\"padding_remove_top\":true,\"header_transparent_noplaceholder\":false},\"children\":[{\"type\":\"row\",\"props\":{\"layout\":\"1-3,2-3\",\"width_expand\":\"left\",\"height\":\"full\"},\"children\":[{\"type\":\"column\",\"props\":{\"image_position\":\"center-left\",\"media_overlay_gradient\":\"\",\"image\":\"\",\"image_size\":\"contain\",\"width_medium\":\"1-3\"},\"children\":[{\"type\":\"image\",\"props\":{\"margin\":\"default\",\"image_svg_color\":\"emphasis\",\"image\":\"wp-content\\\/uploads\\\/2020\\\/06\\\/HEXAGONE001-home-v3.png\"}}]},{\"type\":\"column\",\"props\":{\"image_position\":\"center-center\",\"media_overlay_gradient\":\"\",\"vertical_align\":\"middle\",\"width_medium\":\"2-3\"},\"children\":[{\"type\":\"headline\",\"props\":{\"title_element\":\"div\",\"title_style\":\"heading-xlarge\",\"margin\":\"small\",\"content\":\"<span class=\\\"uk-text-primary\\\">Au coeur<\\\/span> de notre service de<br \\\/>protection des donn\\u00e9es<br \\\/>confidentielles des applications\",\"margin_remove_top\":false}},{\"type\":\"text\",\"props\":{\"margin\":\"large\",\"column_breakpoint\":\"m\",\"text_size\":\"large\",\"maxwidth\":\"xlarge\",\"content\":\"\n\n<p style=\\\"text-align: justify;\\\">RPS (RegData Protection Suite) est une plateforme s\\u00e9curis\\u00e9e de services de protection statique-dynamique de donn\\u00e9es confidentielles et\\\/ou personnelles sensibles \\u00e0 la demande via des appels API rest - WebServices. Elle couvre de multiples cas d\\u2019usages tant pour des environnements de d\\u00e9veloppement, de tests et de production. Pierre angulaire de toute transformation d\\u2019une donn\\u00e9e en clair \\u00e0 une donn\\u00e9e prot\\u00e9g\\u00e9e et vice versa.<\\\/p>\\n\n\n<p style=\\\"text-align: justify;\\\"><b>Vos donn\\u00e9es confidentielles sont sous votre contr\\u00f4le.<\\\/b><\\\/p>\",\"margin_remove_bottom\":false}},{\"type\":\"list\",\"props\":{\"show_image\":true,\"show_link\":true,\"image_svg_color\":\"emphasis\",\"image_align\":\"left\",\"image_vertical_align\":true,\"margin\":\"small\",\"css\":\".el-item {font-weight:bold;padding:0;margin:0;padding-bottom:4px}\\n.el-link {color:#000}\\n.el-link:hover {color:#7a634e;text-decoration:none}\",\"margin_remove_top\":false,\"list_size\":\"\",\"list_element\":\"ul\",\"column_breakpoint\":\"m\"},\"children\":[{\"type\":\"list_item\",\"props\":{\"content\":\"\\u00bb Type de services\",\"link\":\"\\\/fr\\\/produit_regdata_solution_logiciel_anonymisation_dynamique_donnees_rgdp\\\/protection_donnees_conformite_cycle_vie_information_valorisation\"}},{\"type\":\"list_item\",\"props\":{\"content\":\"&raquo; Cas d'usage\",\"link\":\"fr\\\/produit\\\/cas-dusage\\\/\"}},{\"type\":\"list_item\",\"props\":{\"content\":\"&raquo; Modes d'op\\u00e9ration\",\"link\":\"fr\\\/produit\\\/modes-doperation\\\/\"}},{\"type\":\"list_item\",\"props\":{\"content\":\"&raquo; Vid\\u00e9os\",\"link\":\"fr\\\/produit\\\/videos\\\/\"}}]}]}]}],\"name\":\"entete-modif\"},{\"type\":\"section\",\"props\":{\"style\":\"default\",\"width\":\"default\",\"vertical_align\":\"middle\",\"title_position\":\"top-left\",\"title_rotation\":\"left\",\"title_breakpoint\":\"xl\",\"image_position\":\"center-center\",\"padding\":\"large\",\"image\":\"wp-content\\\/uploads\\\/2020\\\/06\\\/maestro.jpg\",\"image_size\":\"cover\",\"image_effect\":\"fixed\",\"image_width\":\"2560\",\"padding_remove_top\":false},\"children\":[{\"type\":\"row\",\"props\":{\"layout\":\"1-3,2-3\"},\"children\":[{\"type\":\"column\",\"props\":{\"image_position\":\"center-center\",\"media_overlay_gradient\":\"\",\"style\":\"muted\",\"width_medium\":\"1-3\"},\"children\":[{\"type\":\"headline\",\"props\":{\"title_element\":\"h2\",\"title_style\":\"heading-medium\",\"title_color\":\"primary\",\"content\":\"Services et fonctionnalit\\u00e9s techniques\",\"id\":\"formulaire\"}},{\"type\":\"text\",\"props\":{\"margin\":\"default\",\"column_breakpoint\":\"m\",\"text_size\":\"large\",\"maxwidth\":\"xlarge\",\"content\":\"\n\n<p><strong>Voici ci-dessous l\\u2019ensemble des Services et Fonctionnalit\\u00e9s techniques de RPS (RegData Protection Suite)<\\\/strong><\\\/p>\\n\n\n<p style=\\\"text-align: justify;\\\">Pour en savoir plus, utilisez le formulaire pour vous enregistrer et recevoir un PDF d\\u00e9taill\\u00e9.<\\\/p>\\n\n\n<p style=\\\"text-align: justify;\\\">\\u00a0\\u00a0<img class=\\\"size-full wp-image-123\\\" style=\\\"padding-left: 40px;\\\" src=\\\"\\\/wp-content\\\/uploads\\\/2020\\\/06\\\/goto_try_it.png\\\" alt=\\\"\\\" width=\\\"159\\\" height=\\\"123\\\" \\\/><\\\/p>\"}}]},{\"type\":\"column\",\"props\":{\"image_position\":\"center-center\",\"media_overlay_gradient\":\"\",\"width_medium\":\"2-3\"},\"children\":[{\"type\":\"panel\",\"props\":{\"link_text\":\"Ouvir sur Google Maps\",\"title_hover_style\":\"reset\",\"title_element\":\"h2\",\"title_align\":\"top\",\"title_grid_width\":\"1-2\",\"meta_style\":\"meta\",\"meta_align\":\"below-title\",\"image_align\":\"top\",\"image_grid_width\":\"1-2\",\"image_svg_color\":\"emphasis\",\"link_style\":\"default\",\"margin\":\"default\",\"panel_style\":\"card-secondary\",\"panel_size\":\"large\",\"title_style\":\"heading-medium\",\"title_margin\":\"remove\",\"content_margin\":\"medium\",\"link_margin\":\"large\",\"block_align\":\"right\",\"link\":\"\",\"title\":\"Demande d'informations\",\"content\":\"\n\n<p>[wpforms id=\\\"943\\\" title=\\\"false\\\" description=\\\"false\\\"]<\\\/p>\",\"link_target\":true,\"title_grid_breakpoint\":\"m\",\"image_grid_breakpoint\":\"m\",\"icon_width\":80,\"content_column_breakpoint\":\"m\",\"meta_element\":\"div\"}}]}]}],\"name\":\"Formulaire\"},{\"type\":\"section\",\"props\":{\"style\":\"default\",\"width\":\"default\",\"vertical_align\":\"middle\",\"title_position\":\"top-left\",\"title_rotation\":\"left\",\"title_breakpoint\":\"xl\",\"image_position\":\"center-center\",\"padding_remove_top\":false},\"children\":[{\"type\":\"row\",\"props\":{\"layout\":\"expand,large\",\"margin\":\"medium\"},\"children\":[{\"type\":\"column\",\"props\":{\"image_position\":\"center-center\",\"media_overlay_gradient\":\"\",\"width_small\":\"expand\"},\"children\":[]},{\"type\":\"column\",\"props\":{\"image_position\":\"center-center\",\"media_overlay_gradient\":\"\",\"vertical_align\":\"bottom\",\"width_small\":\"large\"},\"children\":[{\"type\":\"divider\",\"props\":{\"divider_element\":\"hr\",\"divider_style\":\"\",\"divider_align\":\"\",\"divider_align_breakpoint\":\"\",\"divider_align_fallback\":\"\"}},{\"type\":\"headline\",\"props\":{\"title_element\":\"h2\",\"title_style\":\"heading-large\",\"content\":\"demander <br class=\\\"uk-visible@s\\\" \\\/><span class=\\\"uk-text-primary\\\">un essai gratuit&nbsp;&nbsp; <img class=\\\"alignnone size-full wp-image-123\\\" src=\\\"\\\/wp-content\\\/uploads\\\/2020\\\/06\\\/goto_try_it.png\\\" alt=\\\"\\\" width=\\\"80\\\" \\\/><\\\/span>\",\"link\":\"fr\\\/essai-gratuit\\\/\",\"link_style\":false,\"link_target\":false}},{\"type\":\"divider\",\"props\":{\"divider_element\":\"hr\",\"divider_style\":\"\",\"divider_align\":\"\",\"divider_align_breakpoint\":\"\",\"divider_align_fallback\":\"\"}}]}]}],\"name\":\"lets go essai\"}],\"version\":\"2.2.5\"} --><\/p>\n","protected":false},"excerpt":{"rendered":"<p>Au coeur de notre service deprotection des donn\u00e9esconfidentielles des applications RPS (RegData Protection Suite) est une plateforme s\u00e9curis\u00e9e de services de protection statique-dynamique de donn\u00e9es confidentielles et\/ou personnelles sensibles \u00e0 la demande via des appels API rest &#8211; WebServices. Elle couvre de multiples cas d\u2019usages tant pour des environnements de d\u00e9veloppement, de tests et de [&hellip;]<\/p>\n","protected":false},"author":1,"featured_media":0,"parent":0,"menu_order":0,"comment_status":"closed","ping_status":"closed","template":"","meta":{"footnotes":""},"class_list":["post-1119","page","type-page","status-publish","hentry"],"yoast_head":"<!-- This site is optimized with the Yoast SEO plugin v21.5 - https:\/\/yoast.com\/wordpress\/plugins\/seo\/ -->\n<title>REGDATA Protection Suite: logiciel anonymisation dynamique conformit\u00e9<\/title>\n<meta name=\"description\" content=\"REGDATA Protection Suite: logiciel anonymisation dynamique conformit\u00e9 RGPD; LPD, CNIL, CCPA... D\u00e9bloquer la valeur de vos donn\u00e9es par nos API rest-Web Services.\" \/>\n<meta name=\"robots\" content=\"index, follow, max-snippet:-1, max-image-preview:large, max-video-preview:-1\" \/>\n<link rel=\"canonical\" href=\"https:\/\/www.regdata.ch\/fr\/produit_regdata_solution_logiciel_anonymisation_dynamique_donnees_rgdp\/\" \/>\n<meta property=\"og:locale\" content=\"fr_FR\" \/>\n<meta property=\"og:type\" content=\"article\" \/>\n<meta property=\"og:title\" content=\"REGDATA Protection Suite: logiciel anonymisation dynamique conformit\u00e9\" \/>\n<meta property=\"og:description\" content=\"REGDATA Protection Suite: logiciel anonymisation dynamique conformit\u00e9 RGPD; LPD, CNIL, CCPA... D\u00e9bloquer la valeur de vos donn\u00e9es par nos API rest-Web Services.\" \/>\n<meta property=\"og:url\" content=\"https:\/\/www.regdata.ch\/fr\/produit_regdata_solution_logiciel_anonymisation_dynamique_donnees_rgdp\/\" \/>\n<meta property=\"og:site_name\" content=\"REGDATA\" \/>\n<meta property=\"article:modified_time\" content=\"2022-01-30T21:08:52+00:00\" \/>\n<meta name=\"twitter:card\" content=\"summary_large_image\" \/>\n<meta name=\"twitter:label1\" content=\"Dur\u00e9e de lecture estim\u00e9e\" \/>\n\t<meta name=\"twitter:data1\" content=\"1 minute\" \/>\n<script type=\"application\/ld+json\" class=\"yoast-schema-graph\">{\"@context\":\"https:\/\/schema.org\",\"@graph\":[{\"@type\":\"WebPage\",\"@id\":\"https:\/\/www.regdata.ch\/fr\/produit_regdata_solution_logiciel_anonymisation_dynamique_donnees_rgdp\/\",\"url\":\"https:\/\/www.regdata.ch\/fr\/produit_regdata_solution_logiciel_anonymisation_dynamique_donnees_rgdp\/\",\"name\":\"REGDATA Protection Suite: logiciel anonymisation dynamique conformit\u00e9\",\"isPartOf\":{\"@id\":\"https:\/\/www.regdata.ch\/fr\/#website\"},\"datePublished\":\"2020-09-03T06:56:15+00:00\",\"dateModified\":\"2022-01-30T21:08:52+00:00\",\"description\":\"REGDATA Protection Suite: logiciel anonymisation dynamique conformit\u00e9 RGPD; LPD, CNIL, CCPA... D\u00e9bloquer la valeur de vos donn\u00e9es par nos API rest-Web Services.\",\"breadcrumb\":{\"@id\":\"https:\/\/www.regdata.ch\/fr\/produit_regdata_solution_logiciel_anonymisation_dynamique_donnees_rgdp\/#breadcrumb\"},\"inLanguage\":\"fr-FR\",\"potentialAction\":[{\"@type\":\"ReadAction\",\"target\":[\"https:\/\/www.regdata.ch\/fr\/produit_regdata_solution_logiciel_anonymisation_dynamique_donnees_rgdp\/\"]}]},{\"@type\":\"BreadcrumbList\",\"@id\":\"https:\/\/www.regdata.ch\/fr\/produit_regdata_solution_logiciel_anonymisation_dynamique_donnees_rgdp\/#breadcrumb\",\"itemListElement\":[{\"@type\":\"ListItem\",\"position\":1,\"name\":\"Accueil\",\"item\":\"https:\/\/www.regdata.ch\/fr\/\"},{\"@type\":\"ListItem\",\"position\":2,\"name\":\"Produit\"}]},{\"@type\":\"WebSite\",\"@id\":\"https:\/\/www.regdata.ch\/fr\/#website\",\"url\":\"https:\/\/www.regdata.ch\/fr\/\",\"name\":\"REGDATA\",\"description\":\"\",\"publisher\":{\"@id\":\"https:\/\/www.regdata.ch\/fr\/#organization\"},\"potentialAction\":[{\"@type\":\"SearchAction\",\"target\":{\"@type\":\"EntryPoint\",\"urlTemplate\":\"https:\/\/www.regdata.ch\/fr\/?s={search_term_string}\"},\"query-input\":\"required name=search_term_string\"}],\"inLanguage\":\"fr-FR\"},{\"@type\":\"Organization\",\"@id\":\"https:\/\/www.regdata.ch\/fr\/#organization\",\"name\":\"REGDATA SA\",\"url\":\"https:\/\/www.regdata.ch\/fr\/\",\"logo\":{\"@type\":\"ImageObject\",\"inLanguage\":\"fr-FR\",\"@id\":\"https:\/\/www.regdata.ch\/fr\/#\/schema\/logo\/image\/\",\"url\":\"https:\/\/www.regdata.ch\/wp-content\/uploads\/2020\/06\/favicon.png\",\"contentUrl\":\"https:\/\/www.regdata.ch\/wp-content\/uploads\/2020\/06\/favicon.png\",\"width\":71,\"height\":71,\"caption\":\"REGDATA SA\"},\"image\":{\"@id\":\"https:\/\/www.regdata.ch\/fr\/#\/schema\/logo\/image\/\"}}]}<\/script>\n<!-- \/ Yoast SEO plugin. -->","yoast_head_json":{"title":"REGDATA Protection Suite: logiciel anonymisation dynamique conformit\u00e9","description":"REGDATA Protection Suite: logiciel anonymisation dynamique conformit\u00e9 RGPD; LPD, CNIL, CCPA... D\u00e9bloquer la valeur de vos donn\u00e9es par nos API rest-Web Services.","robots":{"index":"index","follow":"follow","max-snippet":"max-snippet:-1","max-image-preview":"max-image-preview:large","max-video-preview":"max-video-preview:-1"},"canonical":"https:\/\/www.regdata.ch\/fr\/produit_regdata_solution_logiciel_anonymisation_dynamique_donnees_rgdp\/","og_locale":"fr_FR","og_type":"article","og_title":"REGDATA Protection Suite: logiciel anonymisation dynamique conformit\u00e9","og_description":"REGDATA Protection Suite: logiciel anonymisation dynamique conformit\u00e9 RGPD; LPD, CNIL, CCPA... D\u00e9bloquer la valeur de vos donn\u00e9es par nos API rest-Web Services.","og_url":"https:\/\/www.regdata.ch\/fr\/produit_regdata_solution_logiciel_anonymisation_dynamique_donnees_rgdp\/","og_site_name":"REGDATA","article_modified_time":"2022-01-30T21:08:52+00:00","twitter_card":"summary_large_image","twitter_misc":{"Dur\u00e9e de lecture estim\u00e9e":"1 minute"},"schema":{"@context":"https:\/\/schema.org","@graph":[{"@type":"WebPage","@id":"https:\/\/www.regdata.ch\/fr\/produit_regdata_solution_logiciel_anonymisation_dynamique_donnees_rgdp\/","url":"https:\/\/www.regdata.ch\/fr\/produit_regdata_solution_logiciel_anonymisation_dynamique_donnees_rgdp\/","name":"REGDATA Protection Suite: logiciel anonymisation dynamique conformit\u00e9","isPartOf":{"@id":"https:\/\/www.regdata.ch\/fr\/#website"},"datePublished":"2020-09-03T06:56:15+00:00","dateModified":"2022-01-30T21:08:52+00:00","description":"REGDATA Protection Suite: logiciel anonymisation dynamique conformit\u00e9 RGPD; LPD, CNIL, CCPA... D\u00e9bloquer la valeur de vos donn\u00e9es par nos API rest-Web Services.","breadcrumb":{"@id":"https:\/\/www.regdata.ch\/fr\/produit_regdata_solution_logiciel_anonymisation_dynamique_donnees_rgdp\/#breadcrumb"},"inLanguage":"fr-FR","potentialAction":[{"@type":"ReadAction","target":["https:\/\/www.regdata.ch\/fr\/produit_regdata_solution_logiciel_anonymisation_dynamique_donnees_rgdp\/"]}]},{"@type":"BreadcrumbList","@id":"https:\/\/www.regdata.ch\/fr\/produit_regdata_solution_logiciel_anonymisation_dynamique_donnees_rgdp\/#breadcrumb","itemListElement":[{"@type":"ListItem","position":1,"name":"Accueil","item":"https:\/\/www.regdata.ch\/fr\/"},{"@type":"ListItem","position":2,"name":"Produit"}]},{"@type":"WebSite","@id":"https:\/\/www.regdata.ch\/fr\/#website","url":"https:\/\/www.regdata.ch\/fr\/","name":"REGDATA","description":"","publisher":{"@id":"https:\/\/www.regdata.ch\/fr\/#organization"},"potentialAction":[{"@type":"SearchAction","target":{"@type":"EntryPoint","urlTemplate":"https:\/\/www.regdata.ch\/fr\/?s={search_term_string}"},"query-input":"required name=search_term_string"}],"inLanguage":"fr-FR"},{"@type":"Organization","@id":"https:\/\/www.regdata.ch\/fr\/#organization","name":"REGDATA SA","url":"https:\/\/www.regdata.ch\/fr\/","logo":{"@type":"ImageObject","inLanguage":"fr-FR","@id":"https:\/\/www.regdata.ch\/fr\/#\/schema\/logo\/image\/","url":"https:\/\/www.regdata.ch\/wp-content\/uploads\/2020\/06\/favicon.png","contentUrl":"https:\/\/www.regdata.ch\/wp-content\/uploads\/2020\/06\/favicon.png","width":71,"height":71,"caption":"REGDATA SA"},"image":{"@id":"https:\/\/www.regdata.ch\/fr\/#\/schema\/logo\/image\/"}}]}},"_links":{"self":[{"href":"https:\/\/www.regdata.ch\/fr\/wp-json\/wp\/v2\/pages\/1119","targetHints":{"allow":["GET"]}}],"collection":[{"href":"https:\/\/www.regdata.ch\/fr\/wp-json\/wp\/v2\/pages"}],"about":[{"href":"https:\/\/www.regdata.ch\/fr\/wp-json\/wp\/v2\/types\/page"}],"author":[{"embeddable":true,"href":"https:\/\/www.regdata.ch\/fr\/wp-json\/wp\/v2\/users\/1"}],"replies":[{"embeddable":true,"href":"https:\/\/www.regdata.ch\/fr\/wp-json\/wp\/v2\/comments?post=1119"}],"version-history":[{"count":44,"href":"https:\/\/www.regdata.ch\/fr\/wp-json\/wp\/v2\/pages\/1119\/revisions"}],"predecessor-version":[{"id":2579,"href":"https:\/\/www.regdata.ch\/fr\/wp-json\/wp\/v2\/pages\/1119\/revisions\/2579"}],"wp:attachment":[{"href":"https:\/\/www.regdata.ch\/fr\/wp-json\/wp\/v2\/media?parent=1119"}],"curies":[{"name":"wp","href":"https:\/\/api.w.org\/{rel}","templated":true}]}}