{"id":1662,"date":"2020-09-27T17:47:07","date_gmt":"2020-09-27T17:47:07","guid":{"rendered":"https:\/\/regdatadev.affinities.ch\/?page_id=1662"},"modified":"2022-01-28T17:24:00","modified_gmt":"2022-01-28T17:24:00","slug":"protection-contextuelle-et-dynamique","status":"publish","type":"page","link":"https:\/\/www.regdata.ch\/fr\/produit_regdata_solution_logiciel_anonymisation_dynamique_donnees_rgdp\/cas-dusage\/protection-contextuelle-et-dynamique\/","title":{"rendered":"Protection contextuelle et dynamique"},"content":{"rendered":"<h1><a href=\"\/fr\/produit\/cas-dusage#cas02\"><img decoding=\"async\"  class=\"alignnone\" src=\"\/wp-content\/uploads\/2020\/09\/fleche_retour.png\" alt=\"\" style=\"width:25px;\"  \/> <span style=\"font-size:0.7em;padding-left:5px\">retour<\/span><\/a><\/h1>\n<h1>Protection contextuelle et dynamique des applications en production <\/h1>\n<div>\n<ul>\n<li style=\"text-align: justify;\">RPS (RegData Protection Suite) prot\u00e8ge &gt; 5\u2019000 utilisateurs mondialement pour une application de Talent Management.<\/li>\n<\/ul>\n<\/div>\n<div>\n<ul>\n<li style=\"text-align: justify;\">RPS prot\u00e8ge une application digitale pour l\u2019audit de transport de mati\u00e8re sensible avec de multiples contextes de protection et d\u00e9protection des donn\u00e9es confidentielles li\u00e9s au processus m\u00e9tier.<\/li>\n<\/ul>\n<\/div>\n<hr>\n<div>\n<p style=\"text-align: justify;\">Prot\u00e9gez vos applications internes legacy, hybrid cloud, SaaS cloud de mani\u00e8re contextuelle et dynamique sans impact sur la performance et tout en pr\u00e9servant l\u2019usabilit\u00e9.<\/p>\n<p>Minimisez vos risques de fuite de donn\u00e9es via des administrateurs de base de donn\u00e9es, des super utilisateurs interne ou faisant partie de soci\u00e9t\u00e9 tierce (SaaS provider, Soci\u00e9t\u00e9 ICT).<\/p>\n<\/div>\n<div>\n<p><div class=\"eds-animate  \" data-eds-entry-animation=\"pop\" data-eds-entry-delay=\"0\" data-eds-entry-duration=\"0.3\" data-eds-entry-timing=\"linear\" data-eds-exit-animation=\"\" data-eds-exit-delay=\"\" data-eds-exit-duration=\"\" data-eds-exit-timing=\"\" data-eds-repeat-count=\"1\" data-eds-keep=\"no\" data-eds-animate-on=\"hover\" data-eds-scroll-offset=\"\"><a href=\"\/fr\/solutions\/mode\/\"><img loading=\"lazy\" decoding=\"async\" class=\"alignnone size-medium wp-image-312\" src=\"\/wp-content\/uploads\/2020\/06\/mode-promise-270x300.png\" alt=\"\" width=\"270\" height=\"300\" srcset=\"https:\/\/www.regdata.ch\/wp-content\/uploads\/2020\/06\/mode-promise-270x300.png 270w, https:\/\/www.regdata.ch\/wp-content\/uploads\/2020\/06\/mode-promise-768x854.png 768w, https:\/\/www.regdata.ch\/wp-content\/uploads\/2020\/06\/mode-promise.png 849w\" sizes=\"auto, (max-width: 270px) 100vw, 270px\" \/><\/a> <\/div><\/p>\n<\/div>\n<div>\n<p><div class=\"eds-animate  \" data-eds-entry-animation=\"pop\" data-eds-entry-delay=\"0\" data-eds-entry-duration=\"0.3\" data-eds-entry-timing=\"linear\" data-eds-exit-animation=\"\" data-eds-exit-delay=\"\" data-eds-exit-duration=\"\" data-eds-exit-timing=\"\" data-eds-repeat-count=\"1\" data-eds-keep=\"no\" data-eds-animate-on=\"hover\" data-eds-scroll-offset=\"\"><a href=\"\/fr\/solutions\/mode\/\"><img loading=\"lazy\" decoding=\"async\" class=\"alignnone size-medium wp-image-312\" src=\"\/wp-content\/uploads\/2020\/06\/mode-saas-270x300.png\" alt=\"\" width=\"270\" height=\"300\" \/><\/a> <\/div><\/p>\n<\/div>\n<p><!-- {\"name\":\"MODEL-DeTAIL-CAS-USAGE\",\"type\":\"layout\",\"children\":[{\"type\":\"section\",\"props\":{\"style\":\"default\",\"width\":\"\",\"vertical_align\":\"\",\"title_position\":\"top-left\",\"title_rotation\":\"left\",\"title_breakpoint\":\"xl\",\"image_position\":\"top-right\",\"width_expand\":\"right\",\"height\":\"full\",\"animation\":\"slide-left-small\",\"image\":\"wp-content\\\/uploads\\\/2020\\\/09\\\/HEXAGONE_005.png\",\"padding_remove_bottom\":true,\"animation_delay\":true,\"image_width\":\"700\",\"header_transparent_noplaceholder\":false,\"css\":\".el-section img {\\nwidth:60%;}\"},\"children\":[{\"type\":\"row\",\"props\":{\"layout\":\"large,expand\",\"width\":\"default\"},\"children\":[{\"type\":\"column\",\"props\":{\"image_position\":\"center-center\",\"media_overlay_gradient\":\"\",\"width_large\":\"2xlarge\"},\"children\":[{\"type\":\"headline\",\"props\":{\"title_element\":\"h1\",\"title_style\":\"heading-small\",\"title_color\":\"primary\",\"margin\":\"medium\",\"content\":\"<img  class=\\\"alignnone\\\" src=\\\"\\\/wp-content\\\/uploads\\\/2020\\\/09\\\/fleche_retour.png\\\" alt=\\\"\\\" style=\\\"width:25px;\\\"  \\\/> <span style=\\\"font-size:0.7em;padding-left:5px\\\">retour<\\\/span>\",\"link\":\"fr\\\/produit\\\/cas-dusage#cas02\"}},{\"type\":\"headline\",\"props\":{\"title_element\":\"h1\",\"title_style\":\"heading-large\",\"content\":\"Protection contextuelle et dynamique des applications en production \",\"margin_remove_top\":true}},{\"type\":\"headline\",\"props\":{\"title_element\":\"div\",\"title_style\":\"heading-small\",\"title_color\":\"primary\",\"margin\":\"remove-vertical\",\"content\":\"\n\n<ul>\\n\n\n<li style=\\\"text-align: justify;\\\">RPS (RegData Protection Suite) prot\\u00e8ge &gt; 5\\u2019000 utilisateurs mondialement pour une application de Talent Management.<\\\/li>\\n<\\\/ul>\"}},{\"type\":\"headline\",\"props\":{\"title_element\":\"div\",\"title_style\":\"heading-small\",\"title_color\":\"primary\",\"margin\":\"small\",\"content\":\"\n\n<ul>\\n\n\n<li style=\\\"text-align: justify;\\\">RPS prot\\u00e8ge une application digitale pour l\\u2019audit de transport de mati\\u00e8re sensible avec de multiples contextes de protection et d\\u00e9protection des donn\\u00e9es confidentielles li\\u00e9s au processus m\\u00e9tier.<\\\/li>\\n<\\\/ul>\",\"margin_remove_top\":false,\"margin_remove_bottom\":false}},{\"type\":\"divider\",\"props\":{\"divider_element\":\"hr\",\"divider_style\":\"\",\"divider_align\":\"\",\"divider_align_breakpoint\":\"\",\"divider_align_fallback\":\"\"}},{\"type\":\"text\",\"props\":{\"margin\":\"default\",\"column_breakpoint\":\"m\",\"text_size\":\"large\",\"maxwidth\":\"xlarge\",\"content\":\"\n\n<p style=\\\"text-align: justify;\\\">Prot\\u00e9gez vos applications internes legacy, hybrid cloud, SaaS cloud de mani\\u00e8re contextuelle et dynamique sans impact sur la performance et tout en pr\\u00e9servant l\\u2019usabilit\\u00e9.<br \\\/><br \\\/>Minimisez vos risques de fuite de donn\\u00e9es via des administrateurs de base de donn\\u00e9es, des super utilisateurs interne ou faisant partie de soci\\u00e9t\\u00e9 tierce (SaaS provider, Soci\\u00e9t\\u00e9 ICT).<\\\/p>\"}}]},{\"type\":\"column\",\"props\":{\"image_position\":\"center-center\",\"media_overlay_gradient\":\"\",\"width_large\":\"expand\"},\"children\":[{\"type\":\"text\",\"props\":{\"margin\":\"default\",\"column_breakpoint\":\"m\",\"text_align\":\"center\",\"content\":\"\n\n<p>[edsanimate_start entry_animation_type= \\\"pop\\\" entry_delay= \\\"0\\\" entry_duration= \\\"0.3\\\" entry_timing= \\\"linear\\\" exit_animation_type= \\\"\\\" exit_delay= \\\"\\\" exit_duration= \\\"\\\" exit_timing= \\\"\\\" animation_repeat= \\\"1\\\" keep= \\\"no\\\" animate_on= \\\"hover\\\" scroll_offset= \\\"\\\" custom_css_class= \\\"\\\"]<a href=\\\"\\\/fr\\\/solutions\\\/mode\\\/\\\"><img class=\\\"alignnone size-medium wp-image-312\\\" src=\\\"\\\/wp-content\\\/uploads\\\/2020\\\/06\\\/mode-promise-270x300.png\\\" alt=\\\"\\\" width=\\\"270\\\" height=\\\"300\\\" \\\/><\\\/a> [edsanimate_end]<\\\/p>\"}},{\"type\":\"text\",\"props\":{\"margin\":\"default\",\"column_breakpoint\":\"m\",\"text_align\":\"center\",\"content\":\"\n\n<p>[edsanimate_start entry_animation_type= \\\"pop\\\" entry_delay= \\\"0\\\" entry_duration= \\\"0.3\\\" entry_timing= \\\"linear\\\" exit_animation_type= \\\"\\\" exit_delay= \\\"\\\" exit_duration= \\\"\\\" exit_timing= \\\"\\\" animation_repeat= \\\"1\\\" keep= \\\"no\\\" animate_on= \\\"hover\\\" scroll_offset= \\\"\\\" custom_css_class= \\\"\\\"]<a href=\\\"\\\/fr\\\/solutions\\\/mode\\\/\\\"><img class=\\\"alignnone size-medium wp-image-312\\\" src=\\\"\\\/wp-content\\\/uploads\\\/2020\\\/06\\\/mode-saas-270x300.png\\\" alt=\\\"\\\" width=\\\"270\\\" height=\\\"300\\\" \\\/><\\\/a> [edsanimate_end]<\\\/p>\"}}]}]}],\"name\":\"Hero\"},{\"type\":\"section\",\"props\":{\"style\":\"default\",\"width\":\"default\",\"vertical_align\":\"middle\",\"title_position\":\"top-left\",\"title_rotation\":\"left\",\"title_breakpoint\":\"xl\",\"image_position\":\"center-center\"},\"children\":[{\"type\":\"row\",\"children\":[{\"type\":\"column\",\"props\":{\"image_position\":\"center-center\",\"media_overlay_gradient\":\"\",\"width_medium\":\"1-1\"},\"children\":[]}]}]}],\"version\":\"2.2.5\"} --><\/p>\n","protected":false},"excerpt":{"rendered":"<p>retour Protection contextuelle et dynamique des applications en production RPS (RegData Protection Suite) prot\u00e8ge &gt; 5\u2019000 utilisateurs mondialement pour une application de Talent Management. RPS prot\u00e8ge une application digitale pour l\u2019audit de transport de mati\u00e8re sensible avec de multiples contextes de protection et d\u00e9protection des donn\u00e9es confidentielles li\u00e9s au processus m\u00e9tier. Prot\u00e9gez vos applications internes [&hellip;]<\/p>\n","protected":false},"author":1,"featured_media":0,"parent":900,"menu_order":0,"comment_status":"closed","ping_status":"closed","template":"","meta":{"footnotes":""},"class_list":["post-1662","page","type-page","status-publish","hentry"],"yoast_head":"<!-- This site is optimized with the Yoast SEO plugin v21.5 - https:\/\/yoast.com\/wordpress\/plugins\/seo\/ -->\n<title>Protection contextuelle et dynamique - REGDATA<\/title>\n<meta name=\"robots\" content=\"index, follow, max-snippet:-1, max-image-preview:large, max-video-preview:-1\" \/>\n<link rel=\"canonical\" href=\"https:\/\/www.regdata.ch\/fr\/produit_regdata_solution_logiciel_anonymisation_dynamique_donnees_rgdp\/cas-dusage\/protection-contextuelle-et-dynamique\/\" \/>\n<meta property=\"og:locale\" content=\"fr_FR\" \/>\n<meta property=\"og:type\" content=\"article\" \/>\n<meta property=\"og:title\" content=\"Protection contextuelle et dynamique - REGDATA\" \/>\n<meta property=\"og:description\" content=\"retour Protection contextuelle et dynamique des applications en production RPS (RegData Protection Suite) prot\u00e8ge &gt; 5\u2019000 utilisateurs mondialement pour une application de Talent Management. RPS prot\u00e8ge une application digitale pour l\u2019audit de transport de mati\u00e8re sensible avec de multiples contextes de protection et d\u00e9protection des donn\u00e9es confidentielles li\u00e9s au processus m\u00e9tier. Prot\u00e9gez vos applications internes [&hellip;]\" \/>\n<meta property=\"og:url\" content=\"https:\/\/www.regdata.ch\/fr\/produit_regdata_solution_logiciel_anonymisation_dynamique_donnees_rgdp\/cas-dusage\/protection-contextuelle-et-dynamique\/\" \/>\n<meta property=\"og:site_name\" content=\"REGDATA\" \/>\n<meta property=\"article:modified_time\" content=\"2022-01-28T17:24:00+00:00\" \/>\n<meta name=\"twitter:card\" content=\"summary_large_image\" \/>\n<meta name=\"twitter:label1\" content=\"Dur\u00e9e de lecture estim\u00e9e\" \/>\n\t<meta name=\"twitter:data1\" content=\"1 minute\" \/>\n<script type=\"application\/ld+json\" class=\"yoast-schema-graph\">{\"@context\":\"https:\/\/schema.org\",\"@graph\":[{\"@type\":\"WebPage\",\"@id\":\"https:\/\/www.regdata.ch\/fr\/produit_regdata_solution_logiciel_anonymisation_dynamique_donnees_rgdp\/cas-dusage\/protection-contextuelle-et-dynamique\/\",\"url\":\"https:\/\/www.regdata.ch\/fr\/produit_regdata_solution_logiciel_anonymisation_dynamique_donnees_rgdp\/cas-dusage\/protection-contextuelle-et-dynamique\/\",\"name\":\"Protection contextuelle et dynamique - REGDATA\",\"isPartOf\":{\"@id\":\"https:\/\/www.regdata.ch\/fr\/#website\"},\"datePublished\":\"2020-09-27T17:47:07+00:00\",\"dateModified\":\"2022-01-28T17:24:00+00:00\",\"breadcrumb\":{\"@id\":\"https:\/\/www.regdata.ch\/fr\/produit_regdata_solution_logiciel_anonymisation_dynamique_donnees_rgdp\/cas-dusage\/protection-contextuelle-et-dynamique\/#breadcrumb\"},\"inLanguage\":\"fr-FR\",\"potentialAction\":[{\"@type\":\"ReadAction\",\"target\":[\"https:\/\/www.regdata.ch\/fr\/produit_regdata_solution_logiciel_anonymisation_dynamique_donnees_rgdp\/cas-dusage\/protection-contextuelle-et-dynamique\/\"]}]},{\"@type\":\"BreadcrumbList\",\"@id\":\"https:\/\/www.regdata.ch\/fr\/produit_regdata_solution_logiciel_anonymisation_dynamique_donnees_rgdp\/cas-dusage\/protection-contextuelle-et-dynamique\/#breadcrumb\",\"itemListElement\":[{\"@type\":\"ListItem\",\"position\":1,\"name\":\"Accueil\",\"item\":\"https:\/\/www.regdata.ch\/fr\/\"},{\"@type\":\"ListItem\",\"position\":2,\"name\":\"Produit\",\"item\":\"https:\/\/www.regdata.ch\/fr\/produit_regdata_solution_logiciel_anonymisation_dynamique_donnees_rgdp\/\"},{\"@type\":\"ListItem\",\"position\":3,\"name\":\"Cas d&rsquo;usage\",\"item\":\"https:\/\/www.regdata.ch\/fr\/produit_regdata_solution_logiciel_anonymisation_dynamique_donnees_rgdp\/cas-dusage\/\"},{\"@type\":\"ListItem\",\"position\":4,\"name\":\"Protection contextuelle et dynamique\"}]},{\"@type\":\"WebSite\",\"@id\":\"https:\/\/www.regdata.ch\/fr\/#website\",\"url\":\"https:\/\/www.regdata.ch\/fr\/\",\"name\":\"REGDATA\",\"description\":\"\",\"publisher\":{\"@id\":\"https:\/\/www.regdata.ch\/fr\/#organization\"},\"potentialAction\":[{\"@type\":\"SearchAction\",\"target\":{\"@type\":\"EntryPoint\",\"urlTemplate\":\"https:\/\/www.regdata.ch\/fr\/?s={search_term_string}\"},\"query-input\":\"required name=search_term_string\"}],\"inLanguage\":\"fr-FR\"},{\"@type\":\"Organization\",\"@id\":\"https:\/\/www.regdata.ch\/fr\/#organization\",\"name\":\"REGDATA SA\",\"url\":\"https:\/\/www.regdata.ch\/fr\/\",\"logo\":{\"@type\":\"ImageObject\",\"inLanguage\":\"fr-FR\",\"@id\":\"https:\/\/www.regdata.ch\/fr\/#\/schema\/logo\/image\/\",\"url\":\"https:\/\/www.regdata.ch\/wp-content\/uploads\/2020\/06\/favicon.png\",\"contentUrl\":\"https:\/\/www.regdata.ch\/wp-content\/uploads\/2020\/06\/favicon.png\",\"width\":71,\"height\":71,\"caption\":\"REGDATA SA\"},\"image\":{\"@id\":\"https:\/\/www.regdata.ch\/fr\/#\/schema\/logo\/image\/\"}}]}<\/script>\n<!-- \/ Yoast SEO plugin. -->","yoast_head_json":{"title":"Protection contextuelle et dynamique - REGDATA","robots":{"index":"index","follow":"follow","max-snippet":"max-snippet:-1","max-image-preview":"max-image-preview:large","max-video-preview":"max-video-preview:-1"},"canonical":"https:\/\/www.regdata.ch\/fr\/produit_regdata_solution_logiciel_anonymisation_dynamique_donnees_rgdp\/cas-dusage\/protection-contextuelle-et-dynamique\/","og_locale":"fr_FR","og_type":"article","og_title":"Protection contextuelle et dynamique - REGDATA","og_description":"retour Protection contextuelle et dynamique des applications en production RPS (RegData Protection Suite) prot\u00e8ge &gt; 5\u2019000 utilisateurs mondialement pour une application de Talent Management. RPS prot\u00e8ge une application digitale pour l\u2019audit de transport de mati\u00e8re sensible avec de multiples contextes de protection et d\u00e9protection des donn\u00e9es confidentielles li\u00e9s au processus m\u00e9tier. Prot\u00e9gez vos applications internes [&hellip;]","og_url":"https:\/\/www.regdata.ch\/fr\/produit_regdata_solution_logiciel_anonymisation_dynamique_donnees_rgdp\/cas-dusage\/protection-contextuelle-et-dynamique\/","og_site_name":"REGDATA","article_modified_time":"2022-01-28T17:24:00+00:00","twitter_card":"summary_large_image","twitter_misc":{"Dur\u00e9e de lecture estim\u00e9e":"1 minute"},"schema":{"@context":"https:\/\/schema.org","@graph":[{"@type":"WebPage","@id":"https:\/\/www.regdata.ch\/fr\/produit_regdata_solution_logiciel_anonymisation_dynamique_donnees_rgdp\/cas-dusage\/protection-contextuelle-et-dynamique\/","url":"https:\/\/www.regdata.ch\/fr\/produit_regdata_solution_logiciel_anonymisation_dynamique_donnees_rgdp\/cas-dusage\/protection-contextuelle-et-dynamique\/","name":"Protection contextuelle et dynamique - REGDATA","isPartOf":{"@id":"https:\/\/www.regdata.ch\/fr\/#website"},"datePublished":"2020-09-27T17:47:07+00:00","dateModified":"2022-01-28T17:24:00+00:00","breadcrumb":{"@id":"https:\/\/www.regdata.ch\/fr\/produit_regdata_solution_logiciel_anonymisation_dynamique_donnees_rgdp\/cas-dusage\/protection-contextuelle-et-dynamique\/#breadcrumb"},"inLanguage":"fr-FR","potentialAction":[{"@type":"ReadAction","target":["https:\/\/www.regdata.ch\/fr\/produit_regdata_solution_logiciel_anonymisation_dynamique_donnees_rgdp\/cas-dusage\/protection-contextuelle-et-dynamique\/"]}]},{"@type":"BreadcrumbList","@id":"https:\/\/www.regdata.ch\/fr\/produit_regdata_solution_logiciel_anonymisation_dynamique_donnees_rgdp\/cas-dusage\/protection-contextuelle-et-dynamique\/#breadcrumb","itemListElement":[{"@type":"ListItem","position":1,"name":"Accueil","item":"https:\/\/www.regdata.ch\/fr\/"},{"@type":"ListItem","position":2,"name":"Produit","item":"https:\/\/www.regdata.ch\/fr\/produit_regdata_solution_logiciel_anonymisation_dynamique_donnees_rgdp\/"},{"@type":"ListItem","position":3,"name":"Cas d&rsquo;usage","item":"https:\/\/www.regdata.ch\/fr\/produit_regdata_solution_logiciel_anonymisation_dynamique_donnees_rgdp\/cas-dusage\/"},{"@type":"ListItem","position":4,"name":"Protection contextuelle et dynamique"}]},{"@type":"WebSite","@id":"https:\/\/www.regdata.ch\/fr\/#website","url":"https:\/\/www.regdata.ch\/fr\/","name":"REGDATA","description":"","publisher":{"@id":"https:\/\/www.regdata.ch\/fr\/#organization"},"potentialAction":[{"@type":"SearchAction","target":{"@type":"EntryPoint","urlTemplate":"https:\/\/www.regdata.ch\/fr\/?s={search_term_string}"},"query-input":"required name=search_term_string"}],"inLanguage":"fr-FR"},{"@type":"Organization","@id":"https:\/\/www.regdata.ch\/fr\/#organization","name":"REGDATA SA","url":"https:\/\/www.regdata.ch\/fr\/","logo":{"@type":"ImageObject","inLanguage":"fr-FR","@id":"https:\/\/www.regdata.ch\/fr\/#\/schema\/logo\/image\/","url":"https:\/\/www.regdata.ch\/wp-content\/uploads\/2020\/06\/favicon.png","contentUrl":"https:\/\/www.regdata.ch\/wp-content\/uploads\/2020\/06\/favicon.png","width":71,"height":71,"caption":"REGDATA SA"},"image":{"@id":"https:\/\/www.regdata.ch\/fr\/#\/schema\/logo\/image\/"}}]}},"_links":{"self":[{"href":"https:\/\/www.regdata.ch\/fr\/wp-json\/wp\/v2\/pages\/1662","targetHints":{"allow":["GET"]}}],"collection":[{"href":"https:\/\/www.regdata.ch\/fr\/wp-json\/wp\/v2\/pages"}],"about":[{"href":"https:\/\/www.regdata.ch\/fr\/wp-json\/wp\/v2\/types\/page"}],"author":[{"embeddable":true,"href":"https:\/\/www.regdata.ch\/fr\/wp-json\/wp\/v2\/users\/1"}],"replies":[{"embeddable":true,"href":"https:\/\/www.regdata.ch\/fr\/wp-json\/wp\/v2\/comments?post=1662"}],"version-history":[{"count":9,"href":"https:\/\/www.regdata.ch\/fr\/wp-json\/wp\/v2\/pages\/1662\/revisions"}],"predecessor-version":[{"id":2551,"href":"https:\/\/www.regdata.ch\/fr\/wp-json\/wp\/v2\/pages\/1662\/revisions\/2551"}],"up":[{"embeddable":true,"href":"https:\/\/www.regdata.ch\/fr\/wp-json\/wp\/v2\/pages\/900"}],"wp:attachment":[{"href":"https:\/\/www.regdata.ch\/fr\/wp-json\/wp\/v2\/media?parent=1662"}],"curies":[{"name":"wp","href":"https:\/\/api.w.org\/{rel}","templated":true}]}}