{"id":1676,"date":"2020-09-27T17:55:52","date_gmt":"2020-09-27T17:55:52","guid":{"rendered":"https:\/\/regdatadev.affinities.ch\/?page_id=1676"},"modified":"2022-01-28T17:26:13","modified_gmt":"2022-01-28T17:26:13","slug":"protection-pour-des-analyses-profondes-de-vos-donnees","status":"publish","type":"page","link":"https:\/\/www.regdata.ch\/fr\/produit_regdata_solution_logiciel_anonymisation_dynamique_donnees_rgdp\/cas-dusage\/protection-pour-des-analyses-profondes-de-vos-donnees\/","title":{"rendered":"Protection pour des analyses profondes de vos donn\u00e9es"},"content":{"rendered":"<h1><a href=\"\/fr\/produit\/cas-dusage#cas05\"><img decoding=\"async\"  class=\"alignnone\" src=\"\/wp-content\/uploads\/2020\/09\/fleche_retour.png\" alt=\"\" style=\"width:25px;\"  \/> <span style=\"font-size:0.7em;padding-left:5px\">retour<\/span><\/a><\/h1>\n<h1>Protection pour des analyses<br \/>profondes de vos donn\u00e9es<\/h1>\n<div>\n<ul>\n<li style=\"text-align: justify;\">RPS (RegData Protection Suite) prot\u00e8ge une application confidentielle qui permet de pr\u00e9voir le planning de production de mani\u00e8re tr\u00e8s fine pour l\u2019ensemble de la soci\u00e9t\u00e9 en lien avec le pipeline de ventes.<\/li>\n<\/ul>\n<\/div>\n<div>\n<ul>\n<li style=\"text-align: justify;\">Cette protection particuli\u00e8re permet des calculs sur les donn\u00e9es qui restent exactes et compr\u00e9hensibles sans jamais pouvoir les relier \u00e0 des attributs confidentiels.<\/li>\n<\/ul>\n<\/div>\n<hr>\n<div>\n<p style=\"text-align: justify;\">Acc\u00e9dez \u00e0 des analyses profondes de vos donn\u00e9es (Machine learning-AI, Big Data analytiques) en masse, de mani\u00e8re s\u00e9curis\u00e9e et conforme aux r\u00e9gulations en vigueur.<\/p>\n<\/div>\n<div>\n<p><div class=\"eds-animate  \" data-eds-entry-animation=\"pop\" data-eds-entry-delay=\"0\" data-eds-entry-duration=\"0.3\" data-eds-entry-timing=\"linear\" data-eds-exit-animation=\"\" data-eds-exit-delay=\"\" data-eds-exit-duration=\"\" data-eds-exit-timing=\"\" data-eds-repeat-count=\"1\" data-eds-keep=\"no\" data-eds-animate-on=\"hover\" data-eds-scroll-offset=\"\"><a href=\"\/fr\/solutions\/mode\/\"><img loading=\"lazy\" decoding=\"async\" class=\"alignnone size-medium wp-image-312\" src=\"\/wp-content\/uploads\/2020\/06\/mode-promise-270x300.png\" alt=\"\" width=\"270\" height=\"300\" srcset=\"https:\/\/www.regdata.ch\/wp-content\/uploads\/2020\/06\/mode-promise-270x300.png 270w, https:\/\/www.regdata.ch\/wp-content\/uploads\/2020\/06\/mode-promise-768x854.png 768w, https:\/\/www.regdata.ch\/wp-content\/uploads\/2020\/06\/mode-promise.png 849w\" sizes=\"auto, (max-width: 270px) 100vw, 270px\" \/><\/a> <\/div><\/p>\n<\/div>\n<div>\n<p><div class=\"eds-animate  \" data-eds-entry-animation=\"pop\" data-eds-entry-delay=\"0\" data-eds-entry-duration=\"0.3\" data-eds-entry-timing=\"linear\" data-eds-exit-animation=\"\" data-eds-exit-delay=\"\" data-eds-exit-duration=\"\" data-eds-exit-timing=\"\" data-eds-repeat-count=\"1\" data-eds-keep=\"no\" data-eds-animate-on=\"hover\" data-eds-scroll-offset=\"\"><a href=\"\/fr\/solutions\/mode\/\"><img loading=\"lazy\" decoding=\"async\" class=\"alignnone size-medium wp-image-312\" src=\"\/wp-content\/uploads\/2020\/06\/mode-saas-270x300.png\" alt=\"\" width=\"270\" height=\"300\" \/><\/a> <\/div><\/p>\n<\/div>\n<p><!-- {\"name\":\"MODEL-DeTAIL-CAS-USAGE\",\"type\":\"layout\",\"children\":[{\"type\":\"section\",\"props\":{\"style\":\"default\",\"width\":\"\",\"vertical_align\":\"\",\"title_position\":\"top-left\",\"title_rotation\":\"left\",\"title_breakpoint\":\"xl\",\"image_position\":\"top-right\",\"width_expand\":\"right\",\"height\":\"full\",\"animation\":\"slide-left-small\",\"image\":\"wp-content\\\/uploads\\\/2020\\\/09\\\/HEXAGONE_005.png\",\"padding_remove_bottom\":true,\"animation_delay\":true,\"image_width\":\"700\",\"header_transparent_noplaceholder\":false,\"css\":\".el-section img {\\nwidth:60%;}\"},\"children\":[{\"type\":\"row\",\"props\":{\"layout\":\"large,expand\",\"width\":\"default\"},\"children\":[{\"type\":\"column\",\"props\":{\"image_position\":\"center-center\",\"media_overlay_gradient\":\"\",\"width_large\":\"2xlarge\"},\"children\":[{\"type\":\"headline\",\"props\":{\"title_element\":\"h1\",\"title_style\":\"heading-small\",\"title_color\":\"primary\",\"margin\":\"medium\",\"content\":\"<img  class=\\\"alignnone\\\" src=\\\"\\\/wp-content\\\/uploads\\\/2020\\\/09\\\/fleche_retour.png\\\" alt=\\\"\\\" style=\\\"width:25px;\\\"  \\\/> <span style=\\\"font-size:0.7em;padding-left:5px\\\">retour<\\\/span>\",\"link\":\"fr\\\/produit\\\/cas-dusage#cas05\"}},{\"type\":\"headline\",\"props\":{\"title_element\":\"h1\",\"title_style\":\"heading-large\",\"content\":\"Protection pour des analyses<br \/>profondes de vos donn\\u00e9es\",\"margin_remove_top\":true}},{\"type\":\"headline\",\"props\":{\"title_element\":\"div\",\"title_style\":\"heading-small\",\"title_color\":\"primary\",\"margin\":\"remove-vertical\",\"content\":\"\n\n<ul>\\n\n\n<li style=\\\"text-align: justify;\\\">RPS (RegData Protection Suite) prot\\u00e8ge une application confidentielle qui permet de pr\\u00e9voir le planning de production de mani\\u00e8re tr\\u00e8s fine pour l\\u2019ensemble de la soci\\u00e9t\\u00e9 en lien avec le pipeline de ventes.<\\\/li>\\n<\\\/ul>\"}},{\"type\":\"headline\",\"props\":{\"title_element\":\"div\",\"title_style\":\"heading-small\",\"title_color\":\"primary\",\"margin\":\"small\",\"content\":\"\n\n<ul>\\n\n\n<li style=\\\"text-align: justify;\\\">Cette protection particuli\\u00e8re permet des calculs sur les donn\\u00e9es qui restent exactes et compr\\u00e9hensibles sans jamais pouvoir les relier \\u00e0 des attributs confidentiels.<\\\/li>\\n<\\\/ul>\",\"margin_remove_top\":false,\"margin_remove_bottom\":false}},{\"type\":\"divider\",\"props\":{\"divider_element\":\"hr\",\"divider_style\":\"\",\"divider_align\":\"\",\"divider_align_breakpoint\":\"\",\"divider_align_fallback\":\"\"}},{\"type\":\"text\",\"props\":{\"margin\":\"default\",\"column_breakpoint\":\"m\",\"text_size\":\"large\",\"maxwidth\":\"xlarge\",\"content\":\"\n\n<p style=\\\"text-align: justify;\\\">Acc\\u00e9dez \\u00e0 des analyses profondes de vos donn\\u00e9es (Machine learning-AI, Big Data analytiques) en masse, de mani\\u00e8re s\\u00e9curis\\u00e9e et conforme aux r\\u00e9gulations en vigueur.<\\\/p>\"}}]},{\"type\":\"column\",\"props\":{\"image_position\":\"center-center\",\"media_overlay_gradient\":\"\",\"width_large\":\"expand\"},\"children\":[{\"type\":\"text\",\"props\":{\"margin\":\"default\",\"column_breakpoint\":\"m\",\"text_align\":\"center\",\"content\":\"\n\n<p>[edsanimate_start entry_animation_type= \\\"pop\\\" entry_delay= \\\"0\\\" entry_duration= \\\"0.3\\\" entry_timing= \\\"linear\\\" exit_animation_type= \\\"\\\" exit_delay= \\\"\\\" exit_duration= \\\"\\\" exit_timing= \\\"\\\" animation_repeat= \\\"1\\\" keep= \\\"no\\\" animate_on= \\\"hover\\\" scroll_offset= \\\"\\\" custom_css_class= \\\"\\\"]<a href=\\\"\\\/fr\\\/solutions\\\/mode\\\/\\\"><img class=\\\"alignnone size-medium wp-image-312\\\" src=\\\"\\\/wp-content\\\/uploads\\\/2020\\\/06\\\/mode-promise-270x300.png\\\" alt=\\\"\\\" width=\\\"270\\\" height=\\\"300\\\" \\\/><\\\/a> [edsanimate_end]<\\\/p>\"}},{\"type\":\"text\",\"props\":{\"margin\":\"default\",\"column_breakpoint\":\"m\",\"text_align\":\"center\",\"content\":\"\n\n<p>[edsanimate_start entry_animation_type= \\\"pop\\\" entry_delay= \\\"0\\\" entry_duration= \\\"0.3\\\" entry_timing= \\\"linear\\\" exit_animation_type= \\\"\\\" exit_delay= \\\"\\\" exit_duration= \\\"\\\" exit_timing= \\\"\\\" animation_repeat= \\\"1\\\" keep= \\\"no\\\" animate_on= \\\"hover\\\" scroll_offset= \\\"\\\" custom_css_class= \\\"\\\"]<a href=\\\"\\\/fr\\\/solutions\\\/mode\\\/\\\"><img class=\\\"alignnone size-medium wp-image-312\\\" src=\\\"\\\/wp-content\\\/uploads\\\/2020\\\/06\\\/mode-saas-270x300.png\\\" alt=\\\"\\\" width=\\\"270\\\" height=\\\"300\\\" \\\/><\\\/a> [edsanimate_end]<\\\/p>\"}}]}]}],\"name\":\"Hero\"},{\"type\":\"section\",\"props\":{\"style\":\"default\",\"width\":\"default\",\"vertical_align\":\"middle\",\"title_position\":\"top-left\",\"title_rotation\":\"left\",\"title_breakpoint\":\"xl\",\"image_position\":\"center-center\"},\"children\":[{\"type\":\"row\",\"children\":[{\"type\":\"column\",\"props\":{\"image_position\":\"center-center\",\"media_overlay_gradient\":\"\",\"width_medium\":\"1-1\"},\"children\":[]}]}]}],\"version\":\"2.2.5\"} --><\/p>\n","protected":false},"excerpt":{"rendered":"<p>retour Protection pour des analysesprofondes de vos donn\u00e9es RPS (RegData Protection Suite) prot\u00e8ge une application confidentielle qui permet de pr\u00e9voir le planning de production de mani\u00e8re tr\u00e8s fine pour l\u2019ensemble de la soci\u00e9t\u00e9 en lien avec le pipeline de ventes. Cette protection particuli\u00e8re permet des calculs sur les donn\u00e9es qui restent exactes et compr\u00e9hensibles sans [&hellip;]<\/p>\n","protected":false},"author":1,"featured_media":0,"parent":900,"menu_order":0,"comment_status":"closed","ping_status":"closed","template":"","meta":{"footnotes":""},"class_list":["post-1676","page","type-page","status-publish","hentry"],"yoast_head":"<!-- This site is optimized with the Yoast SEO plugin v21.5 - https:\/\/yoast.com\/wordpress\/plugins\/seo\/ -->\n<title>Protection pour des analyses profondes de vos donn\u00e9es - REGDATA<\/title>\n<meta name=\"robots\" content=\"index, follow, max-snippet:-1, max-image-preview:large, max-video-preview:-1\" \/>\n<link rel=\"canonical\" href=\"https:\/\/www.regdata.ch\/fr\/produit_regdata_solution_logiciel_anonymisation_dynamique_donnees_rgdp\/cas-dusage\/protection-pour-des-analyses-profondes-de-vos-donnees\/\" \/>\n<meta property=\"og:locale\" content=\"fr_FR\" \/>\n<meta property=\"og:type\" content=\"article\" \/>\n<meta property=\"og:title\" content=\"Protection pour des analyses profondes de vos donn\u00e9es - REGDATA\" \/>\n<meta property=\"og:description\" content=\"retour Protection pour des analysesprofondes de vos donn\u00e9es RPS (RegData Protection Suite) prot\u00e8ge une application confidentielle qui permet de pr\u00e9voir le planning de production de mani\u00e8re tr\u00e8s fine pour l\u2019ensemble de la soci\u00e9t\u00e9 en lien avec le pipeline de ventes. Cette protection particuli\u00e8re permet des calculs sur les donn\u00e9es qui restent exactes et compr\u00e9hensibles sans [&hellip;]\" \/>\n<meta property=\"og:url\" content=\"https:\/\/www.regdata.ch\/fr\/produit_regdata_solution_logiciel_anonymisation_dynamique_donnees_rgdp\/cas-dusage\/protection-pour-des-analyses-profondes-de-vos-donnees\/\" \/>\n<meta property=\"og:site_name\" content=\"REGDATA\" \/>\n<meta property=\"article:modified_time\" content=\"2022-01-28T17:26:13+00:00\" \/>\n<meta name=\"twitter:card\" content=\"summary_large_image\" \/>\n<meta name=\"twitter:label1\" content=\"Dur\u00e9e de lecture estim\u00e9e\" \/>\n\t<meta name=\"twitter:data1\" content=\"1 minute\" \/>\n<script type=\"application\/ld+json\" class=\"yoast-schema-graph\">{\"@context\":\"https:\/\/schema.org\",\"@graph\":[{\"@type\":\"WebPage\",\"@id\":\"https:\/\/www.regdata.ch\/fr\/produit_regdata_solution_logiciel_anonymisation_dynamique_donnees_rgdp\/cas-dusage\/protection-pour-des-analyses-profondes-de-vos-donnees\/\",\"url\":\"https:\/\/www.regdata.ch\/fr\/produit_regdata_solution_logiciel_anonymisation_dynamique_donnees_rgdp\/cas-dusage\/protection-pour-des-analyses-profondes-de-vos-donnees\/\",\"name\":\"Protection pour des analyses profondes de vos donn\u00e9es - REGDATA\",\"isPartOf\":{\"@id\":\"https:\/\/www.regdata.ch\/fr\/#website\"},\"datePublished\":\"2020-09-27T17:55:52+00:00\",\"dateModified\":\"2022-01-28T17:26:13+00:00\",\"breadcrumb\":{\"@id\":\"https:\/\/www.regdata.ch\/fr\/produit_regdata_solution_logiciel_anonymisation_dynamique_donnees_rgdp\/cas-dusage\/protection-pour-des-analyses-profondes-de-vos-donnees\/#breadcrumb\"},\"inLanguage\":\"fr-FR\",\"potentialAction\":[{\"@type\":\"ReadAction\",\"target\":[\"https:\/\/www.regdata.ch\/fr\/produit_regdata_solution_logiciel_anonymisation_dynamique_donnees_rgdp\/cas-dusage\/protection-pour-des-analyses-profondes-de-vos-donnees\/\"]}]},{\"@type\":\"BreadcrumbList\",\"@id\":\"https:\/\/www.regdata.ch\/fr\/produit_regdata_solution_logiciel_anonymisation_dynamique_donnees_rgdp\/cas-dusage\/protection-pour-des-analyses-profondes-de-vos-donnees\/#breadcrumb\",\"itemListElement\":[{\"@type\":\"ListItem\",\"position\":1,\"name\":\"Accueil\",\"item\":\"https:\/\/www.regdata.ch\/fr\/\"},{\"@type\":\"ListItem\",\"position\":2,\"name\":\"Produit\",\"item\":\"https:\/\/www.regdata.ch\/fr\/produit_regdata_solution_logiciel_anonymisation_dynamique_donnees_rgdp\/\"},{\"@type\":\"ListItem\",\"position\":3,\"name\":\"Cas d&rsquo;usage\",\"item\":\"https:\/\/www.regdata.ch\/fr\/produit_regdata_solution_logiciel_anonymisation_dynamique_donnees_rgdp\/cas-dusage\/\"},{\"@type\":\"ListItem\",\"position\":4,\"name\":\"Protection pour des analyses profondes de vos donn\u00e9es\"}]},{\"@type\":\"WebSite\",\"@id\":\"https:\/\/www.regdata.ch\/fr\/#website\",\"url\":\"https:\/\/www.regdata.ch\/fr\/\",\"name\":\"REGDATA\",\"description\":\"\",\"publisher\":{\"@id\":\"https:\/\/www.regdata.ch\/fr\/#organization\"},\"potentialAction\":[{\"@type\":\"SearchAction\",\"target\":{\"@type\":\"EntryPoint\",\"urlTemplate\":\"https:\/\/www.regdata.ch\/fr\/?s={search_term_string}\"},\"query-input\":\"required name=search_term_string\"}],\"inLanguage\":\"fr-FR\"},{\"@type\":\"Organization\",\"@id\":\"https:\/\/www.regdata.ch\/fr\/#organization\",\"name\":\"REGDATA SA\",\"url\":\"https:\/\/www.regdata.ch\/fr\/\",\"logo\":{\"@type\":\"ImageObject\",\"inLanguage\":\"fr-FR\",\"@id\":\"https:\/\/www.regdata.ch\/fr\/#\/schema\/logo\/image\/\",\"url\":\"https:\/\/www.regdata.ch\/wp-content\/uploads\/2020\/06\/favicon.png\",\"contentUrl\":\"https:\/\/www.regdata.ch\/wp-content\/uploads\/2020\/06\/favicon.png\",\"width\":71,\"height\":71,\"caption\":\"REGDATA SA\"},\"image\":{\"@id\":\"https:\/\/www.regdata.ch\/fr\/#\/schema\/logo\/image\/\"}}]}<\/script>\n<!-- \/ Yoast SEO plugin. -->","yoast_head_json":{"title":"Protection pour des analyses profondes de vos donn\u00e9es - REGDATA","robots":{"index":"index","follow":"follow","max-snippet":"max-snippet:-1","max-image-preview":"max-image-preview:large","max-video-preview":"max-video-preview:-1"},"canonical":"https:\/\/www.regdata.ch\/fr\/produit_regdata_solution_logiciel_anonymisation_dynamique_donnees_rgdp\/cas-dusage\/protection-pour-des-analyses-profondes-de-vos-donnees\/","og_locale":"fr_FR","og_type":"article","og_title":"Protection pour des analyses profondes de vos donn\u00e9es - REGDATA","og_description":"retour Protection pour des analysesprofondes de vos donn\u00e9es RPS (RegData Protection Suite) prot\u00e8ge une application confidentielle qui permet de pr\u00e9voir le planning de production de mani\u00e8re tr\u00e8s fine pour l\u2019ensemble de la soci\u00e9t\u00e9 en lien avec le pipeline de ventes. Cette protection particuli\u00e8re permet des calculs sur les donn\u00e9es qui restent exactes et compr\u00e9hensibles sans [&hellip;]","og_url":"https:\/\/www.regdata.ch\/fr\/produit_regdata_solution_logiciel_anonymisation_dynamique_donnees_rgdp\/cas-dusage\/protection-pour-des-analyses-profondes-de-vos-donnees\/","og_site_name":"REGDATA","article_modified_time":"2022-01-28T17:26:13+00:00","twitter_card":"summary_large_image","twitter_misc":{"Dur\u00e9e de lecture estim\u00e9e":"1 minute"},"schema":{"@context":"https:\/\/schema.org","@graph":[{"@type":"WebPage","@id":"https:\/\/www.regdata.ch\/fr\/produit_regdata_solution_logiciel_anonymisation_dynamique_donnees_rgdp\/cas-dusage\/protection-pour-des-analyses-profondes-de-vos-donnees\/","url":"https:\/\/www.regdata.ch\/fr\/produit_regdata_solution_logiciel_anonymisation_dynamique_donnees_rgdp\/cas-dusage\/protection-pour-des-analyses-profondes-de-vos-donnees\/","name":"Protection pour des analyses profondes de vos donn\u00e9es - REGDATA","isPartOf":{"@id":"https:\/\/www.regdata.ch\/fr\/#website"},"datePublished":"2020-09-27T17:55:52+00:00","dateModified":"2022-01-28T17:26:13+00:00","breadcrumb":{"@id":"https:\/\/www.regdata.ch\/fr\/produit_regdata_solution_logiciel_anonymisation_dynamique_donnees_rgdp\/cas-dusage\/protection-pour-des-analyses-profondes-de-vos-donnees\/#breadcrumb"},"inLanguage":"fr-FR","potentialAction":[{"@type":"ReadAction","target":["https:\/\/www.regdata.ch\/fr\/produit_regdata_solution_logiciel_anonymisation_dynamique_donnees_rgdp\/cas-dusage\/protection-pour-des-analyses-profondes-de-vos-donnees\/"]}]},{"@type":"BreadcrumbList","@id":"https:\/\/www.regdata.ch\/fr\/produit_regdata_solution_logiciel_anonymisation_dynamique_donnees_rgdp\/cas-dusage\/protection-pour-des-analyses-profondes-de-vos-donnees\/#breadcrumb","itemListElement":[{"@type":"ListItem","position":1,"name":"Accueil","item":"https:\/\/www.regdata.ch\/fr\/"},{"@type":"ListItem","position":2,"name":"Produit","item":"https:\/\/www.regdata.ch\/fr\/produit_regdata_solution_logiciel_anonymisation_dynamique_donnees_rgdp\/"},{"@type":"ListItem","position":3,"name":"Cas d&rsquo;usage","item":"https:\/\/www.regdata.ch\/fr\/produit_regdata_solution_logiciel_anonymisation_dynamique_donnees_rgdp\/cas-dusage\/"},{"@type":"ListItem","position":4,"name":"Protection pour des analyses profondes de vos donn\u00e9es"}]},{"@type":"WebSite","@id":"https:\/\/www.regdata.ch\/fr\/#website","url":"https:\/\/www.regdata.ch\/fr\/","name":"REGDATA","description":"","publisher":{"@id":"https:\/\/www.regdata.ch\/fr\/#organization"},"potentialAction":[{"@type":"SearchAction","target":{"@type":"EntryPoint","urlTemplate":"https:\/\/www.regdata.ch\/fr\/?s={search_term_string}"},"query-input":"required name=search_term_string"}],"inLanguage":"fr-FR"},{"@type":"Organization","@id":"https:\/\/www.regdata.ch\/fr\/#organization","name":"REGDATA SA","url":"https:\/\/www.regdata.ch\/fr\/","logo":{"@type":"ImageObject","inLanguage":"fr-FR","@id":"https:\/\/www.regdata.ch\/fr\/#\/schema\/logo\/image\/","url":"https:\/\/www.regdata.ch\/wp-content\/uploads\/2020\/06\/favicon.png","contentUrl":"https:\/\/www.regdata.ch\/wp-content\/uploads\/2020\/06\/favicon.png","width":71,"height":71,"caption":"REGDATA SA"},"image":{"@id":"https:\/\/www.regdata.ch\/fr\/#\/schema\/logo\/image\/"}}]}},"_links":{"self":[{"href":"https:\/\/www.regdata.ch\/fr\/wp-json\/wp\/v2\/pages\/1676","targetHints":{"allow":["GET"]}}],"collection":[{"href":"https:\/\/www.regdata.ch\/fr\/wp-json\/wp\/v2\/pages"}],"about":[{"href":"https:\/\/www.regdata.ch\/fr\/wp-json\/wp\/v2\/types\/page"}],"author":[{"embeddable":true,"href":"https:\/\/www.regdata.ch\/fr\/wp-json\/wp\/v2\/users\/1"}],"replies":[{"embeddable":true,"href":"https:\/\/www.regdata.ch\/fr\/wp-json\/wp\/v2\/comments?post=1676"}],"version-history":[{"count":8,"href":"https:\/\/www.regdata.ch\/fr\/wp-json\/wp\/v2\/pages\/1676\/revisions"}],"predecessor-version":[{"id":2555,"href":"https:\/\/www.regdata.ch\/fr\/wp-json\/wp\/v2\/pages\/1676\/revisions\/2555"}],"up":[{"embeddable":true,"href":"https:\/\/www.regdata.ch\/fr\/wp-json\/wp\/v2\/pages\/900"}],"wp:attachment":[{"href":"https:\/\/www.regdata.ch\/fr\/wp-json\/wp\/v2\/media?parent=1676"}],"curies":[{"name":"wp","href":"https:\/\/api.w.org\/{rel}","templated":true}]}}