{"id":184,"date":"2020-06-10T11:10:48","date_gmt":"2020-06-10T11:10:48","guid":{"rendered":"https:\/\/regdatadev.affinities.ch\/?page_id=184"},"modified":"2022-01-28T17:15:08","modified_gmt":"2022-01-28T17:15:08","slug":"protection_donnees_conformite_cycle_vie_information_valorisation","status":"publish","type":"page","link":"https:\/\/www.regdata.ch\/fr\/produit_regdata_solution_logiciel_anonymisation_dynamique_donnees_rgdp\/protection_donnees_conformite_cycle_vie_information_valorisation\/","title":{"rendered":"Type de services"},"content":{"rendered":"<p><img decoding=\"async\" src=\"\/wp-content\/uploads\/2020\/06\/Hexagone_003-modifie.png\" alt=\"\"><\/p>\n<div><a href=\"#\">RPS offre 4 <span class=\"uk-text-primary\">services<\/span> essentiels:<br \/><\/a><\/div>\n<div>\n<h2>Data Protection<\/h2>\n<p>01<\/p>\n<div>\n<div style=\"min-height: 170px; text-align: justify;\">Prot\u00e9ger de mani\u00e8re statique et\/ou dynamique les donn\u00e9es confidentielles clients, via l\u2019ensemble de nos librairies de protection: Anonymization, pseudonymization, encryption, tokenization.<\/div>\n<\/div>\n<p><a href=\"\/fr\/solutions\/data-protection\">En savoir plus<\/a><\/p>\n<\/div>\n<div>\n<h2>Data Compliance<\/h2>\n<p>02<\/p>\n<div>\n<div style=\"min-height: 170px; text-align: justify;\">Le challenge est de fournir des rapports de securit\u00e9 et de compliance de mani\u00e8re automatique, en temps r\u00e9el et auditable. Ces rapports jouent le role d\u2019\u00e9vidence ou tous les \u00e9v\u00e8nements de protection et de deprotection, leurs contextes associ\u00e9s, sont logg\u00e9s, horodot\u00e9s de mani\u00e8re s\u00e9curis\u00e9e.<\/div>\n<\/div>\n<p><a href=\"\/fr\/solutions\/data-compliance\">En savoir plus<\/a><\/p>\n<\/div>\n<div>\n<h2>Data Value<\/h2>\n<p>03<\/p>\n<div>\n<div style=\"min-height: 140px; text-align: justify;\">Au del\u00e0 de la protection initiale et des rapports de s\u00e9curit\u00e9 et de compliance, notre solution vous permet d\u2019analyser les donn\u00e9es personnelles sensibles et\/ou confidentielles de mani\u00e8re l\u00e9gale (RGPD) et s\u00e9curis\u00e9e.<\/div>\n<\/div>\n<p><a href=\"\/fr\/solutions\/data-value\">En savoir plus<\/a><\/p>\n<\/div>\n<div>\n<h2>Data Life Cycle<\/h2>\n<p>04<\/p>\n<div>\n<div style=\"min-height: 140px; text-align: justify;\">La protection des donn\u00e9es ne s\u2019arr\u00eate pas aux donn\u00e9es en production. Elle s\u2019applique \u00e9galement aux donn\u00e9es sauvegard\u00e9es, archiv\u00e9es et d\u00e9truites.<\/div>\n<\/div>\n<p><a href=\"\/fr\/solutions\/data-life-cycle\">En savoir plus<\/a><\/p>\n<\/div>\n<hr>\n<h2><a href=\"\/fr\/essai-gratuit\">demander <br class=\"uk-visible@s\" \/><span class=\"uk-text-primary\">un essai gratuit&nbsp;&nbsp; <img decoding=\"async\" class=\"alignnone size-full wp-image-123\" src=\"\/wp-content\/uploads\/2020\/06\/goto_try_it.png\" alt=\"\" width=\"80\" \/><\/span><\/a><\/h2>\n<hr>\n<p><!-- {\"name\":\"Services\",\"type\":\"layout\",\"children\":[{\"type\":\"section\",\"props\":{\"style\":\"default\",\"width\":\"\",\"vertical_align\":\"middle\",\"title_position\":\"top-left\",\"title_rotation\":\"left\",\"title_breakpoint\":\"xl\",\"image_position\":\"center-left\",\"width_expand\":\"left\",\"height\":\"full\",\"padding\":\"large\",\"animation\":\"slide-left-medium\",\"image\":\"\",\"image_size\":\"contain\",\"padding_remove_bottom\":false,\"padding_remove_top\":true,\"animation_delay\":true},\"children\":[{\"type\":\"row\",\"props\":{\"layout\":\"1-3,2-3\",\"width_expand\":\"left\",\"height\":\"full\",\"column_gap\":\"collapse\"},\"children\":[{\"type\":\"column\",\"props\":{\"image_position\":\"center-left\",\"media_overlay_gradient\":\"\",\"vertical_align\":\"middle\",\"image\":\"\",\"image_size\":\"contain\",\"width_medium\":\"1-3\"},\"children\":[{\"type\":\"image\",\"props\":{\"margin\":\"default\",\"image_svg_color\":\"emphasis\",\"image\":\"wp-content\\\/uploads\\\/2020\\\/06\\\/Hexagone_003-modifie.png\"}}]},{\"type\":\"column\",\"props\":{\"image_position\":\"center-center\",\"media_overlay_gradient\":\"\",\"vertical_align\":\"middle\",\"width_medium\":\"2-3\"},\"children\":[{\"type\":\"headline\",\"props\":{\"title_element\":\"div\",\"title_style\":\"heading-2xlarge\",\"margin\":\"default\",\"maxwidth\":\"2xlarge\",\"animation\":\"slide-bottom-medium\",\"content\":\"RPS offre 4 <span class=\\\"uk-text-primary\\\">services<\\\/span> essentiels:<br \\\/>\",\"parallax_viewport\":\"0.25\",\"parallax_y_start\":\"4vh\",\"link\":\"#\",\"css\":\".el-element {padding:0;line-height:1.2em}\"}}]}]}],\"name\":\"Accueil\"},{\"type\":\"section\",\"props\":{\"style\":\"default\",\"width\":\"default\",\"vertical_align\":\"middle\",\"title_position\":\"top-left\",\"title_rotation\":\"left\",\"title_breakpoint\":\"xl\",\"image_position\":\"center-center\",\"animation\":\"fade\",\"padding_remove_top\":true,\"animation_delay\":true,\"id\":\"services\"},\"children\":[{\"type\":\"row\",\"props\":{\"layout\":\"1-2,1-2\",\"match\":true,\"divider\":false},\"children\":[{\"type\":\"column\",\"props\":{\"image_position\":\"center-center\",\"media_overlay_gradient\":\"\",\"width_medium\":\"1-2\"},\"children\":[{\"type\":\"panel\",\"props\":{\"link_text\":\"En savoir plus\",\"title_hover_style\":\"reset\",\"title_element\":\"h2\",\"title_align\":\"top\",\"title_grid_width\":\"1-2\",\"meta_style\":\"heading-2xlarge\",\"meta_align\":\"above-title\",\"image_align\":\"top\",\"image_grid_width\":\"1-2\",\"image_svg_color\":\"emphasis\",\"link_style\":\"text\",\"margin\":\"default\",\"panel_style\":\"card-default\",\"title_style\":\"heading-xlarge\",\"meta_color\":\"primary\",\"content_margin\":\"medium\",\"link_margin\":\"large\",\"maxwidth\":\"large\",\"meta\":\"01\",\"title\":\"Data Protection\",\"content\":\"\n\n<div style=\\\"min-height: 170px; text-align: justify;\\\">Prot\\u00e9ger de mani\\u00e8re statique et\\\/ou dynamique les donn\\u00e9es confidentielles clients, via l\\u2019ensemble de nos librairies de protection: Anonymization, pseudonymization, encryption, tokenization.<\\\/div>\",\"link\":\"fr\\\/solutions\\\/data-protection\\\/\",\"parallax_breakpoint\":\"m\",\"title_grid_breakpoint\":\"m\",\"image_grid_breakpoint\":\"m\",\"css\":\".el-meta {text-decoration:underline;text-underline-position: under;}\",\"id\":\"s01\",\"panel_link\":true,\"icon_width\":80,\"meta_element\":\"div\",\"content_column_breakpoint\":\"m\"}}]},{\"type\":\"column\",\"props\":{\"image_position\":\"center-center\",\"media_overlay_gradient\":\"\",\"width_medium\":\"1-2\"},\"children\":[{\"type\":\"panel\",\"props\":{\"link_text\":\"En savoir plus\",\"title_hover_style\":\"reset\",\"title_element\":\"h2\",\"title_align\":\"top\",\"title_grid_width\":\"1-2\",\"meta_style\":\"heading-2xlarge\",\"meta_align\":\"above-title\",\"image_align\":\"top\",\"image_grid_width\":\"1-2\",\"image_svg_color\":\"emphasis\",\"link_style\":\"text\",\"margin\":\"default\",\"panel_style\":\"card-default\",\"title_style\":\"heading-xlarge\",\"meta_color\":\"primary\",\"content_margin\":\"medium\",\"link_margin\":\"large\",\"maxwidth\":\"large\",\"text_align\":\"left\",\"meta\":\"02\",\"title\":\"Data Compliance\",\"content\":\"\n\n<div style=\\\"min-height: 170px; text-align: justify;\\\">Le challenge est de fournir des rapports de securit\\u00e9 et de compliance de mani\\u00e8re automatique, en temps r\\u00e9el et auditable. Ces rapports jouent le role d\\u2019\\u00e9vidence ou tous les \\u00e9v\\u00e8nements de protection et de deprotection, leurs contextes associ\\u00e9s, sont logg\\u00e9s, horodot\\u00e9s de mani\\u00e8re s\\u00e9curis\\u00e9e.<\\\/div>\",\"link\":\"fr\\\/solutions\\\/data-compliance\\\/\",\"parallax_breakpoint\":\"m\",\"title_grid_breakpoint\":\"m\",\"image_grid_breakpoint\":\"m\",\"css\":\".el-meta {text-decoration:underline;text-underline-position: under;}\",\"id\":\"s02\",\"panel_link\":true,\"icon_width\":80,\"meta_element\":\"div\",\"content_column_breakpoint\":\"m\"}}]}]},{\"type\":\"row\",\"props\":{\"layout\":\"1-2,1-2\",\"match\":true},\"children\":[{\"type\":\"column\",\"props\":{\"image_position\":\"center-center\",\"media_overlay_gradient\":\"\",\"width_medium\":\"1-2\"},\"children\":[{\"type\":\"panel\",\"props\":{\"link_text\":\"En savoir plus\",\"title_hover_style\":\"reset\",\"title_element\":\"h2\",\"title_align\":\"top\",\"title_grid_width\":\"1-2\",\"meta_style\":\"heading-2xlarge\",\"meta_align\":\"above-title\",\"image_align\":\"top\",\"image_grid_width\":\"1-2\",\"image_svg_color\":\"emphasis\",\"link_style\":\"text\",\"margin\":\"default\",\"panel_style\":\"card-default\",\"title_style\":\"heading-xlarge\",\"meta_color\":\"primary\",\"content_margin\":\"medium\",\"link_margin\":\"large\",\"maxwidth\":\"large\",\"meta\":\"03\",\"title\":\"Data Value\",\"content\":\"\n\n<div style=\\\"min-height: 140px; text-align: justify;\\\">Au del\\u00e0 de la protection initiale et des rapports de s\\u00e9curit\\u00e9 et de compliance, notre solution vous permet d\\u2019analyser les donn\\u00e9es personnelles sensibles et\\\/ou confidentielles de mani\\u00e8re l\\u00e9gale (RGPD) et s\\u00e9curis\\u00e9e.<\\\/div>\",\"link\":\"fr\\\/solutions\\\/data-value\\\/\",\"parallax_breakpoint\":\"m\",\"title_grid_breakpoint\":\"m\",\"image_grid_breakpoint\":\"m\",\"css\":\".el-meta {text-decoration:underline;text-underline-position: under;}\",\"id\":\"s03\",\"panel_link\":true,\"icon_width\":80,\"meta_element\":\"div\",\"content_column_breakpoint\":\"m\"}}]},{\"type\":\"column\",\"props\":{\"image_position\":\"center-center\",\"media_overlay_gradient\":\"\",\"width_medium\":\"1-2\"},\"children\":[{\"type\":\"panel\",\"props\":{\"link_text\":\"En savoir plus\",\"title_hover_style\":\"reset\",\"title_element\":\"h2\",\"title_align\":\"top\",\"title_grid_width\":\"1-2\",\"meta_style\":\"heading-2xlarge\",\"meta_align\":\"above-title\",\"image_align\":\"top\",\"image_grid_width\":\"1-2\",\"image_svg_color\":\"emphasis\",\"link_style\":\"text\",\"margin\":\"default\",\"panel_style\":\"card-default\",\"title_style\":\"heading-xlarge\",\"meta_color\":\"primary\",\"content_margin\":\"medium\",\"link_margin\":\"large\",\"maxwidth\":\"large\",\"text_align\":\"left\",\"meta\":\"04\",\"title\":\"Data Life Cycle\",\"content\":\"\n\n<div style=\\\"min-height: 140px; text-align: justify;\\\">La protection des donn\\u00e9es ne s\\u2019arr\\u00eate pas aux donn\\u00e9es en production. Elle s\\u2019applique \\u00e9galement aux donn\\u00e9es sauvegard\\u00e9es, archiv\\u00e9es et d\\u00e9truites.<\\\/div>\",\"link\":\"fr\\\/solutions\\\/data-life-cycle\\\/\",\"parallax_breakpoint\":\"m\",\"title_grid_breakpoint\":\"m\",\"image_grid_breakpoint\":\"m\",\"css\":\".el-meta {text-decoration:underline;text-underline-position: under;}\",\"id\":\"s04\",\"panel_link\":true,\"icon_width\":80,\"meta_element\":\"div\",\"content_column_breakpoint\":\"m\"}}]}]}]},{\"type\":\"section\",\"props\":{\"style\":\"default\",\"width\":\"default\",\"vertical_align\":\"middle\",\"title_position\":\"top-left\",\"title_rotation\":\"left\",\"title_breakpoint\":\"xl\",\"image_position\":\"center-center\",\"padding_remove_top\":false},\"children\":[{\"type\":\"row\",\"props\":{\"layout\":\"expand,large\",\"margin\":\"medium\"},\"children\":[{\"type\":\"column\",\"props\":{\"image_position\":\"center-center\",\"media_overlay_gradient\":\"\",\"width_small\":\"expand\"},\"children\":[]},{\"type\":\"column\",\"props\":{\"image_position\":\"center-center\",\"media_overlay_gradient\":\"\",\"vertical_align\":\"bottom\",\"width_small\":\"large\"},\"children\":[{\"type\":\"divider\",\"props\":{\"divider_element\":\"hr\",\"divider_style\":\"\",\"divider_align\":\"\",\"divider_align_breakpoint\":\"\",\"divider_align_fallback\":\"\"}},{\"type\":\"headline\",\"props\":{\"title_element\":\"h2\",\"title_style\":\"heading-large\",\"content\":\"demander <br class=\\\"uk-visible@s\\\" \\\/><span class=\\\"uk-text-primary\\\">un essai gratuit&nbsp;&nbsp; <img class=\\\"alignnone size-full wp-image-123\\\" src=\\\"\\\/wp-content\\\/uploads\\\/2020\\\/06\\\/goto_try_it.png\\\" alt=\\\"\\\" width=\\\"80\\\" \\\/><\\\/span>\",\"link\":\"fr\\\/essai-gratuit\\\/\",\"link_style\":false,\"link_target\":false}},{\"type\":\"divider\",\"props\":{\"divider_element\":\"hr\",\"divider_style\":\"\",\"divider_align\":\"\",\"divider_align_breakpoint\":\"\",\"divider_align_fallback\":\"\"}}]}]}],\"name\":\"lets go essai\"}],\"version\":\"2.2.5\"} --><\/p>\n","protected":false},"excerpt":{"rendered":"<p>RPS offre 4 services essentiels: Data Protection 01 Prot\u00e9ger de mani\u00e8re statique et\/ou dynamique les donn\u00e9es confidentielles clients, via l\u2019ensemble de nos librairies de protection: Anonymization, pseudonymization, encryption, tokenization. En savoir plus Data Compliance 02 Le challenge est de fournir des rapports de securit\u00e9 et de compliance de mani\u00e8re automatique, en temps r\u00e9el et auditable. [&hellip;]<\/p>\n","protected":false},"author":1,"featured_media":0,"parent":1119,"menu_order":0,"comment_status":"closed","ping_status":"closed","template":"","meta":{"footnotes":""},"class_list":["post-184","page","type-page","status-publish","hentry"],"yoast_head":"<!-- This site is optimized with the Yoast SEO plugin v21.5 - https:\/\/yoast.com\/wordpress\/plugins\/seo\/ -->\n<title>REGDATA: Protection des donn\u00e9es, conformit\u00e9 du cycle de vie information<\/title>\n<meta name=\"description\" content=\"Prot\u00e9ger statiquement ou dynamiquement vos donn\u00e9es confidentielle via nos librairies de protection : anonymisation, pseudonymisation, encryption, &amp; tokenisation.\" \/>\n<meta name=\"robots\" content=\"index, follow, max-snippet:-1, max-image-preview:large, max-video-preview:-1\" \/>\n<link rel=\"canonical\" href=\"https:\/\/www.regdata.ch\/fr\/produit_regdata_solution_logiciel_anonymisation_dynamique_donnees_rgdp\/protection_donnees_conformite_cycle_vie_information_valorisation\/\" \/>\n<meta property=\"og:locale\" content=\"fr_FR\" \/>\n<meta property=\"og:type\" content=\"article\" \/>\n<meta property=\"og:title\" content=\"REGDATA: Protection des donn\u00e9es, conformit\u00e9 du cycle de vie information\" \/>\n<meta property=\"og:description\" content=\"Prot\u00e9ger statiquement ou dynamiquement vos donn\u00e9es confidentielle via nos librairies de protection : anonymisation, pseudonymisation, encryption, &amp; tokenisation.\" \/>\n<meta property=\"og:url\" content=\"https:\/\/www.regdata.ch\/fr\/produit_regdata_solution_logiciel_anonymisation_dynamique_donnees_rgdp\/protection_donnees_conformite_cycle_vie_information_valorisation\/\" \/>\n<meta property=\"og:site_name\" content=\"REGDATA\" \/>\n<meta property=\"article:modified_time\" content=\"2022-01-28T17:15:08+00:00\" \/>\n<meta name=\"twitter:card\" content=\"summary_large_image\" \/>\n<meta name=\"twitter:label1\" content=\"Dur\u00e9e de lecture estim\u00e9e\" \/>\n\t<meta name=\"twitter:data1\" content=\"1 minute\" \/>\n<script type=\"application\/ld+json\" class=\"yoast-schema-graph\">{\"@context\":\"https:\/\/schema.org\",\"@graph\":[{\"@type\":\"WebPage\",\"@id\":\"https:\/\/www.regdata.ch\/fr\/produit_regdata_solution_logiciel_anonymisation_dynamique_donnees_rgdp\/protection_donnees_conformite_cycle_vie_information_valorisation\/\",\"url\":\"https:\/\/www.regdata.ch\/fr\/produit_regdata_solution_logiciel_anonymisation_dynamique_donnees_rgdp\/protection_donnees_conformite_cycle_vie_information_valorisation\/\",\"name\":\"REGDATA: Protection des donn\u00e9es, conformit\u00e9 du cycle de vie information\",\"isPartOf\":{\"@id\":\"https:\/\/www.regdata.ch\/fr\/#website\"},\"datePublished\":\"2020-06-10T11:10:48+00:00\",\"dateModified\":\"2022-01-28T17:15:08+00:00\",\"description\":\"Prot\u00e9ger statiquement ou dynamiquement vos donn\u00e9es confidentielle via nos librairies de protection : anonymisation, pseudonymisation, encryption, & tokenisation.\",\"breadcrumb\":{\"@id\":\"https:\/\/www.regdata.ch\/fr\/produit_regdata_solution_logiciel_anonymisation_dynamique_donnees_rgdp\/protection_donnees_conformite_cycle_vie_information_valorisation\/#breadcrumb\"},\"inLanguage\":\"fr-FR\",\"potentialAction\":[{\"@type\":\"ReadAction\",\"target\":[\"https:\/\/www.regdata.ch\/fr\/produit_regdata_solution_logiciel_anonymisation_dynamique_donnees_rgdp\/protection_donnees_conformite_cycle_vie_information_valorisation\/\"]}]},{\"@type\":\"BreadcrumbList\",\"@id\":\"https:\/\/www.regdata.ch\/fr\/produit_regdata_solution_logiciel_anonymisation_dynamique_donnees_rgdp\/protection_donnees_conformite_cycle_vie_information_valorisation\/#breadcrumb\",\"itemListElement\":[{\"@type\":\"ListItem\",\"position\":1,\"name\":\"Accueil\",\"item\":\"https:\/\/www.regdata.ch\/fr\/\"},{\"@type\":\"ListItem\",\"position\":2,\"name\":\"Produit\",\"item\":\"https:\/\/www.regdata.ch\/fr\/produit_regdata_solution_logiciel_anonymisation_dynamique_donnees_rgdp\/\"},{\"@type\":\"ListItem\",\"position\":3,\"name\":\"Type de services\"}]},{\"@type\":\"WebSite\",\"@id\":\"https:\/\/www.regdata.ch\/fr\/#website\",\"url\":\"https:\/\/www.regdata.ch\/fr\/\",\"name\":\"REGDATA\",\"description\":\"\",\"publisher\":{\"@id\":\"https:\/\/www.regdata.ch\/fr\/#organization\"},\"potentialAction\":[{\"@type\":\"SearchAction\",\"target\":{\"@type\":\"EntryPoint\",\"urlTemplate\":\"https:\/\/www.regdata.ch\/fr\/?s={search_term_string}\"},\"query-input\":\"required name=search_term_string\"}],\"inLanguage\":\"fr-FR\"},{\"@type\":\"Organization\",\"@id\":\"https:\/\/www.regdata.ch\/fr\/#organization\",\"name\":\"REGDATA SA\",\"url\":\"https:\/\/www.regdata.ch\/fr\/\",\"logo\":{\"@type\":\"ImageObject\",\"inLanguage\":\"fr-FR\",\"@id\":\"https:\/\/www.regdata.ch\/fr\/#\/schema\/logo\/image\/\",\"url\":\"https:\/\/www.regdata.ch\/wp-content\/uploads\/2020\/06\/favicon.png\",\"contentUrl\":\"https:\/\/www.regdata.ch\/wp-content\/uploads\/2020\/06\/favicon.png\",\"width\":71,\"height\":71,\"caption\":\"REGDATA SA\"},\"image\":{\"@id\":\"https:\/\/www.regdata.ch\/fr\/#\/schema\/logo\/image\/\"}}]}<\/script>\n<!-- \/ Yoast SEO plugin. -->","yoast_head_json":{"title":"REGDATA: Protection des donn\u00e9es, conformit\u00e9 du cycle de vie information","description":"Prot\u00e9ger statiquement ou dynamiquement vos donn\u00e9es confidentielle via nos librairies de protection : anonymisation, pseudonymisation, encryption, & tokenisation.","robots":{"index":"index","follow":"follow","max-snippet":"max-snippet:-1","max-image-preview":"max-image-preview:large","max-video-preview":"max-video-preview:-1"},"canonical":"https:\/\/www.regdata.ch\/fr\/produit_regdata_solution_logiciel_anonymisation_dynamique_donnees_rgdp\/protection_donnees_conformite_cycle_vie_information_valorisation\/","og_locale":"fr_FR","og_type":"article","og_title":"REGDATA: Protection des donn\u00e9es, conformit\u00e9 du cycle de vie information","og_description":"Prot\u00e9ger statiquement ou dynamiquement vos donn\u00e9es confidentielle via nos librairies de protection : anonymisation, pseudonymisation, encryption, & tokenisation.","og_url":"https:\/\/www.regdata.ch\/fr\/produit_regdata_solution_logiciel_anonymisation_dynamique_donnees_rgdp\/protection_donnees_conformite_cycle_vie_information_valorisation\/","og_site_name":"REGDATA","article_modified_time":"2022-01-28T17:15:08+00:00","twitter_card":"summary_large_image","twitter_misc":{"Dur\u00e9e de lecture estim\u00e9e":"1 minute"},"schema":{"@context":"https:\/\/schema.org","@graph":[{"@type":"WebPage","@id":"https:\/\/www.regdata.ch\/fr\/produit_regdata_solution_logiciel_anonymisation_dynamique_donnees_rgdp\/protection_donnees_conformite_cycle_vie_information_valorisation\/","url":"https:\/\/www.regdata.ch\/fr\/produit_regdata_solution_logiciel_anonymisation_dynamique_donnees_rgdp\/protection_donnees_conformite_cycle_vie_information_valorisation\/","name":"REGDATA: Protection des donn\u00e9es, conformit\u00e9 du cycle de vie information","isPartOf":{"@id":"https:\/\/www.regdata.ch\/fr\/#website"},"datePublished":"2020-06-10T11:10:48+00:00","dateModified":"2022-01-28T17:15:08+00:00","description":"Prot\u00e9ger statiquement ou dynamiquement vos donn\u00e9es confidentielle via nos librairies de protection : anonymisation, pseudonymisation, encryption, & tokenisation.","breadcrumb":{"@id":"https:\/\/www.regdata.ch\/fr\/produit_regdata_solution_logiciel_anonymisation_dynamique_donnees_rgdp\/protection_donnees_conformite_cycle_vie_information_valorisation\/#breadcrumb"},"inLanguage":"fr-FR","potentialAction":[{"@type":"ReadAction","target":["https:\/\/www.regdata.ch\/fr\/produit_regdata_solution_logiciel_anonymisation_dynamique_donnees_rgdp\/protection_donnees_conformite_cycle_vie_information_valorisation\/"]}]},{"@type":"BreadcrumbList","@id":"https:\/\/www.regdata.ch\/fr\/produit_regdata_solution_logiciel_anonymisation_dynamique_donnees_rgdp\/protection_donnees_conformite_cycle_vie_information_valorisation\/#breadcrumb","itemListElement":[{"@type":"ListItem","position":1,"name":"Accueil","item":"https:\/\/www.regdata.ch\/fr\/"},{"@type":"ListItem","position":2,"name":"Produit","item":"https:\/\/www.regdata.ch\/fr\/produit_regdata_solution_logiciel_anonymisation_dynamique_donnees_rgdp\/"},{"@type":"ListItem","position":3,"name":"Type de services"}]},{"@type":"WebSite","@id":"https:\/\/www.regdata.ch\/fr\/#website","url":"https:\/\/www.regdata.ch\/fr\/","name":"REGDATA","description":"","publisher":{"@id":"https:\/\/www.regdata.ch\/fr\/#organization"},"potentialAction":[{"@type":"SearchAction","target":{"@type":"EntryPoint","urlTemplate":"https:\/\/www.regdata.ch\/fr\/?s={search_term_string}"},"query-input":"required name=search_term_string"}],"inLanguage":"fr-FR"},{"@type":"Organization","@id":"https:\/\/www.regdata.ch\/fr\/#organization","name":"REGDATA SA","url":"https:\/\/www.regdata.ch\/fr\/","logo":{"@type":"ImageObject","inLanguage":"fr-FR","@id":"https:\/\/www.regdata.ch\/fr\/#\/schema\/logo\/image\/","url":"https:\/\/www.regdata.ch\/wp-content\/uploads\/2020\/06\/favicon.png","contentUrl":"https:\/\/www.regdata.ch\/wp-content\/uploads\/2020\/06\/favicon.png","width":71,"height":71,"caption":"REGDATA SA"},"image":{"@id":"https:\/\/www.regdata.ch\/fr\/#\/schema\/logo\/image\/"}}]}},"_links":{"self":[{"href":"https:\/\/www.regdata.ch\/fr\/wp-json\/wp\/v2\/pages\/184","targetHints":{"allow":["GET"]}}],"collection":[{"href":"https:\/\/www.regdata.ch\/fr\/wp-json\/wp\/v2\/pages"}],"about":[{"href":"https:\/\/www.regdata.ch\/fr\/wp-json\/wp\/v2\/types\/page"}],"author":[{"embeddable":true,"href":"https:\/\/www.regdata.ch\/fr\/wp-json\/wp\/v2\/users\/1"}],"replies":[{"embeddable":true,"href":"https:\/\/www.regdata.ch\/fr\/wp-json\/wp\/v2\/comments?post=184"}],"version-history":[{"count":180,"href":"https:\/\/www.regdata.ch\/fr\/wp-json\/wp\/v2\/pages\/184\/revisions"}],"predecessor-version":[{"id":2538,"href":"https:\/\/www.regdata.ch\/fr\/wp-json\/wp\/v2\/pages\/184\/revisions\/2538"}],"up":[{"embeddable":true,"href":"https:\/\/www.regdata.ch\/fr\/wp-json\/wp\/v2\/pages\/1119"}],"wp:attachment":[{"href":"https:\/\/www.regdata.ch\/fr\/wp-json\/wp\/v2\/media?parent=184"}],"curies":[{"name":"wp","href":"https:\/\/api.w.org\/{rel}","templated":true}]}}