{"id":413,"date":"2020-06-12T08:33:37","date_gmt":"2020-06-12T08:33:37","guid":{"rendered":"https:\/\/regdatadev.affinities.ch\/?page_id=413"},"modified":"2022-01-28T17:27:01","modified_gmt":"2022-01-28T17:27:01","slug":"modes-doperation","status":"publish","type":"page","link":"https:\/\/www.regdata.ch\/fr\/produit_regdata_solution_logiciel_anonymisation_dynamique_donnees_rgdp\/modes-doperation\/","title":{"rendered":"Modes d&rsquo;op\u00e9ration"},"content":{"rendered":"<div>RPS est activable en mode <span class=\"uk-text-primary\">\u00ab\u00a0On-Premises\u00a0\u00bb<\/span> et  <span class=\"uk-text-primary\">\u00ab\u00a0SaaS\u00a0\u00bb<\/span>:<\/div>\n<p><img decoding=\"async\" src=\"\/wp-content\/uploads\/2020\/06\/Hexagone-modif.png\" alt=\"\"><br \/>\n<img decoding=\"async\" src=\"\/wp-content\/uploads\/2020\/06\/REGDATA_LOGO_REGDATA-RPS.svg\" alt=\"\"><\/p>\n<div>REGDATA On-Premises<\/div>\n<div>\n<p style=\"text-align: justify;\">Notre solution Private SaaS permets \u00e0 tous nos clients de b\u00e9n\u00e9ficier de la RPS Plateform (RegData Protection Suite) au sein de son Syst\u00e8me d\u2019Information: Centre de donn\u00e9es propre et\/ou Public-Private Cloud. Le client s\u2019approprie la solution en interne afin de pouvoir fournir les diff\u00e9rents services en interne \u00e0 la demande: Data Protection-Data Compliance-Data Value-Data Life Cycle.<\/p>\n<\/div>\n<div>\n<div>\n<p style=\"text-align: center; line-height: 0.9em;\">REGDATA On-Premises<br \/><span class=\"sub\">Service de protection de donn\u00e9es<br \/>g\u00e9r\u00e9 par nos clients<\/span><\/p>\n<\/div>\n<\/div>\n<ul>\n<li>\n<div>\n<p>RPS Software<\/p>\n<\/div>\n<\/li>\n<li>\n<div>\n<p>RPS op\u00e9rations via nos clients<\/p>\n<\/div>\n<\/li>\n<li>\n<div>\n<p>RPS Support 1er et 2e Niveau par nos clients<\/p>\n<\/div>\n<\/li>\n<li>\n<div>\n<p>RPS Support 3e Niveau par REGDATA<\/p>\n<\/div>\n<\/li>\n<li>\n<div>\n<p>Centre de donn\u00e9es du client<br \/><span class=\"sub\">(Centre de donn\u00e9es interne et ou Public Cloud)<\/span><\/p>\n<\/div>\n<\/li>\n<\/ul>\n<p><img decoding=\"async\" src=\"\/wp-content\/uploads\/2020\/06\/REGDATA_LOGO_REGDATA-SaaS-2.svg\" alt=\"\"><\/p>\n<div>REGDATA SaaS: (As a service)<\/div>\n<div>\n<p style=\"text-align: justify;\">Notre solution REGDATA SaaS consiste en une\u00a0 plateforme accessible uniquement par le Web incluant tous les services \u00e0 la demande de protection de donn\u00e9es confidentielles et ou personnelles sensibles ainsi que de rapports de s\u00e9curit\u00e9 et de conformit\u00e9. Aucune installation de RPS software, ni d\u2019infrastructure est necessaire du c\u00f4t\u00e9 de nos clients.<\/p>\n<\/div>\n<div>\n<div>\n<p style=\"text-align: center; line-height: 0.9em;\">REGDATA Saas<br \/><span class=\"sub\">Nos clients consomment un service de protection de donn\u00e9es via notre REGDATA SaaS solution<\/p>\n<p><\/span><\/p>\n<\/div>\n<\/div>\n<ul>\n<li>\n<div>\n<p>\u00a0REGDATA SaaS Web Portail<br \/>REGDATA SaaS Platform base sur RPS Software<\/p>\n<\/div>\n<\/li>\n<li>\n<div>\n<p>RPS op\u00e9rations par REGDATA<\/p>\n<\/div>\n<\/li>\n<li>\n<div>\n<p>RPS Support 1er, 2e et 3e Niveau par REGDATA<\/p>\n<\/div>\n<\/li>\n<li>\n<div>\n<p><img decoding=\"async\" class=\"alignnone\" style=\"margin-right: 20px;\" src=\"https:\/\/regdatadev.affinities.ch\/wp-content\/uploads\/2020\/06\/ico-suisse.png\" alt=\"\" width=\"50\" \/>REGDATA Centre de donn\u00e9es en Suisse<\/p>\n<\/div>\n<\/li>\n<\/ul>\n<p><!-- {\"name\":\"Solution-Detail\",\"type\":\"layout\",\"children\":[{\"type\":\"section\",\"props\":{\"style\":\"default\",\"width\":\"\",\"vertical_align\":\"\",\"title_position\":\"top-left\",\"title_rotation\":\"left\",\"title_breakpoint\":\"xl\",\"image_position\":\"top-right\",\"width_expand\":\"right\",\"animation\":\"slide-left-small\",\"image\":\"\",\"padding_remove_bottom\":true,\"animation_delay\":true,\"image_width\":\"800\",\"header_transparent_noplaceholder\":false},\"children\":[{\"type\":\"row\",\"props\":{\"layout\":\"large,expand\",\"width\":\"default\",\"margin\":\"xlarge\",\"match\":false},\"children\":[{\"type\":\"column\",\"props\":{\"image_position\":\"center-center\",\"media_overlay_gradient\":\"\",\"vertical_align\":\"middle\",\"width_large\":\"2xlarge\"},\"children\":[{\"type\":\"headline\",\"props\":{\"title_element\":\"div\",\"title_style\":\"heading-2xlarge\",\"content\":\"RPS est activable en mode <span class=\\\"uk-text-primary\\\">\\\"On-Premises\\\"<\\\/span> et  <span class=\\\"uk-text-primary\\\">\\\"SaaS\\\"<\\\/span>:\",\"margin_remove_top\":false}}]},{\"type\":\"column\",\"props\":{\"image_position\":\"center-center\",\"media_overlay_gradient\":\"\",\"width_large\":\"expand\"},\"children\":[{\"type\":\"image\",\"props\":{\"margin\":\"default\",\"image_svg_color\":\"emphasis\",\"image\":\"wp-content\\\/uploads\\\/2020\\\/06\\\/Hexagone-modif.png\"}}]}]},{\"type\":\"row\",\"props\":{\"layout\":\"1-2,1-2\",\"column_gap\":\"large\",\"width\":\"default\",\"match\":true,\"id\":\"suite\"},\"children\":[{\"type\":\"column\",\"props\":{\"image_position\":\"center-center\",\"media_overlay_gradient\":\"\",\"width_medium\":\"1-2\"},\"children\":[{\"type\":\"image\",\"props\":{\"margin\":\"default\",\"image_svg_color\":\"emphasis\",\"image\":\"wp-content\\\/uploads\\\/2020\\\/06\\\/REGDATA_LOGO_REGDATA-RPS.svg\",\"image_width\":\"400\"}},{\"type\":\"headline\",\"props\":{\"title_element\":\"div\",\"title_style\":\"heading-small\",\"content\":\"REGDATA On-Premises\"}},{\"type\":\"text\",\"props\":{\"margin\":\"default\",\"column_breakpoint\":\"m\",\"content\":\"\n\n<p style=\\\"text-align: justify;\\\">Notre solution Private SaaS permets \\u00e0 tous nos clients de b\\u00e9n\\u00e9ficier de la RPS Plateform (RegData Protection Suite) au sein de son Syst\\u00e8me d\\u2019Information: Centre de donn\\u00e9es propre et\\\/ou Public-Private Cloud. Le client s\\u2019approprie la solution en interne afin de pouvoir fournir les diff\\u00e9rents services en interne \\u00e0 la demande: Data Protection-Data Compliance-Data Value-Data Life Cycle.<\\\/p>\",\"css\":\".el-element {min-height:150px}\"}},{\"type\":\"panel\",\"props\":{\"link_text\":\"Read more\",\"title_hover_style\":\"reset\",\"title_element\":\"h3\",\"title_align\":\"top\",\"title_grid_width\":\"1-2\",\"title_grid_breakpoint\":\"m\",\"meta_style\":\"meta\",\"meta_align\":\"below-title\",\"image_align\":\"top\",\"image_grid_width\":\"1-2\",\"image_grid_breakpoint\":\"m\",\"image_svg_color\":\"emphasis\",\"link_style\":\"default\",\"margin\":\"large\",\"panel_style\":\"card-secondary\",\"content_style\":\"lead\",\"content\":\"\n\n<p style=\\\"text-align: center; line-height: 0.9em;\\\">REGDATA On-Premises<br \\\/><span class=\\\"sub\\\">Service de protection de donn\\u00e9es<br \\\/>g\\u00e9r\\u00e9 par nos clients<\\\/span><\\\/p>\",\"css\":\".sub {display:block;font-size:0.8em;padding-top:5px;font-family:GreyCliffCF-Regular}\",\"margin_remove_bottom\":true,\"icon_width\":80,\"meta_element\":\"div\",\"content_column_breakpoint\":\"m\"}},{\"type\":\"list\",\"props\":{\"show_image\":false,\"show_link\":false,\"image_svg_color\":\"emphasis\",\"image_align\":\"left\",\"image_vertical_align\":true,\"list_style\":\"divider\",\"content_style\":\"bold\",\"margin\":\"default\",\"text_align\":\"center\",\"css\":\".el-content {font-family:GreycliffCF-Bold}\\nspan.sub {font-family:GreycliffCF-Regular;font-size:0.9em}\\n\",\"margin_remove_top\":false,\"list_size\":\"large\",\"list_element\":\"ul\",\"column_breakpoint\":\"m\"},\"children\":[{\"type\":\"list_item\",\"props\":{\"content\":\"\n\n<p>RPS Software<\\\/p>\"}},{\"type\":\"list_item\",\"props\":{\"content\":\"\n\n<p>RPS op\\u00e9rations via nos clients<\\\/p>\"}},{\"type\":\"list_item\",\"props\":{\"content\":\"\n\n<p>RPS Support 1er et 2e Niveau par nos clients<\\\/p>\"}},{\"type\":\"list_item\",\"props\":{\"content\":\"\n\n<p>RPS Support 3e Niveau par REGDATA<\\\/p>\"}},{\"type\":\"list_item\",\"props\":{\"content\":\"\n\n<p>Centre de donn\\u00e9es du client<br \\\/><span class=\\\"sub\\\">(Centre de donn\\u00e9es interne et ou Public Cloud)<\\\/span><\\\/p>\"}}]}]},{\"type\":\"column\",\"props\":{\"image_position\":\"center-center\",\"media_overlay_gradient\":\"\",\"width_medium\":\"1-2\"},\"children\":[{\"type\":\"image\",\"props\":{\"margin\":\"default\",\"image_svg_color\":\"emphasis\",\"image\":\"wp-content\\\/uploads\\\/2020\\\/06\\\/REGDATA_LOGO_REGDATA-SaaS-2.svg\",\"image_width\":\"400\"}},{\"type\":\"headline\",\"props\":{\"title_element\":\"div\",\"title_style\":\"heading-small\",\"content\":\"REGDATA SaaS: (As a service)\"}},{\"type\":\"text\",\"props\":{\"margin\":\"default\",\"column_breakpoint\":\"m\",\"content\":\"\n\n<p style=\\\"text-align: justify;\\\">Notre solution REGDATA SaaS consiste en une\\u00a0 plateforme accessible uniquement par le Web incluant tous les services \\u00e0 la demande de protection de donn\\u00e9es confidentielles et ou personnelles sensibles ainsi que de rapports de s\\u00e9curit\\u00e9 et de conformit\\u00e9. Aucune installation de RPS software, ni d\\u2019infrastructure est necessaire du c\\u00f4t\\u00e9 de nos clients.<\\\/p>\",\"css\":\".el-element {min-height:150px}\"}},{\"type\":\"panel\",\"props\":{\"link_text\":\"Read more\",\"title_hover_style\":\"reset\",\"title_element\":\"h3\",\"title_align\":\"top\",\"title_grid_width\":\"1-2\",\"title_grid_breakpoint\":\"m\",\"meta_style\":\"meta\",\"meta_align\":\"below-title\",\"image_align\":\"top\",\"image_grid_width\":\"1-2\",\"image_grid_breakpoint\":\"m\",\"image_svg_color\":\"emphasis\",\"link_style\":\"default\",\"margin\":\"large\",\"panel_style\":\"card-primary\",\"content_style\":\"lead\",\"content\":\"\n\n<p style=\\\"text-align: center; line-height: 0.9em;\\\">REGDATA Saas<br \\\/><span class=\\\"sub\\\">Nos clients consomment un service de protection de donn\\u00e9es via notre REGDATA SaaS solution<br \\\/><br \\\/><\\\/span><\\\/p>\",\"css\":\".sub {display:block;font-size:0.8em;padding-top:5px;font-family:GreyCliffCF-Regular}\",\"margin_remove_bottom\":true,\"icon_width\":80,\"meta_element\":\"div\",\"content_column_breakpoint\":\"m\"}},{\"type\":\"list\",\"props\":{\"show_image\":false,\"show_link\":false,\"image_svg_color\":\"emphasis\",\"image_align\":\"left\",\"image_vertical_align\":true,\"list_style\":\"divider\",\"content_style\":\"bold\",\"text_align\":\"center\",\"css\":\".el-content {font-family:GreycliffCF-Bold}\\nspan.sub {font-family:GreycliffCF-Regular;font-size:0.9em}\",\"list_size\":\"large\",\"list_element\":\"ul\",\"column_breakpoint\":\"m\"},\"children\":[{\"type\":\"list_item\",\"props\":{\"content\":\"\n\n<p>\\u00a0REGDATA SaaS Web Portail<br \\\/>REGDATA SaaS Platform base sur RPS Software<\\\/p>\"}},{\"type\":\"list_item\",\"props\":{\"content\":\"\n\n<p>RPS op\\u00e9rations par REGDATA<\\\/p>\"}},{\"type\":\"list_item\",\"props\":{\"content\":\"\n\n<p>RPS Support 1er, 2e et 3e Niveau par REGDATA<\\\/p>\"}},{\"type\":\"list_item\",\"props\":{\"content\":\"\n\n<p><img class=\\\"alignnone\\\" style=\\\"margin-right: 20px;\\\" src=\\\"https:\\\/\\\/regdatadev.affinities.ch\\\/wp-content\\\/uploads\\\/2020\\\/06\\\/ico-suisse.png\\\" alt=\\\"\\\" width=\\\"50\\\" \\\/>REGDATA Centre de donn\\u00e9es en Suisse<\\\/p>\"}}]}]}]}],\"name\":\"Hero\"},{\"type\":\"section\",\"props\":{\"style\":\"default\",\"width\":\"default\",\"vertical_align\":\"middle\",\"title_position\":\"top-left\",\"title_rotation\":\"left\",\"title_breakpoint\":\"xl\",\"image_position\":\"center-center\"},\"children\":[{\"type\":\"row\",\"children\":[{\"type\":\"column\",\"props\":{\"image_position\":\"center-center\",\"media_overlay_gradient\":\"\",\"width_medium\":\"1-1\"},\"children\":[]}]}]}],\"version\":\"2.2.5\"} --><\/p>\n","protected":false},"excerpt":{"rendered":"<p>RPS est activable en mode \u00ab\u00a0On-Premises\u00a0\u00bb et \u00ab\u00a0SaaS\u00a0\u00bb: REGDATA On-Premises Notre solution Private SaaS permets \u00e0 tous nos clients de b\u00e9n\u00e9ficier de la RPS Plateform (RegData Protection Suite) au sein de son Syst\u00e8me d\u2019Information: Centre de donn\u00e9es propre et\/ou Public-Private Cloud. Le client s\u2019approprie la solution en interne afin de pouvoir fournir les diff\u00e9rents services [&hellip;]<\/p>\n","protected":false},"author":1,"featured_media":0,"parent":1119,"menu_order":0,"comment_status":"closed","ping_status":"closed","template":"","meta":{"footnotes":""},"class_list":["post-413","page","type-page","status-publish","hentry"],"yoast_head":"<!-- This site is optimized with the Yoast SEO plugin v21.5 - https:\/\/yoast.com\/wordpress\/plugins\/seo\/ -->\n<title>Modes d&#039;op\u00e9ration - REGDATA<\/title>\n<meta name=\"robots\" content=\"index, follow, max-snippet:-1, max-image-preview:large, max-video-preview:-1\" \/>\n<link rel=\"canonical\" href=\"https:\/\/www.regdata.ch\/fr\/produit_regdata_solution_logiciel_anonymisation_dynamique_donnees_rgdp\/modes-doperation\/\" \/>\n<meta property=\"og:locale\" content=\"fr_FR\" \/>\n<meta property=\"og:type\" content=\"article\" \/>\n<meta property=\"og:title\" content=\"Modes d&#039;op\u00e9ration - REGDATA\" \/>\n<meta property=\"og:description\" content=\"RPS est activable en mode \u00ab\u00a0On-Premises\u00a0\u00bb et \u00ab\u00a0SaaS\u00a0\u00bb: REGDATA On-Premises Notre solution Private SaaS permets \u00e0 tous nos clients de b\u00e9n\u00e9ficier de la RPS Plateform (RegData Protection Suite) au sein de son Syst\u00e8me d\u2019Information: Centre de donn\u00e9es propre et\/ou Public-Private Cloud. Le client s\u2019approprie la solution en interne afin de pouvoir fournir les diff\u00e9rents services [&hellip;]\" \/>\n<meta property=\"og:url\" content=\"https:\/\/www.regdata.ch\/fr\/produit_regdata_solution_logiciel_anonymisation_dynamique_donnees_rgdp\/modes-doperation\/\" \/>\n<meta property=\"og:site_name\" content=\"REGDATA\" \/>\n<meta property=\"article:modified_time\" content=\"2022-01-28T17:27:01+00:00\" \/>\n<meta property=\"og:image\" content=\"https:\/\/regdatadev.affinities.ch\/wp-content\/uploads\/2020\/06\/ico-suisse.png\" \/>\n<meta name=\"twitter:card\" content=\"summary_large_image\" \/>\n<meta name=\"twitter:label1\" content=\"Dur\u00e9e de lecture estim\u00e9e\" \/>\n\t<meta name=\"twitter:data1\" content=\"1 minute\" \/>\n<script type=\"application\/ld+json\" class=\"yoast-schema-graph\">{\"@context\":\"https:\/\/schema.org\",\"@graph\":[{\"@type\":\"WebPage\",\"@id\":\"https:\/\/www.regdata.ch\/fr\/produit_regdata_solution_logiciel_anonymisation_dynamique_donnees_rgdp\/modes-doperation\/\",\"url\":\"https:\/\/www.regdata.ch\/fr\/produit_regdata_solution_logiciel_anonymisation_dynamique_donnees_rgdp\/modes-doperation\/\",\"name\":\"Modes d'op\u00e9ration - REGDATA\",\"isPartOf\":{\"@id\":\"https:\/\/www.regdata.ch\/fr\/#website\"},\"datePublished\":\"2020-06-12T08:33:37+00:00\",\"dateModified\":\"2022-01-28T17:27:01+00:00\",\"breadcrumb\":{\"@id\":\"https:\/\/www.regdata.ch\/fr\/produit_regdata_solution_logiciel_anonymisation_dynamique_donnees_rgdp\/modes-doperation\/#breadcrumb\"},\"inLanguage\":\"fr-FR\",\"potentialAction\":[{\"@type\":\"ReadAction\",\"target\":[\"https:\/\/www.regdata.ch\/fr\/produit_regdata_solution_logiciel_anonymisation_dynamique_donnees_rgdp\/modes-doperation\/\"]}]},{\"@type\":\"BreadcrumbList\",\"@id\":\"https:\/\/www.regdata.ch\/fr\/produit_regdata_solution_logiciel_anonymisation_dynamique_donnees_rgdp\/modes-doperation\/#breadcrumb\",\"itemListElement\":[{\"@type\":\"ListItem\",\"position\":1,\"name\":\"Accueil\",\"item\":\"https:\/\/www.regdata.ch\/fr\/\"},{\"@type\":\"ListItem\",\"position\":2,\"name\":\"Produit\",\"item\":\"https:\/\/www.regdata.ch\/fr\/produit_regdata_solution_logiciel_anonymisation_dynamique_donnees_rgdp\/\"},{\"@type\":\"ListItem\",\"position\":3,\"name\":\"Modes d&rsquo;op\u00e9ration\"}]},{\"@type\":\"WebSite\",\"@id\":\"https:\/\/www.regdata.ch\/fr\/#website\",\"url\":\"https:\/\/www.regdata.ch\/fr\/\",\"name\":\"REGDATA\",\"description\":\"\",\"publisher\":{\"@id\":\"https:\/\/www.regdata.ch\/fr\/#organization\"},\"potentialAction\":[{\"@type\":\"SearchAction\",\"target\":{\"@type\":\"EntryPoint\",\"urlTemplate\":\"https:\/\/www.regdata.ch\/fr\/?s={search_term_string}\"},\"query-input\":\"required name=search_term_string\"}],\"inLanguage\":\"fr-FR\"},{\"@type\":\"Organization\",\"@id\":\"https:\/\/www.regdata.ch\/fr\/#organization\",\"name\":\"REGDATA SA\",\"url\":\"https:\/\/www.regdata.ch\/fr\/\",\"logo\":{\"@type\":\"ImageObject\",\"inLanguage\":\"fr-FR\",\"@id\":\"https:\/\/www.regdata.ch\/fr\/#\/schema\/logo\/image\/\",\"url\":\"https:\/\/www.regdata.ch\/wp-content\/uploads\/2020\/06\/favicon.png\",\"contentUrl\":\"https:\/\/www.regdata.ch\/wp-content\/uploads\/2020\/06\/favicon.png\",\"width\":71,\"height\":71,\"caption\":\"REGDATA SA\"},\"image\":{\"@id\":\"https:\/\/www.regdata.ch\/fr\/#\/schema\/logo\/image\/\"}}]}<\/script>\n<!-- \/ Yoast SEO plugin. -->","yoast_head_json":{"title":"Modes d'op\u00e9ration - REGDATA","robots":{"index":"index","follow":"follow","max-snippet":"max-snippet:-1","max-image-preview":"max-image-preview:large","max-video-preview":"max-video-preview:-1"},"canonical":"https:\/\/www.regdata.ch\/fr\/produit_regdata_solution_logiciel_anonymisation_dynamique_donnees_rgdp\/modes-doperation\/","og_locale":"fr_FR","og_type":"article","og_title":"Modes d'op\u00e9ration - REGDATA","og_description":"RPS est activable en mode \u00ab\u00a0On-Premises\u00a0\u00bb et \u00ab\u00a0SaaS\u00a0\u00bb: REGDATA On-Premises Notre solution Private SaaS permets \u00e0 tous nos clients de b\u00e9n\u00e9ficier de la RPS Plateform (RegData Protection Suite) au sein de son Syst\u00e8me d\u2019Information: Centre de donn\u00e9es propre et\/ou Public-Private Cloud. Le client s\u2019approprie la solution en interne afin de pouvoir fournir les diff\u00e9rents services [&hellip;]","og_url":"https:\/\/www.regdata.ch\/fr\/produit_regdata_solution_logiciel_anonymisation_dynamique_donnees_rgdp\/modes-doperation\/","og_site_name":"REGDATA","article_modified_time":"2022-01-28T17:27:01+00:00","og_image":[{"url":"https:\/\/regdatadev.affinities.ch\/wp-content\/uploads\/2020\/06\/ico-suisse.png"}],"twitter_card":"summary_large_image","twitter_misc":{"Dur\u00e9e de lecture estim\u00e9e":"1 minute"},"schema":{"@context":"https:\/\/schema.org","@graph":[{"@type":"WebPage","@id":"https:\/\/www.regdata.ch\/fr\/produit_regdata_solution_logiciel_anonymisation_dynamique_donnees_rgdp\/modes-doperation\/","url":"https:\/\/www.regdata.ch\/fr\/produit_regdata_solution_logiciel_anonymisation_dynamique_donnees_rgdp\/modes-doperation\/","name":"Modes d'op\u00e9ration - REGDATA","isPartOf":{"@id":"https:\/\/www.regdata.ch\/fr\/#website"},"datePublished":"2020-06-12T08:33:37+00:00","dateModified":"2022-01-28T17:27:01+00:00","breadcrumb":{"@id":"https:\/\/www.regdata.ch\/fr\/produit_regdata_solution_logiciel_anonymisation_dynamique_donnees_rgdp\/modes-doperation\/#breadcrumb"},"inLanguage":"fr-FR","potentialAction":[{"@type":"ReadAction","target":["https:\/\/www.regdata.ch\/fr\/produit_regdata_solution_logiciel_anonymisation_dynamique_donnees_rgdp\/modes-doperation\/"]}]},{"@type":"BreadcrumbList","@id":"https:\/\/www.regdata.ch\/fr\/produit_regdata_solution_logiciel_anonymisation_dynamique_donnees_rgdp\/modes-doperation\/#breadcrumb","itemListElement":[{"@type":"ListItem","position":1,"name":"Accueil","item":"https:\/\/www.regdata.ch\/fr\/"},{"@type":"ListItem","position":2,"name":"Produit","item":"https:\/\/www.regdata.ch\/fr\/produit_regdata_solution_logiciel_anonymisation_dynamique_donnees_rgdp\/"},{"@type":"ListItem","position":3,"name":"Modes d&rsquo;op\u00e9ration"}]},{"@type":"WebSite","@id":"https:\/\/www.regdata.ch\/fr\/#website","url":"https:\/\/www.regdata.ch\/fr\/","name":"REGDATA","description":"","publisher":{"@id":"https:\/\/www.regdata.ch\/fr\/#organization"},"potentialAction":[{"@type":"SearchAction","target":{"@type":"EntryPoint","urlTemplate":"https:\/\/www.regdata.ch\/fr\/?s={search_term_string}"},"query-input":"required name=search_term_string"}],"inLanguage":"fr-FR"},{"@type":"Organization","@id":"https:\/\/www.regdata.ch\/fr\/#organization","name":"REGDATA SA","url":"https:\/\/www.regdata.ch\/fr\/","logo":{"@type":"ImageObject","inLanguage":"fr-FR","@id":"https:\/\/www.regdata.ch\/fr\/#\/schema\/logo\/image\/","url":"https:\/\/www.regdata.ch\/wp-content\/uploads\/2020\/06\/favicon.png","contentUrl":"https:\/\/www.regdata.ch\/wp-content\/uploads\/2020\/06\/favicon.png","width":71,"height":71,"caption":"REGDATA SA"},"image":{"@id":"https:\/\/www.regdata.ch\/fr\/#\/schema\/logo\/image\/"}}]}},"_links":{"self":[{"href":"https:\/\/www.regdata.ch\/fr\/wp-json\/wp\/v2\/pages\/413","targetHints":{"allow":["GET"]}}],"collection":[{"href":"https:\/\/www.regdata.ch\/fr\/wp-json\/wp\/v2\/pages"}],"about":[{"href":"https:\/\/www.regdata.ch\/fr\/wp-json\/wp\/v2\/types\/page"}],"author":[{"embeddable":true,"href":"https:\/\/www.regdata.ch\/fr\/wp-json\/wp\/v2\/users\/1"}],"replies":[{"embeddable":true,"href":"https:\/\/www.regdata.ch\/fr\/wp-json\/wp\/v2\/comments?post=413"}],"version-history":[{"count":77,"href":"https:\/\/www.regdata.ch\/fr\/wp-json\/wp\/v2\/pages\/413\/revisions"}],"predecessor-version":[{"id":2556,"href":"https:\/\/www.regdata.ch\/fr\/wp-json\/wp\/v2\/pages\/413\/revisions\/2556"}],"up":[{"embeddable":true,"href":"https:\/\/www.regdata.ch\/fr\/wp-json\/wp\/v2\/pages\/1119"}],"wp:attachment":[{"href":"https:\/\/www.regdata.ch\/fr\/wp-json\/wp\/v2\/media?parent=413"}],"curies":[{"name":"wp","href":"https:\/\/api.w.org\/{rel}","templated":true}]}}