{"id":548,"date":"2020-06-15T12:04:57","date_gmt":"2020-06-15T12:04:57","guid":{"rendered":"https:\/\/regdatadev.affinities.ch\/?page_id=548"},"modified":"2022-01-28T17:21:01","modified_gmt":"2022-01-28T17:21:01","slug":"data-life-cycle","status":"publish","type":"page","link":"https:\/\/www.regdata.ch\/fr\/produit_regdata_solution_logiciel_anonymisation_dynamique_donnees_rgdp\/protection_donnees_conformite_cycle_vie_information_valorisation\/data-life-cycle\/","title":{"rendered":"Data Life Cycle"},"content":{"rendered":"<h1><a href=\"\/fr\/produit\/type-de-services#s04\"><img decoding=\"async\"  class=\"alignnone\" src=\"\/wp-content\/uploads\/2020\/09\/fleche_retour.png\" alt=\"\" style=\"width:25px;\"  \/> <span style=\"font-size:0.7em;padding-left:5px\">retour<\/span><\/a><\/h1>\n<h1>Data Life Cycle<\/h1>\n<div>\n<ul>\n<li>Protection et d\u00e9protection dynamique pour les donn\u00e9es en production<\/li>\n<\/ul>\n<\/div>\n<div>\n<ul>\n<li>Reversibilit\u00e9 des protections dans le temps pour les donn\u00e9es prot\u00e9g\u00e9es sauvegard\u00e9es<\/li>\n<\/ul>\n<\/div>\n<div>\n<ul>\n<li>Acc\u00e8s dynamique et en clair par les utilisateurs autoris\u00e9s aux donn\u00e9es confidentielles archiv\u00e9es<\/li>\n<\/ul>\n<\/div>\n<div>\n<ul>\n<li>Tra\u00e7age en temps r\u00e9el des donn\u00e9es sauvegard\u00e9es, archiv\u00e9es et d\u00e9truites<\/li>\n<\/ul>\n<\/div>\n<hr>\n<div>\n<p style=\"text-align: justify;\">La protection des donn\u00e9es ne s\u2019arr\u00eatent pas aux donn\u00e9es en production. Elles s\u2019appliquent \u00e9galement aux donn\u00e9es sauvergard\u00e9es, archiv\u00e9es et d\u00e9truites.\u00a0<\/p>\n<\/div>\n<div>Pour les donn\u00e9es sauvegard\u00e9es<\/div>\n<div>\n<p style=\"text-align: justify;\">Sauvegarde de donn\u00e9es par une reversibilit\u00e9 dans le temps ind\u00e9pendamment de changements de cl\u00e9s op\u00e9r\u00e9s \u00e0 intervalle r\u00e9gulier (R\u00e8gles de s\u00e9curit\u00e9 des entreprises) si il s\u2019agit d\u2019encryption et\/ou de tokenization.<\/p>\n<\/div>\n<div>Pour les donn\u00e9es archiv\u00e9es<\/div>\n<div>\n<p style=\"text-align: justify;\">Archivage s\u00e9curis\u00e9 par une protection forte au sein de la couche de stockage tout en laissant l\u2019opportunit\u00e9 aux utilisateurs autoris\u00e9s de d\u00e9prot\u00e9ger la donn\u00e9e archiv\u00e9e avec une consommation en clair dans le cadre d\u2019une finalit\u00e9 de traitement d\u00e9fini.<\/p>\n<\/div>\n<div>Pour les donn\u00e9es d\u00e9truites<\/div>\n<div>\n<p style=\"text-align: justify;\">Destruction de donn\u00e9es, selon le respect de vos r\u00e8gles m\u00e9tier et du cadre r\u00e8glementaire (RGPD: droit des individus \u00e0 l\u2019oubli).<\/p>\n<\/div>\n<div>\n<p><div class=\"eds-animate  \" data-eds-entry-animation=\"pop\" data-eds-entry-delay=\"0\" data-eds-entry-duration=\"0.3\" data-eds-entry-timing=\"linear\" data-eds-exit-animation=\"\" data-eds-exit-delay=\"\" data-eds-exit-duration=\"\" data-eds-exit-timing=\"\" data-eds-repeat-count=\"1\" data-eds-keep=\"no\" data-eds-animate-on=\"hover\" data-eds-scroll-offset=\"\"><a href=\"\/fr\/solutions\/mode\/\"><img loading=\"lazy\" decoding=\"async\" class=\"alignnone size-medium wp-image-312\" src=\"\/wp-content\/uploads\/2020\/06\/mode-promise-270x300.png\" alt=\"\" width=\"270\" height=\"300\" srcset=\"https:\/\/www.regdata.ch\/wp-content\/uploads\/2020\/06\/mode-promise-270x300.png 270w, https:\/\/www.regdata.ch\/wp-content\/uploads\/2020\/06\/mode-promise-768x854.png 768w, https:\/\/www.regdata.ch\/wp-content\/uploads\/2020\/06\/mode-promise.png 849w\" sizes=\"auto, (max-width: 270px) 100vw, 270px\" \/><\/a> <\/div><\/p>\n<\/div>\n<div>\n<p><div class=\"eds-animate  \" data-eds-entry-animation=\"pop\" data-eds-entry-delay=\"0\" data-eds-entry-duration=\"0.3\" data-eds-entry-timing=\"linear\" data-eds-exit-animation=\"\" data-eds-exit-delay=\"\" data-eds-exit-duration=\"\" data-eds-exit-timing=\"\" data-eds-repeat-count=\"1\" data-eds-keep=\"no\" data-eds-animate-on=\"hover\" data-eds-scroll-offset=\"\"><a href=\"\/fr\/solutions\/mode\/\"><img loading=\"lazy\" decoding=\"async\" class=\"alignnone size-medium wp-image-312\" src=\"\/wp-content\/uploads\/2020\/06\/mode-saas-270x300.png\" alt=\"\" width=\"270\" height=\"300\" \/><\/a> <\/div><\/p>\n<\/div>\n<p><!-- {\"children\":[{\"type\":\"section\",\"props\":{\"style\":\"default\",\"width\":\"\",\"vertical_align\":\"\",\"title_position\":\"top-left\",\"title_rotation\":\"left\",\"title_breakpoint\":\"xl\",\"image_position\":\"top-right\",\"width_expand\":\"right\",\"animation\":\"slide-left-small\",\"image\":\"wp-content\\\/uploads\\\/2020\\\/09\\\/HEXAGONE_005.png\",\"image_visibility\":\"m\",\"padding_remove_bottom\":true,\"animation_delay\":true,\"image_width\":\"700\",\"header_transparent_noplaceholder\":false,\"css\":\".el-section img {\\nwidth:60%;}\"},\"children\":[{\"type\":\"row\",\"props\":{\"layout\":\"large,expand\",\"width\":\"default\"},\"children\":[{\"type\":\"column\",\"props\":{\"image_position\":\"center-center\",\"media_overlay_gradient\":\"\",\"width_large\":\"2xlarge\"},\"children\":[{\"type\":\"headline\",\"props\":{\"title_element\":\"h1\",\"title_style\":\"heading-small\",\"title_color\":\"primary\",\"margin\":\"medium\",\"content\":\"<img  class=\\\"alignnone\\\" src=\\\"\\\/wp-content\\\/uploads\\\/2020\\\/09\\\/fleche_retour.png\\\" alt=\\\"\\\" style=\\\"width:25px;\\\"  \\\/> <span style=\\\"font-size:0.7em;padding-left:5px\\\">retour<\\\/span>\",\"link\":\"fr\\\/produit\\\/type-de-services#s04\"}},{\"type\":\"headline\",\"props\":{\"title_element\":\"h1\",\"title_style\":\"heading-large\",\"content\":\"Data Life Cycle\",\"margin_remove_top\":true}},{\"type\":\"headline\",\"props\":{\"title_element\":\"div\",\"title_style\":\"heading-small\",\"title_color\":\"primary\",\"margin\":\"small\",\"content\":\"\n\n<ul>\\n\n\n<li>Protection et d\\u00e9protection dynamique pour les donn\\u00e9es en production<\\\/li>\\n<\\\/ul>\"}},{\"type\":\"headline\",\"props\":{\"title_element\":\"div\",\"title_style\":\"heading-small\",\"title_color\":\"primary\",\"margin\":\"small\",\"content\":\"\n\n<ul>\\n\n\n<li>Reversibilit\\u00e9 des protections dans le temps pour les donn\\u00e9es prot\\u00e9g\\u00e9es sauvegard\\u00e9es<\\\/li>\\n<\\\/ul>\"}},{\"type\":\"headline\",\"props\":{\"title_element\":\"div\",\"title_style\":\"heading-small\",\"title_color\":\"primary\",\"margin\":\"small\",\"content\":\"\n\n<ul>\\n\n\n<li>Acc\\u00e8s dynamique et en clair par les utilisateurs autoris\\u00e9s aux donn\\u00e9es confidentielles archiv\\u00e9es<\\\/li>\\n<\\\/ul>\"}},{\"type\":\"headline\",\"props\":{\"title_element\":\"div\",\"title_style\":\"heading-small\",\"title_color\":\"primary\",\"margin\":\"small\",\"content\":\"\n\n<ul>\\n\n\n<li>Tra\\u00e7age en temps r\\u00e9el des donn\\u00e9es sauvegard\\u00e9es, archiv\\u00e9es et d\\u00e9truites<\\\/li>\\n<\\\/ul>\"}},{\"type\":\"divider\",\"props\":{\"divider_element\":\"hr\",\"divider_style\":\"\",\"divider_align\":\"\",\"divider_align_breakpoint\":\"\",\"divider_align_fallback\":\"\"}},{\"type\":\"text\",\"props\":{\"margin\":\"default\",\"column_breakpoint\":\"m\",\"text_style\":\"lead\",\"text_size\":\"large\",\"maxwidth\":\"xlarge\",\"content\":\"\n\n<p style=\\\"text-align: justify;\\\">La protection des donn\\u00e9es ne s\\u2019arr\\u00eatent pas aux donn\\u00e9es en production. Elles s\\u2019appliquent \\u00e9galement aux donn\\u00e9es sauvergard\\u00e9es, archiv\\u00e9es et d\\u00e9truites.\\u00a0<\\\/p>\"}},{\"type\":\"headline\",\"props\":{\"title_element\":\"div\",\"title_style\":\"heading-small\",\"title_color\":\"primary\",\"content\":\"Pour les donn\\u00e9es sauvegard\\u00e9es\",\"margin_remove_bottom\":true}},{\"type\":\"text\",\"props\":{\"margin\":\"small\",\"column_breakpoint\":\"m\",\"maxwidth\":\"xlarge\",\"content\":\"\n\n<p style=\\\"text-align: justify;\\\">Sauvegarde de donn\\u00e9es par une reversibilit\\u00e9 dans le temps ind\\u00e9pendamment de changements de cl\\u00e9s op\\u00e9r\\u00e9s \\u00e0 intervalle r\\u00e9gulier (R\\u00e8gles de s\\u00e9curit\\u00e9 des entreprises) si il s\\u2019agit d\\u2019encryption et\\\/ou de tokenization.<\\\/p>\",\"margin_remove_top\":false}},{\"type\":\"headline\",\"props\":{\"title_element\":\"div\",\"title_style\":\"heading-small\",\"title_color\":\"primary\",\"content\":\"Pour les donn\\u00e9es archiv\\u00e9es\",\"margin_remove_bottom\":true}},{\"type\":\"text\",\"props\":{\"margin\":\"small\",\"column_breakpoint\":\"m\",\"maxwidth\":\"xlarge\",\"content\":\"\n\n<p style=\\\"text-align: justify;\\\">Archivage s\\u00e9curis\\u00e9 par une protection forte au sein de la couche de stockage tout en laissant l\\u2019opportunit\\u00e9 aux utilisateurs autoris\\u00e9s de d\\u00e9prot\\u00e9ger la donn\\u00e9e archiv\\u00e9e avec une consommation en clair dans le cadre d\\u2019une finalit\\u00e9 de traitement d\\u00e9fini.<\\\/p>\",\"margin_remove_top\":false}},{\"type\":\"headline\",\"props\":{\"title_element\":\"div\",\"title_style\":\"heading-small\",\"title_color\":\"primary\",\"content\":\"Pour les donn\\u00e9es d\\u00e9truites\",\"margin_remove_bottom\":true}},{\"type\":\"text\",\"props\":{\"margin\":\"small\",\"column_breakpoint\":\"m\",\"maxwidth\":\"xlarge\",\"content\":\"\n\n<p style=\\\"text-align: justify;\\\">Destruction de donn\\u00e9es, selon le respect de vos r\\u00e8gles m\\u00e9tier et du cadre r\\u00e8glementaire (RGPD: droit des individus \\u00e0 l\\u2019oubli).<\\\/p>\",\"margin_remove_top\":false}}]},{\"type\":\"column\",\"props\":{\"image_position\":\"center-center\",\"media_overlay_gradient\":\"\",\"width_large\":\"expand\"},\"children\":[{\"type\":\"text\",\"props\":{\"margin\":\"default\",\"column_breakpoint\":\"m\",\"text_align\":\"center\",\"content\":\"\n\n<p>[edsanimate_start entry_animation_type= \\\"pop\\\" entry_delay= \\\"0\\\" entry_duration= \\\"0.3\\\" entry_timing= \\\"linear\\\" exit_animation_type= \\\"\\\" exit_delay= \\\"\\\" exit_duration= \\\"\\\" exit_timing= \\\"\\\" animation_repeat= \\\"1\\\" keep= \\\"no\\\" animate_on= \\\"hover\\\" scroll_offset= \\\"\\\" custom_css_class= \\\"\\\"]<a href=\\\"\\\/fr\\\/solutions\\\/mode\\\/\\\"><img class=\\\"alignnone size-medium wp-image-312\\\" src=\\\"\\\/wp-content\\\/uploads\\\/2020\\\/06\\\/mode-promise-270x300.png\\\" alt=\\\"\\\" width=\\\"270\\\" height=\\\"300\\\" \\\/><\\\/a> [edsanimate_end]<\\\/p>\"}},{\"type\":\"text\",\"props\":{\"margin\":\"default\",\"column_breakpoint\":\"m\",\"text_align\":\"center\",\"content\":\"\n\n<p>[edsanimate_start entry_animation_type= \\\"pop\\\" entry_delay= \\\"0\\\" entry_duration= \\\"0.3\\\" entry_timing= \\\"linear\\\" exit_animation_type= \\\"\\\" exit_delay= \\\"\\\" exit_duration= \\\"\\\" exit_timing= \\\"\\\" animation_repeat= \\\"1\\\" keep= \\\"no\\\" animate_on= \\\"hover\\\" scroll_offset= \\\"\\\" custom_css_class= \\\"\\\"]<a href=\\\"\\\/fr\\\/solutions\\\/mode\\\/\\\"><img class=\\\"alignnone size-medium wp-image-312\\\" src=\\\"\\\/wp-content\\\/uploads\\\/2020\\\/06\\\/mode-saas-270x300.png\\\" alt=\\\"\\\" width=\\\"270\\\" height=\\\"300\\\" \\\/><\\\/a> [edsanimate_end]<\\\/p>\"}}]}]},{\"type\":\"row\",\"props\":{\"width\":\"default\",\"margin\":\"xlarge\"},\"children\":[{\"type\":\"column\",\"props\":{\"image_position\":\"center-center\",\"media_overlay_gradient\":\"\",\"width_medium\":\"1-1\"},\"children\":[]}]}],\"name\":\"Hero\"}],\"version\":\"2.2.5\",\"type\":\"layout\"} --><\/p>\n","protected":false},"excerpt":{"rendered":"<p>retour Data Life Cycle Protection et d\u00e9protection dynamique pour les donn\u00e9es en production Reversibilit\u00e9 des protections dans le temps pour les donn\u00e9es prot\u00e9g\u00e9es sauvegard\u00e9es Acc\u00e8s dynamique et en clair par les utilisateurs autoris\u00e9s aux donn\u00e9es confidentielles archiv\u00e9es Tra\u00e7age en temps r\u00e9el des donn\u00e9es sauvegard\u00e9es, archiv\u00e9es et d\u00e9truites La protection des donn\u00e9es ne s\u2019arr\u00eatent pas aux [&hellip;]<\/p>\n","protected":false},"author":1,"featured_media":0,"parent":184,"menu_order":0,"comment_status":"closed","ping_status":"closed","template":"","meta":{"footnotes":""},"class_list":["post-548","page","type-page","status-publish","hentry"],"yoast_head":"<!-- This site is optimized with the Yoast SEO plugin v21.5 - https:\/\/yoast.com\/wordpress\/plugins\/seo\/ -->\n<title>Data Life Cycle - REGDATA<\/title>\n<meta name=\"robots\" content=\"index, follow, max-snippet:-1, max-image-preview:large, max-video-preview:-1\" \/>\n<link rel=\"canonical\" href=\"https:\/\/www.regdata.ch\/fr\/produit_regdata_solution_logiciel_anonymisation_dynamique_donnees_rgdp\/protection_donnees_conformite_cycle_vie_information_valorisation\/data-life-cycle\/\" \/>\n<meta property=\"og:locale\" content=\"fr_FR\" \/>\n<meta property=\"og:type\" content=\"article\" \/>\n<meta property=\"og:title\" content=\"Data Life Cycle - REGDATA\" \/>\n<meta property=\"og:description\" content=\"retour Data Life Cycle Protection et d\u00e9protection dynamique pour les donn\u00e9es en production Reversibilit\u00e9 des protections dans le temps pour les donn\u00e9es prot\u00e9g\u00e9es sauvegard\u00e9es Acc\u00e8s dynamique et en clair par les utilisateurs autoris\u00e9s aux donn\u00e9es confidentielles archiv\u00e9es Tra\u00e7age en temps r\u00e9el des donn\u00e9es sauvegard\u00e9es, archiv\u00e9es et d\u00e9truites La protection des donn\u00e9es ne s\u2019arr\u00eatent pas aux [&hellip;]\" \/>\n<meta property=\"og:url\" content=\"https:\/\/www.regdata.ch\/fr\/produit_regdata_solution_logiciel_anonymisation_dynamique_donnees_rgdp\/protection_donnees_conformite_cycle_vie_information_valorisation\/data-life-cycle\/\" \/>\n<meta property=\"og:site_name\" content=\"REGDATA\" \/>\n<meta property=\"article:modified_time\" content=\"2022-01-28T17:21:01+00:00\" \/>\n<meta name=\"twitter:card\" content=\"summary_large_image\" \/>\n<meta name=\"twitter:label1\" content=\"Dur\u00e9e de lecture estim\u00e9e\" \/>\n\t<meta name=\"twitter:data1\" content=\"1 minute\" \/>\n<script type=\"application\/ld+json\" class=\"yoast-schema-graph\">{\"@context\":\"https:\/\/schema.org\",\"@graph\":[{\"@type\":\"WebPage\",\"@id\":\"https:\/\/www.regdata.ch\/fr\/produit_regdata_solution_logiciel_anonymisation_dynamique_donnees_rgdp\/protection_donnees_conformite_cycle_vie_information_valorisation\/data-life-cycle\/\",\"url\":\"https:\/\/www.regdata.ch\/fr\/produit_regdata_solution_logiciel_anonymisation_dynamique_donnees_rgdp\/protection_donnees_conformite_cycle_vie_information_valorisation\/data-life-cycle\/\",\"name\":\"Data Life Cycle - REGDATA\",\"isPartOf\":{\"@id\":\"https:\/\/www.regdata.ch\/fr\/#website\"},\"datePublished\":\"2020-06-15T12:04:57+00:00\",\"dateModified\":\"2022-01-28T17:21:01+00:00\",\"breadcrumb\":{\"@id\":\"https:\/\/www.regdata.ch\/fr\/produit_regdata_solution_logiciel_anonymisation_dynamique_donnees_rgdp\/protection_donnees_conformite_cycle_vie_information_valorisation\/data-life-cycle\/#breadcrumb\"},\"inLanguage\":\"fr-FR\",\"potentialAction\":[{\"@type\":\"ReadAction\",\"target\":[\"https:\/\/www.regdata.ch\/fr\/produit_regdata_solution_logiciel_anonymisation_dynamique_donnees_rgdp\/protection_donnees_conformite_cycle_vie_information_valorisation\/data-life-cycle\/\"]}]},{\"@type\":\"BreadcrumbList\",\"@id\":\"https:\/\/www.regdata.ch\/fr\/produit_regdata_solution_logiciel_anonymisation_dynamique_donnees_rgdp\/protection_donnees_conformite_cycle_vie_information_valorisation\/data-life-cycle\/#breadcrumb\",\"itemListElement\":[{\"@type\":\"ListItem\",\"position\":1,\"name\":\"Accueil\",\"item\":\"https:\/\/www.regdata.ch\/fr\/\"},{\"@type\":\"ListItem\",\"position\":2,\"name\":\"Produit\",\"item\":\"https:\/\/www.regdata.ch\/fr\/produit_regdata_solution_logiciel_anonymisation_dynamique_donnees_rgdp\/\"},{\"@type\":\"ListItem\",\"position\":3,\"name\":\"Type de services\",\"item\":\"https:\/\/www.regdata.ch\/fr\/produit_regdata_solution_logiciel_anonymisation_dynamique_donnees_rgdp\/protection_donnees_conformite_cycle_vie_information_valorisation\/\"},{\"@type\":\"ListItem\",\"position\":4,\"name\":\"Data Life Cycle\"}]},{\"@type\":\"WebSite\",\"@id\":\"https:\/\/www.regdata.ch\/fr\/#website\",\"url\":\"https:\/\/www.regdata.ch\/fr\/\",\"name\":\"REGDATA\",\"description\":\"\",\"publisher\":{\"@id\":\"https:\/\/www.regdata.ch\/fr\/#organization\"},\"potentialAction\":[{\"@type\":\"SearchAction\",\"target\":{\"@type\":\"EntryPoint\",\"urlTemplate\":\"https:\/\/www.regdata.ch\/fr\/?s={search_term_string}\"},\"query-input\":\"required name=search_term_string\"}],\"inLanguage\":\"fr-FR\"},{\"@type\":\"Organization\",\"@id\":\"https:\/\/www.regdata.ch\/fr\/#organization\",\"name\":\"REGDATA SA\",\"url\":\"https:\/\/www.regdata.ch\/fr\/\",\"logo\":{\"@type\":\"ImageObject\",\"inLanguage\":\"fr-FR\",\"@id\":\"https:\/\/www.regdata.ch\/fr\/#\/schema\/logo\/image\/\",\"url\":\"https:\/\/www.regdata.ch\/wp-content\/uploads\/2020\/06\/favicon.png\",\"contentUrl\":\"https:\/\/www.regdata.ch\/wp-content\/uploads\/2020\/06\/favicon.png\",\"width\":71,\"height\":71,\"caption\":\"REGDATA SA\"},\"image\":{\"@id\":\"https:\/\/www.regdata.ch\/fr\/#\/schema\/logo\/image\/\"}}]}<\/script>\n<!-- \/ Yoast SEO plugin. -->","yoast_head_json":{"title":"Data Life Cycle - REGDATA","robots":{"index":"index","follow":"follow","max-snippet":"max-snippet:-1","max-image-preview":"max-image-preview:large","max-video-preview":"max-video-preview:-1"},"canonical":"https:\/\/www.regdata.ch\/fr\/produit_regdata_solution_logiciel_anonymisation_dynamique_donnees_rgdp\/protection_donnees_conformite_cycle_vie_information_valorisation\/data-life-cycle\/","og_locale":"fr_FR","og_type":"article","og_title":"Data Life Cycle - REGDATA","og_description":"retour Data Life Cycle Protection et d\u00e9protection dynamique pour les donn\u00e9es en production Reversibilit\u00e9 des protections dans le temps pour les donn\u00e9es prot\u00e9g\u00e9es sauvegard\u00e9es Acc\u00e8s dynamique et en clair par les utilisateurs autoris\u00e9s aux donn\u00e9es confidentielles archiv\u00e9es Tra\u00e7age en temps r\u00e9el des donn\u00e9es sauvegard\u00e9es, archiv\u00e9es et d\u00e9truites La protection des donn\u00e9es ne s\u2019arr\u00eatent pas aux [&hellip;]","og_url":"https:\/\/www.regdata.ch\/fr\/produit_regdata_solution_logiciel_anonymisation_dynamique_donnees_rgdp\/protection_donnees_conformite_cycle_vie_information_valorisation\/data-life-cycle\/","og_site_name":"REGDATA","article_modified_time":"2022-01-28T17:21:01+00:00","twitter_card":"summary_large_image","twitter_misc":{"Dur\u00e9e de lecture estim\u00e9e":"1 minute"},"schema":{"@context":"https:\/\/schema.org","@graph":[{"@type":"WebPage","@id":"https:\/\/www.regdata.ch\/fr\/produit_regdata_solution_logiciel_anonymisation_dynamique_donnees_rgdp\/protection_donnees_conformite_cycle_vie_information_valorisation\/data-life-cycle\/","url":"https:\/\/www.regdata.ch\/fr\/produit_regdata_solution_logiciel_anonymisation_dynamique_donnees_rgdp\/protection_donnees_conformite_cycle_vie_information_valorisation\/data-life-cycle\/","name":"Data Life Cycle - REGDATA","isPartOf":{"@id":"https:\/\/www.regdata.ch\/fr\/#website"},"datePublished":"2020-06-15T12:04:57+00:00","dateModified":"2022-01-28T17:21:01+00:00","breadcrumb":{"@id":"https:\/\/www.regdata.ch\/fr\/produit_regdata_solution_logiciel_anonymisation_dynamique_donnees_rgdp\/protection_donnees_conformite_cycle_vie_information_valorisation\/data-life-cycle\/#breadcrumb"},"inLanguage":"fr-FR","potentialAction":[{"@type":"ReadAction","target":["https:\/\/www.regdata.ch\/fr\/produit_regdata_solution_logiciel_anonymisation_dynamique_donnees_rgdp\/protection_donnees_conformite_cycle_vie_information_valorisation\/data-life-cycle\/"]}]},{"@type":"BreadcrumbList","@id":"https:\/\/www.regdata.ch\/fr\/produit_regdata_solution_logiciel_anonymisation_dynamique_donnees_rgdp\/protection_donnees_conformite_cycle_vie_information_valorisation\/data-life-cycle\/#breadcrumb","itemListElement":[{"@type":"ListItem","position":1,"name":"Accueil","item":"https:\/\/www.regdata.ch\/fr\/"},{"@type":"ListItem","position":2,"name":"Produit","item":"https:\/\/www.regdata.ch\/fr\/produit_regdata_solution_logiciel_anonymisation_dynamique_donnees_rgdp\/"},{"@type":"ListItem","position":3,"name":"Type de services","item":"https:\/\/www.regdata.ch\/fr\/produit_regdata_solution_logiciel_anonymisation_dynamique_donnees_rgdp\/protection_donnees_conformite_cycle_vie_information_valorisation\/"},{"@type":"ListItem","position":4,"name":"Data Life Cycle"}]},{"@type":"WebSite","@id":"https:\/\/www.regdata.ch\/fr\/#website","url":"https:\/\/www.regdata.ch\/fr\/","name":"REGDATA","description":"","publisher":{"@id":"https:\/\/www.regdata.ch\/fr\/#organization"},"potentialAction":[{"@type":"SearchAction","target":{"@type":"EntryPoint","urlTemplate":"https:\/\/www.regdata.ch\/fr\/?s={search_term_string}"},"query-input":"required name=search_term_string"}],"inLanguage":"fr-FR"},{"@type":"Organization","@id":"https:\/\/www.regdata.ch\/fr\/#organization","name":"REGDATA SA","url":"https:\/\/www.regdata.ch\/fr\/","logo":{"@type":"ImageObject","inLanguage":"fr-FR","@id":"https:\/\/www.regdata.ch\/fr\/#\/schema\/logo\/image\/","url":"https:\/\/www.regdata.ch\/wp-content\/uploads\/2020\/06\/favicon.png","contentUrl":"https:\/\/www.regdata.ch\/wp-content\/uploads\/2020\/06\/favicon.png","width":71,"height":71,"caption":"REGDATA SA"},"image":{"@id":"https:\/\/www.regdata.ch\/fr\/#\/schema\/logo\/image\/"}}]}},"_links":{"self":[{"href":"https:\/\/www.regdata.ch\/fr\/wp-json\/wp\/v2\/pages\/548","targetHints":{"allow":["GET"]}}],"collection":[{"href":"https:\/\/www.regdata.ch\/fr\/wp-json\/wp\/v2\/pages"}],"about":[{"href":"https:\/\/www.regdata.ch\/fr\/wp-json\/wp\/v2\/types\/page"}],"author":[{"embeddable":true,"href":"https:\/\/www.regdata.ch\/fr\/wp-json\/wp\/v2\/users\/1"}],"replies":[{"embeddable":true,"href":"https:\/\/www.regdata.ch\/fr\/wp-json\/wp\/v2\/comments?post=548"}],"version-history":[{"count":22,"href":"https:\/\/www.regdata.ch\/fr\/wp-json\/wp\/v2\/pages\/548\/revisions"}],"predecessor-version":[{"id":2547,"href":"https:\/\/www.regdata.ch\/fr\/wp-json\/wp\/v2\/pages\/548\/revisions\/2547"}],"up":[{"embeddable":true,"href":"https:\/\/www.regdata.ch\/fr\/wp-json\/wp\/v2\/pages\/184"}],"wp:attachment":[{"href":"https:\/\/www.regdata.ch\/fr\/wp-json\/wp\/v2\/media?parent=548"}],"curies":[{"name":"wp","href":"https:\/\/api.w.org\/{rel}","templated":true}]}}