{"id":825,"date":"2020-06-22T12:13:57","date_gmt":"2020-06-22T12:13:57","guid":{"rendered":"https:\/\/regdatadev.affinities.ch\/?page_id=825"},"modified":"2023-11-02T16:12:15","modified_gmt":"2023-11-02T16:12:15","slug":"carrieres","status":"publish","type":"page","link":"https:\/\/www.regdata.ch\/fr\/carrieres\/","title":{"rendered":"Carri\u00e8res"},"content":{"rendered":"<p><img decoding=\"async\" src=\"\/wp-content\/uploads\/2020\/06\/Hexagone_003-modifie.png\" alt=\"\"><\/p>\n<div><a href=\"#\">Nos exceptionnels <span class=\"uk-text-primary\">talents<\/span> font notre <span class=\"uk-text-primary\">succ\u00e8s<\/span><\/a><\/div>\n<hr>\n<div>\n<p>Notre succ\u00e8s, nous le devons au d\u00e9vouement, au talent et \u00e0 la capacit\u00e9 de nos \u00e9quipes \u00e0 innover et pers\u00e9v\u00e9rer.\u00a0<\/p>\n<p>Notre environnement dynamique comblera vos d\u00e9fis personnels et vous serez acteur de la transformation\u00a0 du march\u00e9 de la protection des donn\u00e9es.\u00a0<\/p>\n<p>Si vous \u00eates ouvert d&rsquo;esprit, passionn\u00e9 par la protection des donn\u00e9es et d\u00e9termin\u00e9 \u00e0 donner le meilleur de vous m\u00eames, votre futur est ici !<\/p>\n<p>Rejoignez le leader de la protection dynamique et contextuelle.<\/p>\n<\/div>\n<h1>Il y a actuellement 1 poste \u00e0 pourvoir<\/h1>\n<div>\n<p>    <img decoding=\"async\" src=\"\/wp-content\/uploads\/arrow.svg\" alt=\"\"><\/p>\n<h2>Back End Developer<\/h2>\n<p>Temps plein<\/p>\n<p><a href=\"\/fr\/carrieres\/project-manager\/\"><\/a><\/p>\n<\/div>\n<p><!--more--><br \/>\n<!-- {\"name\":\"Careers\",\"type\":\"layout\",\"children\":[{\"type\":\"section\",\"props\":{\"animation\":\"slide-left-small\",\"header_transparent\":\"light\",\"height\":\"full\",\"image\":\"\",\"image_position\":\"center-left\",\"image_size\":\"contain\",\"padding_remove_bottom\":false,\"padding_remove_top\":false,\"style\":\"default\",\"title_breakpoint\":\"xl\",\"title_position\":\"top-left\",\"title_rotation\":\"left\",\"vertical_align\":\"middle\",\"width\":\"\",\"width_expand\":\"left\"},\"children\":[{\"type\":\"row\",\"props\":{\"column_gap\":\"collapse\",\"layout\":\"1-3,2-3\",\"width_expand\":\"left\"},\"children\":[{\"type\":\"column\",\"props\":{\"image\":\"\",\"image_position\":\"center-left\",\"image_size\":\"contain\",\"media_overlay_gradient\":\"\",\"position_sticky_breakpoint\":\"m\",\"vertical_align\":\"middle\",\"width_medium\":\"1-3\"},\"children\":[{\"type\":\"image\",\"props\":{\"image\":\"wp-content\\\/uploads\\\/2020\\\/06\\\/Hexagone_003-modifie.png\",\"image_svg_color\":\"emphasis\",\"image_width\":\"800\",\"margin\":\"default\"}}]},{\"type\":\"column\",\"props\":{\"image_position\":\"center-center\",\"media_overlay_gradient\":\"\",\"position_sticky_breakpoint\":\"m\",\"width_medium\":\"2-3\"},\"children\":[{\"type\":\"headline\",\"props\":{\"animation\":\"parallax\",\"content\":\"Nos exceptionnels <span class=\\\"uk-text-primary\\\">talents<\\\/span> font notre <span class=\\\"uk-text-primary\\\">succ\\u00e8s<\\\/span>\",\"css\":\".el-element {padding:0;line-height:1.2em}\",\"link\":\"#\",\"margin\":\"default\",\"maxwidth\":\"2xlarge\",\"parallax_easing\":\"1\",\"parallax_end\":\"75vh + 75%\",\"parallax_y\":\"4vh,0\",\"title_element\":\"div\",\"title_style\":\"heading-2xlarge\"}},{\"type\":\"divider\",\"props\":{\"divider_element\":\"hr\",\"position\":\"absolute\",\"position_bottom\":\"510\"}},{\"type\":\"text\",\"props\":{\"column_breakpoint\":\"m\",\"content\":\"\n\n<p>Notre succ\\u00e8s, nous le devons au d\\u00e9vouement, au talent et \\u00e0 la capacit\\u00e9 de nos \\u00e9quipes \\u00e0 innover et pers\\u00e9v\\u00e9rer.\\u00a0<br \\\/><br \\\/>Notre environnement dynamique comblera vos d\\u00e9fis personnels et vous serez acteur de la transformation\\u00a0 du march\\u00e9 de la protection des donn\\u00e9es.\\u00a0<br \\\/><br \\\/>Si vous \\u00eates ouvert d'esprit, passionn\\u00e9 par la protection des donn\\u00e9es et d\\u00e9termin\\u00e9 \\u00e0 donner le meilleur de vous m\\u00eames, votre futur est ici !<br \\\/><br \\\/>Rejoignez le leader de la protection dynamique et contextuelle.<\\\/p>\",\"margin\":\"default\",\"position\":\"absolute\",\"position_bottom\":\"300\"}}]}]}],\"name\":\"entete-modif\"},{\"type\":\"section\",\"props\":{\"animation\":\"slide-left-small\",\"header_transparent\":\"light\",\"id\":\"postes\",\"image\":\"wp-content\\\/uploads\\\/careers-bg.svg\",\"image_position\":\"top-right\",\"media_visibility\":\"l\",\"padding\":\"large\",\"style\":\"default\",\"title_breakpoint\":\"xl\",\"title_position\":\"top-left\",\"title_rotation\":\"left\",\"vertical_align\":\"middle\",\"width\":\"default\"},\"children\":[{\"type\":\"row\",\"children\":[{\"type\":\"column\",\"props\":{\"image_position\":\"center-center\",\"media_overlay_gradient\":\"\",\"position_sticky_breakpoint\":\"m\",\"width_medium\":\"1-1\"},\"children\":[{\"type\":\"headline\",\"props\":{\"content\":\"Il y a actuellement 1 poste \\u00e0 pourvoir\",\"margin\":\"xlarge\",\"position_bottom\":\"0\",\"title_element\":\"h1\",\"title_style\":\"heading-large\"}},{\"type\":\"grid\",\"props\":{\"animation\":\"none\",\"content_column_breakpoint\":\"m\",\"filter_align\":\"left\",\"filter_all\":true,\"filter_grid_breakpoint\":\"m\",\"filter_grid_width\":\"auto\",\"filter_position\":\"top\",\"filter_style\":\"tab\",\"grid_default\":\"1\",\"grid_divider\":true,\"grid_medium\":\"\",\"grid_small\":\"2\",\"icon_width\":80,\"image_align\":\"right\",\"image_grid_breakpoint\":\"s\",\"image_grid_width\":\"auto\",\"image_svg_color\":\"primary\",\"image_svg_inline\":true,\"image_width\":\"40\",\"item_animation\":true,\"link_style\":\"default\",\"link_target\":false,\"link_text\":\"\",\"margin\":\"default\",\"meta_align\":\"below-title\",\"meta_element\":\"div\",\"meta_style\":\"text-meta\",\"panel_link\":true,\"parallax_easing\":\"1\",\"show_content\":false,\"show_image\":true,\"show_link\":true,\"show_meta\":true,\"show_title\":true,\"title_align\":\"top\",\"title_element\":\"h2\",\"title_grid_breakpoint\":\"m\",\"title_grid_width\":\"1-2\",\"title_hover_style\":\"reset\",\"title_style\":\"h1\"},\"children\":[{\"type\":\"grid_item\",\"props\":{\"content\":\"\",\"image\":\"wp-content\\\/uploads\\\/arrow.svg\",\"link\":\"fr\\\/carrieres\\\/project-manager\\\/\",\"meta\":\"Temps plein\",\"title\":\"Back End Developer\"}}]}]}]}],\"name\":\"Careers\"}],\"version\":\"3.0.31\"} --><\/p>\n","protected":false},"excerpt":{"rendered":"<p>Nos exceptionnels talents font notre succ\u00e8s Notre succ\u00e8s, nous le devons au d\u00e9vouement, au talent et \u00e0 la capacit\u00e9 de nos \u00e9quipes \u00e0 innover et pers\u00e9v\u00e9rer.\u00a0 Notre environnement dynamique comblera vos d\u00e9fis personnels et vous serez acteur de la transformation\u00a0 du march\u00e9 de la protection des donn\u00e9es.\u00a0 Si vous \u00eates ouvert d&rsquo;esprit, passionn\u00e9 par la [&hellip;]<\/p>\n","protected":false},"author":1,"featured_media":0,"parent":0,"menu_order":0,"comment_status":"closed","ping_status":"closed","template":"","meta":{"footnotes":""},"class_list":["post-825","page","type-page","status-publish","hentry"],"yoast_head":"<!-- This site is optimized with the Yoast SEO plugin v21.5 - https:\/\/yoast.com\/wordpress\/plugins\/seo\/ -->\n<title>Carri\u00e8res - REGDATA<\/title>\n<meta name=\"robots\" content=\"index, follow, max-snippet:-1, max-image-preview:large, max-video-preview:-1\" \/>\n<link rel=\"canonical\" href=\"https:\/\/www.regdata.ch\/fr\/carrieres\/\" \/>\n<meta property=\"og:locale\" content=\"fr_FR\" \/>\n<meta property=\"og:type\" content=\"article\" \/>\n<meta property=\"og:title\" content=\"Carri\u00e8res - REGDATA\" \/>\n<meta property=\"og:description\" content=\"Nos exceptionnels talents font notre succ\u00e8s Notre succ\u00e8s, nous le devons au d\u00e9vouement, au talent et \u00e0 la capacit\u00e9 de nos \u00e9quipes \u00e0 innover et pers\u00e9v\u00e9rer.\u00a0 Notre environnement dynamique comblera vos d\u00e9fis personnels et vous serez acteur de la transformation\u00a0 du march\u00e9 de la protection des donn\u00e9es.\u00a0 Si vous \u00eates ouvert d&rsquo;esprit, passionn\u00e9 par la [&hellip;]\" \/>\n<meta property=\"og:url\" content=\"https:\/\/www.regdata.ch\/fr\/carrieres\/\" \/>\n<meta property=\"og:site_name\" content=\"REGDATA\" \/>\n<meta property=\"article:modified_time\" content=\"2023-11-02T16:12:15+00:00\" \/>\n<meta name=\"twitter:card\" content=\"summary_large_image\" \/>\n<meta name=\"twitter:label1\" content=\"Dur\u00e9e de lecture estim\u00e9e\" \/>\n\t<meta name=\"twitter:data1\" content=\"2 minutes\" \/>\n<script type=\"application\/ld+json\" class=\"yoast-schema-graph\">{\"@context\":\"https:\/\/schema.org\",\"@graph\":[{\"@type\":\"WebPage\",\"@id\":\"https:\/\/www.regdata.ch\/fr\/carrieres\/\",\"url\":\"https:\/\/www.regdata.ch\/fr\/carrieres\/\",\"name\":\"Carri\u00e8res - REGDATA\",\"isPartOf\":{\"@id\":\"https:\/\/www.regdata.ch\/fr\/#website\"},\"datePublished\":\"2020-06-22T12:13:57+00:00\",\"dateModified\":\"2023-11-02T16:12:15+00:00\",\"breadcrumb\":{\"@id\":\"https:\/\/www.regdata.ch\/fr\/carrieres\/#breadcrumb\"},\"inLanguage\":\"fr-FR\",\"potentialAction\":[{\"@type\":\"ReadAction\",\"target\":[\"https:\/\/www.regdata.ch\/fr\/carrieres\/\"]}]},{\"@type\":\"BreadcrumbList\",\"@id\":\"https:\/\/www.regdata.ch\/fr\/carrieres\/#breadcrumb\",\"itemListElement\":[{\"@type\":\"ListItem\",\"position\":1,\"name\":\"Accueil\",\"item\":\"https:\/\/www.regdata.ch\/fr\/\"},{\"@type\":\"ListItem\",\"position\":2,\"name\":\"Carri\u00e8res\"}]},{\"@type\":\"WebSite\",\"@id\":\"https:\/\/www.regdata.ch\/fr\/#website\",\"url\":\"https:\/\/www.regdata.ch\/fr\/\",\"name\":\"REGDATA\",\"description\":\"\",\"publisher\":{\"@id\":\"https:\/\/www.regdata.ch\/fr\/#organization\"},\"potentialAction\":[{\"@type\":\"SearchAction\",\"target\":{\"@type\":\"EntryPoint\",\"urlTemplate\":\"https:\/\/www.regdata.ch\/fr\/?s={search_term_string}\"},\"query-input\":\"required name=search_term_string\"}],\"inLanguage\":\"fr-FR\"},{\"@type\":\"Organization\",\"@id\":\"https:\/\/www.regdata.ch\/fr\/#organization\",\"name\":\"REGDATA SA\",\"url\":\"https:\/\/www.regdata.ch\/fr\/\",\"logo\":{\"@type\":\"ImageObject\",\"inLanguage\":\"fr-FR\",\"@id\":\"https:\/\/www.regdata.ch\/fr\/#\/schema\/logo\/image\/\",\"url\":\"https:\/\/www.regdata.ch\/wp-content\/uploads\/2020\/06\/favicon.png\",\"contentUrl\":\"https:\/\/www.regdata.ch\/wp-content\/uploads\/2020\/06\/favicon.png\",\"width\":71,\"height\":71,\"caption\":\"REGDATA SA\"},\"image\":{\"@id\":\"https:\/\/www.regdata.ch\/fr\/#\/schema\/logo\/image\/\"}}]}<\/script>\n<!-- \/ Yoast SEO plugin. -->","yoast_head_json":{"title":"Carri\u00e8res - REGDATA","robots":{"index":"index","follow":"follow","max-snippet":"max-snippet:-1","max-image-preview":"max-image-preview:large","max-video-preview":"max-video-preview:-1"},"canonical":"https:\/\/www.regdata.ch\/fr\/carrieres\/","og_locale":"fr_FR","og_type":"article","og_title":"Carri\u00e8res - REGDATA","og_description":"Nos exceptionnels talents font notre succ\u00e8s Notre succ\u00e8s, nous le devons au d\u00e9vouement, au talent et \u00e0 la capacit\u00e9 de nos \u00e9quipes \u00e0 innover et pers\u00e9v\u00e9rer.\u00a0 Notre environnement dynamique comblera vos d\u00e9fis personnels et vous serez acteur de la transformation\u00a0 du march\u00e9 de la protection des donn\u00e9es.\u00a0 Si vous \u00eates ouvert d&rsquo;esprit, passionn\u00e9 par la [&hellip;]","og_url":"https:\/\/www.regdata.ch\/fr\/carrieres\/","og_site_name":"REGDATA","article_modified_time":"2023-11-02T16:12:15+00:00","twitter_card":"summary_large_image","twitter_misc":{"Dur\u00e9e de lecture estim\u00e9e":"2 minutes"},"schema":{"@context":"https:\/\/schema.org","@graph":[{"@type":"WebPage","@id":"https:\/\/www.regdata.ch\/fr\/carrieres\/","url":"https:\/\/www.regdata.ch\/fr\/carrieres\/","name":"Carri\u00e8res - REGDATA","isPartOf":{"@id":"https:\/\/www.regdata.ch\/fr\/#website"},"datePublished":"2020-06-22T12:13:57+00:00","dateModified":"2023-11-02T16:12:15+00:00","breadcrumb":{"@id":"https:\/\/www.regdata.ch\/fr\/carrieres\/#breadcrumb"},"inLanguage":"fr-FR","potentialAction":[{"@type":"ReadAction","target":["https:\/\/www.regdata.ch\/fr\/carrieres\/"]}]},{"@type":"BreadcrumbList","@id":"https:\/\/www.regdata.ch\/fr\/carrieres\/#breadcrumb","itemListElement":[{"@type":"ListItem","position":1,"name":"Accueil","item":"https:\/\/www.regdata.ch\/fr\/"},{"@type":"ListItem","position":2,"name":"Carri\u00e8res"}]},{"@type":"WebSite","@id":"https:\/\/www.regdata.ch\/fr\/#website","url":"https:\/\/www.regdata.ch\/fr\/","name":"REGDATA","description":"","publisher":{"@id":"https:\/\/www.regdata.ch\/fr\/#organization"},"potentialAction":[{"@type":"SearchAction","target":{"@type":"EntryPoint","urlTemplate":"https:\/\/www.regdata.ch\/fr\/?s={search_term_string}"},"query-input":"required name=search_term_string"}],"inLanguage":"fr-FR"},{"@type":"Organization","@id":"https:\/\/www.regdata.ch\/fr\/#organization","name":"REGDATA SA","url":"https:\/\/www.regdata.ch\/fr\/","logo":{"@type":"ImageObject","inLanguage":"fr-FR","@id":"https:\/\/www.regdata.ch\/fr\/#\/schema\/logo\/image\/","url":"https:\/\/www.regdata.ch\/wp-content\/uploads\/2020\/06\/favicon.png","contentUrl":"https:\/\/www.regdata.ch\/wp-content\/uploads\/2020\/06\/favicon.png","width":71,"height":71,"caption":"REGDATA SA"},"image":{"@id":"https:\/\/www.regdata.ch\/fr\/#\/schema\/logo\/image\/"}}]}},"_links":{"self":[{"href":"https:\/\/www.regdata.ch\/fr\/wp-json\/wp\/v2\/pages\/825","targetHints":{"allow":["GET"]}}],"collection":[{"href":"https:\/\/www.regdata.ch\/fr\/wp-json\/wp\/v2\/pages"}],"about":[{"href":"https:\/\/www.regdata.ch\/fr\/wp-json\/wp\/v2\/types\/page"}],"author":[{"embeddable":true,"href":"https:\/\/www.regdata.ch\/fr\/wp-json\/wp\/v2\/users\/1"}],"replies":[{"embeddable":true,"href":"https:\/\/www.regdata.ch\/fr\/wp-json\/wp\/v2\/comments?post=825"}],"version-history":[{"count":87,"href":"https:\/\/www.regdata.ch\/fr\/wp-json\/wp\/v2\/pages\/825\/revisions"}],"predecessor-version":[{"id":2663,"href":"https:\/\/www.regdata.ch\/fr\/wp-json\/wp\/v2\/pages\/825\/revisions\/2663"}],"wp:attachment":[{"href":"https:\/\/www.regdata.ch\/fr\/wp-json\/wp\/v2\/media?parent=825"}],"curies":[{"name":"wp","href":"https:\/\/api.w.org\/{rel}","templated":true}]}}