{"id":872,"date":"2020-06-22T13:51:07","date_gmt":"2020-06-22T13:51:07","guid":{"rendered":"https:\/\/regdatadev.affinities.ch\/?page_id=872"},"modified":"2022-02-11T16:47:03","modified_gmt":"2022-02-11T16:47:03","slug":"software-analyst","status":"publish","type":"page","link":"https:\/\/www.regdata.ch\/fr\/carrieres\/software-analyst\/","title":{"rendered":"Software Analyst"},"content":{"rendered":"<div><a href=\"\/fr\/carrieres#postes\"><img decoding=\"async\"  class=\"alignnone\" src=\"\/wp-content\/uploads\/2020\/09\/fleche_retour.png\" alt=\"\" style=\"width:25px;\"  \/> <span style=\"font-size:0.7em;padding-left:5px\">retour<\/span><\/a><\/div>\n<h1>Software Analyst<\/h1>\n<h2>Description<\/h2>\n<div>\n<p style=\"text-align: justify;\">Responsabilit\u00e9<\/p>\n<ul style=\"text-align: justify;\">\n<li>Comprendre les exigences et contraintes client<\/li>\n<li>Translation des exigences et contraintes client dans l&rsquo;impl\u00e9mentation logicielle finale<\/li>\n<li>Gestion des attentes client en terme fonctionnelle, technique, temps de r\u00e9alisation<\/li>\n<li>Interface entre le client et nos \u00e9quipes de delivery<\/li>\n<li>Gestion de projet pour de multiples projets d&rsquo;analyses software\u00a0<\/li>\n<\/ul>\n<p style=\"text-align: justify;\">\u00a0<\/p>\n<p style=\"text-align: justify;\">Qualifications<\/p>\n<ul style=\"text-align: justify;\">\n<li>Comp\u00e9tences techniques IT\u00a0<\/li>\n<li>3 ann\u00e9es d&rsquo;exp\u00e9rience :\n<ul>\n<li>R\u00e9daction de document de Software requirement analysis: software requirements specification (SRS) et system requirements specification (SyRS)\u00a0<\/li>\n<li>Document de Software Functional Analysis et allocation: Functional specification (FS)\u00a0<\/li>\n<li>Docuement de Software Design analysis: Software design description (SDD)\u00a0<\/li>\n<li>Interactions avec le client afin de comprendre pr\u00e9cis\u00e9ment ses attentes durant toutes les phases d&rsquo;analyse, de design\u00a0 avant l&rsquo;impl\u00e9mentation logicielle finale de la solution.\u00a0<\/li>\n<\/ul>\n<\/li>\n<li>1 year experience dans la gestion de projet<\/li>\n<li>Connaissance pratique des technologies software<\/li>\n<li>Connaissance pratique r\u00e9seau<\/li>\n<li>Bonne connaissance de syst\u00e8mes IT distribu\u00e9s , VM&rsquo;s clusters<\/li>\n<li>Excellente connaissance de Microsoft Word, Excel et PowerPoint<\/li>\n<li>Parle couramment Fran\u00e7ais, Anglais (oral et \u00e9crit)\u00a0<\/li>\n<li>Connaissance Business g\u00e9n\u00e9rale<\/li>\n<li>Excellente capacit\u00e9 \u00e0 r\u00e9soudre des probl\u00e8mes\u00a0\u00a0<\/li>\n<li>Excellente comp\u00e9tences relationnelles<\/li>\n<li>Bonne fl\u00e9xibilit\u00e9 et adaptabilit\u00e9<\/li>\n<li>Ind\u00e9pendant<\/li>\n<\/ul>\n<p style=\"text-align: justify;\"><strong>\u00a0<\/strong><\/p>\n<p style=\"text-align: justify;\">Un plus<\/p>\n<ul style=\"text-align: justify;\">\n<li>Connaitre les avantages et inconv\u00e9nients des diff\u00e9rents languages de programation\u00a0<\/li>\n<li>Connaitre les avantages et inconv\u00e9nients des diff\u00e9rents frameworks de programmation\u00a0<\/li>\n<li>Connaissance de base des syst\u00e8mes d&rsquo;exploitation Linux et Windows\u00a0<\/li>\n<li>Connaissance de base des protocoles de\u00a0 communication (HTTP, SSH, FTP, etc.)<\/li>\n<li>Connaisaance de base des techniques de protection des donn\u00e9es\u00a0<\/li>\n<li>Connaissance de base des m\u00e9thodes de d\u00e9veloppement agile (SCRUM, Kamban, etc.)<\/li>\n<\/ul>\n<p style=\"text-align: justify;\">\u00a0<\/p>\n<\/div>\n<hr>\n<h2>Nous nous r\u00e9jouissons de recevoir <span class=\"uk-text-primary\"><span class=\"uk-text-primary\">votre candidature.<\/p>\n<p><\/span><\/span><\/p>\n<p class=\"uk-heading-medium\"><span class=\"uk-text-primary\"><span style=\"color: #ffffff;\">Merci d\u2019adresser votre CV \u00e0<\/span>\u00a0info@regdata.ch<\/span><\/p>\n<\/h2>\n<p><!-- {\"children\":[{\"type\":\"section\",\"props\":{\"style\":\"default\",\"width\":\"default\",\"vertical_align\":\"middle\",\"title_position\":\"top-left\",\"title_rotation\":\"left\",\"title_breakpoint\":\"xl\",\"image_position\":\"top-center\",\"padding\":\"large\",\"header_transparent\":\"light\",\"animation\":\"slide-left-small\",\"padding_remove_bottom\":false,\"image\":\"wp-content\\\/uploads\\\/interactive-developer-about-bg.svg\",\"image_size\":\"contain\",\"image_visibility\":\"l\"},\"children\":[{\"type\":\"row\",\"props\":{\"margin\":\"xlarge\"},\"children\":[{\"type\":\"column\",\"props\":{\"image_position\":\"center-center\",\"media_overlay_gradient\":\"\",\"width_medium\":\"1-1\"},\"children\":[{\"type\":\"headline\",\"props\":{\"title_element\":\"div\",\"title_style\":\"heading-small\",\"title_color\":\"primary\",\"content\":\"<img  class=\\\"alignnone\\\" src=\\\"\\\/wp-content\\\/uploads\\\/2020\\\/09\\\/fleche_retour.png\\\" alt=\\\"\\\" style=\\\"width:25px;\\\"  \\\/> <span style=\\\"font-size:0.7em;padding-left:5px\\\">retour<\\\/span>\",\"link\":\"fr\\\/carrieres#postes\"}},{\"type\":\"headline\",\"props\":{\"title_element\":\"h1\",\"title_style\":\"heading-large\",\"content\":\"Software Analyst\"}}]}]},{\"type\":\"row\",\"props\":{\"layout\":\"1-3,2-3\"},\"children\":[{\"type\":\"column\",\"props\":{\"image_position\":\"center-center\",\"media_overlay_gradient\":\"\",\"width_medium\":\"1-3\"},\"children\":[{\"type\":\"headline\",\"props\":{\"title_element\":\"h2\",\"animation\":\"none\",\"content\":\"Description\"}}]},{\"type\":\"column\",\"props\":{\"image_position\":\"center-center\",\"media_overlay_gradient\":\"\",\"width_medium\":\"2-3\"},\"children\":[{\"type\":\"text\",\"props\":{\"margin\":\"default\",\"column_breakpoint\":\"m\",\"animation\":\"none\",\"content\":\"\n\n<p style=\\\"text-align: justify;\\\">Responsabilit\\u00e9<\\\/p>\\n\n\n<ul style=\\\"text-align: justify;\\\">\\n\n\n<li>Comprendre les exigences et contraintes client<\\\/li>\\n\n\n<li>Translation des exigences et contraintes client dans l'impl\\u00e9mentation logicielle finale<\\\/li>\\n\n\n<li>Gestion des attentes client en terme fonctionnelle, technique, temps de r\\u00e9alisation<\\\/li>\\n\n\n<li>Interface entre le client et nos \\u00e9quipes de delivery<\\\/li>\\n\n\n<li>Gestion de projet pour de multiples projets d'analyses software\\u00a0<\\\/li>\\n<\\\/ul>\\n\n\n<p style=\\\"text-align: justify;\\\">\\u00a0<\\\/p>\\n\n\n<p style=\\\"text-align: justify;\\\">Qualifications<\\\/p>\\n\n\n<ul style=\\\"text-align: justify;\\\">\\n\n\n<li>Comp\\u00e9tences techniques IT\\u00a0<\\\/li>\\n\n\n<li>3 ann\\u00e9es d'exp\\u00e9rience :\\n\n\n<ul>\\n\n\n<li>R\\u00e9daction de document de Software requirement analysis: software requirements specification (SRS) et system requirements specification (SyRS)\\u00a0<\\\/li>\\n\n\n<li>Document de Software Functional Analysis et allocation: Functional specification (FS)\\u00a0<\\\/li>\\n\n\n<li>Docuement de Software Design analysis: Software design description (SDD)\\u00a0<\\\/li>\\n\n\n<li>Interactions avec le client afin de comprendre pr\\u00e9cis\\u00e9ment ses attentes durant toutes les phases d'analyse, de design\\u00a0 avant l'impl\\u00e9mentation logicielle finale de la solution.\\u00a0<\\\/li>\\n<\\\/ul>\\n<\\\/li>\\n\n\n<li>1 year experience dans la gestion de projet<\\\/li>\\n\n\n<li>Connaissance pratique des technologies software<\\\/li>\\n\n\n<li>Connaissance pratique r\\u00e9seau<\\\/li>\\n\n\n<li>Bonne connaissance de syst\\u00e8mes IT distribu\\u00e9s , VM's clusters<\\\/li>\\n\n\n<li>Excellente connaissance de Microsoft Word, Excel et PowerPoint<\\\/li>\\n\n\n<li>Parle couramment Fran\\u00e7ais, Anglais (oral et \\u00e9crit)\\u00a0<\\\/li>\\n\n\n<li>Connaissance Business g\\u00e9n\\u00e9rale<\\\/li>\\n\n\n<li>Excellente capacit\\u00e9 \\u00e0 r\\u00e9soudre des probl\\u00e8mes\\u00a0\\u00a0<\\\/li>\\n\n\n<li>Excellente comp\\u00e9tences relationnelles<\\\/li>\\n\n\n<li>Bonne fl\\u00e9xibilit\\u00e9 et adaptabilit\\u00e9<\\\/li>\\n\n\n<li>Ind\\u00e9pendant<\\\/li>\\n<\\\/ul>\\n\n\n<p style=\\\"text-align: justify;\\\"><strong>\\u00a0<\\\/strong><\\\/p>\\n\n\n<p style=\\\"text-align: justify;\\\">Un plus<\\\/p>\\n\n\n<ul style=\\\"text-align: justify;\\\">\\n\n\n<li>Connaitre les avantages et inconv\\u00e9nients des diff\\u00e9rents languages de programation\\u00a0<\\\/li>\\n\n\n<li>Connaitre les avantages et inconv\\u00e9nients des diff\\u00e9rents frameworks de programmation\\u00a0<\\\/li>\\n\n\n<li>Connaissance de base des syst\\u00e8mes d'exploitation Linux et Windows\\u00a0<\\\/li>\\n\n\n<li>Connaissance de base des protocoles de\\u00a0 communication (HTTP, SSH, FTP, etc.)<\\\/li>\\n\n\n<li>Connaisaance de base des techniques de protection des donn\\u00e9es\\u00a0<\\\/li>\\n\n\n<li>Connaissance de base des m\\u00e9thodes de d\\u00e9veloppement agile (SCRUM, Kamban, etc.)<\\\/li>\\n<\\\/ul>\\n\n\n<p style=\\\"text-align: justify;\\\">\\u00a0<\\\/p>\"}}]}]},{\"type\":\"row\",\"props\":{\"margin\":\"large\"},\"children\":[{\"type\":\"column\",\"props\":{\"image_position\":\"center-center\",\"media_overlay_gradient\":\"\",\"width_medium\":\"1-1\"},\"children\":[{\"type\":\"divider\",\"props\":{\"divider_element\":\"hr\",\"divider_style\":\"\",\"divider_align\":\"\",\"divider_align_breakpoint\":\"\",\"divider_align_fallback\":\"\",\"animation\":\"none\"}}]}]}],\"name\":\"About\"},{\"type\":\"section\",\"props\":{\"style\":\"secondary\",\"width\":\"default\",\"vertical_align\":\"middle\",\"title_position\":\"top-left\",\"title_rotation\":\"left\",\"title_breakpoint\":\"xl\",\"image_position\":\"center-center\",\"padding\":\"large\",\"padding_remove_bottom\":false},\"children\":[{\"type\":\"row\",\"props\":{\"margin\":\"default\"},\"children\":[{\"type\":\"column\",\"props\":{\"image_position\":\"center-center\",\"media_overlay_gradient\":\"\",\"width_medium\":\"1-1\"},\"children\":[{\"type\":\"headline\",\"props\":{\"title_element\":\"h2\",\"title_style\":\"heading-medium\",\"content\":\"Nous nous r\\u00e9jouissons de recevoir <span class=\\\"uk-text-primary\\\"><span class=\\\"uk-text-primary\\\">votre candidature.<br \\\/><br \\\/><\\\/span><\\\/span>\\n\n\n<p class=\\\"uk-heading-medium\\\"><span class=\\\"uk-text-primary\\\"><span style=\\\"color: #ffffff;\\\">Merci d\\u2019adresser votre CV \\u00e0<\\\/span>\\u00a0info@regdata.ch<\\\/span><\\\/p>\",\"link\":\"\"}}]}]}],\"name\":\"Call to Action\"}],\"version\":\"2.2.5\",\"type\":\"layout\"} --><\/p>\n","protected":false},"excerpt":{"rendered":"<p>retour Software Analyst Description Responsabilit\u00e9 Comprendre les exigences et contraintes client Translation des exigences et contraintes client dans l&rsquo;impl\u00e9mentation logicielle finale Gestion des attentes client en terme fonctionnelle, technique, temps de r\u00e9alisation Interface entre le client et nos \u00e9quipes de delivery Gestion de projet pour de multiples projets d&rsquo;analyses software\u00a0 \u00a0 Qualifications Comp\u00e9tences techniques IT\u00a0 [&hellip;]<\/p>\n","protected":false},"author":1,"featured_media":0,"parent":825,"menu_order":0,"comment_status":"closed","ping_status":"closed","template":"","meta":{"footnotes":""},"class_list":["post-872","page","type-page","status-publish","hentry"],"yoast_head":"<!-- This site is optimized with the Yoast SEO plugin v21.5 - https:\/\/yoast.com\/wordpress\/plugins\/seo\/ -->\n<title>Software Analyst - REGDATA<\/title>\n<meta name=\"robots\" content=\"index, follow, max-snippet:-1, max-image-preview:large, max-video-preview:-1\" \/>\n<link rel=\"canonical\" href=\"https:\/\/www.regdata.ch\/fr\/carrieres\/software-analyst\/\" \/>\n<meta property=\"og:locale\" content=\"fr_FR\" \/>\n<meta property=\"og:type\" content=\"article\" \/>\n<meta property=\"og:title\" content=\"Software Analyst - REGDATA\" \/>\n<meta property=\"og:description\" content=\"retour Software Analyst Description Responsabilit\u00e9 Comprendre les exigences et contraintes client Translation des exigences et contraintes client dans l&rsquo;impl\u00e9mentation logicielle finale Gestion des attentes client en terme fonctionnelle, technique, temps de r\u00e9alisation Interface entre le client et nos \u00e9quipes de delivery Gestion de projet pour de multiples projets d&rsquo;analyses software\u00a0 \u00a0 Qualifications Comp\u00e9tences techniques IT\u00a0 [&hellip;]\" \/>\n<meta property=\"og:url\" content=\"https:\/\/www.regdata.ch\/fr\/carrieres\/software-analyst\/\" \/>\n<meta property=\"og:site_name\" content=\"REGDATA\" \/>\n<meta property=\"article:modified_time\" content=\"2022-02-11T16:47:03+00:00\" \/>\n<meta name=\"twitter:card\" content=\"summary_large_image\" \/>\n<meta name=\"twitter:label1\" content=\"Dur\u00e9e de lecture estim\u00e9e\" \/>\n\t<meta name=\"twitter:data1\" content=\"1 minute\" \/>\n<script type=\"application\/ld+json\" class=\"yoast-schema-graph\">{\"@context\":\"https:\/\/schema.org\",\"@graph\":[{\"@type\":\"WebPage\",\"@id\":\"https:\/\/www.regdata.ch\/fr\/carrieres\/software-analyst\/\",\"url\":\"https:\/\/www.regdata.ch\/fr\/carrieres\/software-analyst\/\",\"name\":\"Software Analyst - REGDATA\",\"isPartOf\":{\"@id\":\"https:\/\/www.regdata.ch\/fr\/#website\"},\"datePublished\":\"2020-06-22T13:51:07+00:00\",\"dateModified\":\"2022-02-11T16:47:03+00:00\",\"breadcrumb\":{\"@id\":\"https:\/\/www.regdata.ch\/fr\/carrieres\/software-analyst\/#breadcrumb\"},\"inLanguage\":\"fr-FR\",\"potentialAction\":[{\"@type\":\"ReadAction\",\"target\":[\"https:\/\/www.regdata.ch\/fr\/carrieres\/software-analyst\/\"]}]},{\"@type\":\"BreadcrumbList\",\"@id\":\"https:\/\/www.regdata.ch\/fr\/carrieres\/software-analyst\/#breadcrumb\",\"itemListElement\":[{\"@type\":\"ListItem\",\"position\":1,\"name\":\"Accueil\",\"item\":\"https:\/\/www.regdata.ch\/fr\/\"},{\"@type\":\"ListItem\",\"position\":2,\"name\":\"Carri\u00e8res\",\"item\":\"https:\/\/www.regdata.ch\/fr\/carrieres\/\"},{\"@type\":\"ListItem\",\"position\":3,\"name\":\"Software Analyst\"}]},{\"@type\":\"WebSite\",\"@id\":\"https:\/\/www.regdata.ch\/fr\/#website\",\"url\":\"https:\/\/www.regdata.ch\/fr\/\",\"name\":\"REGDATA\",\"description\":\"\",\"publisher\":{\"@id\":\"https:\/\/www.regdata.ch\/fr\/#organization\"},\"potentialAction\":[{\"@type\":\"SearchAction\",\"target\":{\"@type\":\"EntryPoint\",\"urlTemplate\":\"https:\/\/www.regdata.ch\/fr\/?s={search_term_string}\"},\"query-input\":\"required name=search_term_string\"}],\"inLanguage\":\"fr-FR\"},{\"@type\":\"Organization\",\"@id\":\"https:\/\/www.regdata.ch\/fr\/#organization\",\"name\":\"REGDATA SA\",\"url\":\"https:\/\/www.regdata.ch\/fr\/\",\"logo\":{\"@type\":\"ImageObject\",\"inLanguage\":\"fr-FR\",\"@id\":\"https:\/\/www.regdata.ch\/fr\/#\/schema\/logo\/image\/\",\"url\":\"https:\/\/www.regdata.ch\/wp-content\/uploads\/2020\/06\/favicon.png\",\"contentUrl\":\"https:\/\/www.regdata.ch\/wp-content\/uploads\/2020\/06\/favicon.png\",\"width\":71,\"height\":71,\"caption\":\"REGDATA SA\"},\"image\":{\"@id\":\"https:\/\/www.regdata.ch\/fr\/#\/schema\/logo\/image\/\"}}]}<\/script>\n<!-- \/ Yoast SEO plugin. -->","yoast_head_json":{"title":"Software Analyst - REGDATA","robots":{"index":"index","follow":"follow","max-snippet":"max-snippet:-1","max-image-preview":"max-image-preview:large","max-video-preview":"max-video-preview:-1"},"canonical":"https:\/\/www.regdata.ch\/fr\/carrieres\/software-analyst\/","og_locale":"fr_FR","og_type":"article","og_title":"Software Analyst - REGDATA","og_description":"retour Software Analyst Description Responsabilit\u00e9 Comprendre les exigences et contraintes client Translation des exigences et contraintes client dans l&rsquo;impl\u00e9mentation logicielle finale Gestion des attentes client en terme fonctionnelle, technique, temps de r\u00e9alisation Interface entre le client et nos \u00e9quipes de delivery Gestion de projet pour de multiples projets d&rsquo;analyses software\u00a0 \u00a0 Qualifications Comp\u00e9tences techniques IT\u00a0 [&hellip;]","og_url":"https:\/\/www.regdata.ch\/fr\/carrieres\/software-analyst\/","og_site_name":"REGDATA","article_modified_time":"2022-02-11T16:47:03+00:00","twitter_card":"summary_large_image","twitter_misc":{"Dur\u00e9e de lecture estim\u00e9e":"1 minute"},"schema":{"@context":"https:\/\/schema.org","@graph":[{"@type":"WebPage","@id":"https:\/\/www.regdata.ch\/fr\/carrieres\/software-analyst\/","url":"https:\/\/www.regdata.ch\/fr\/carrieres\/software-analyst\/","name":"Software Analyst - REGDATA","isPartOf":{"@id":"https:\/\/www.regdata.ch\/fr\/#website"},"datePublished":"2020-06-22T13:51:07+00:00","dateModified":"2022-02-11T16:47:03+00:00","breadcrumb":{"@id":"https:\/\/www.regdata.ch\/fr\/carrieres\/software-analyst\/#breadcrumb"},"inLanguage":"fr-FR","potentialAction":[{"@type":"ReadAction","target":["https:\/\/www.regdata.ch\/fr\/carrieres\/software-analyst\/"]}]},{"@type":"BreadcrumbList","@id":"https:\/\/www.regdata.ch\/fr\/carrieres\/software-analyst\/#breadcrumb","itemListElement":[{"@type":"ListItem","position":1,"name":"Accueil","item":"https:\/\/www.regdata.ch\/fr\/"},{"@type":"ListItem","position":2,"name":"Carri\u00e8res","item":"https:\/\/www.regdata.ch\/fr\/carrieres\/"},{"@type":"ListItem","position":3,"name":"Software Analyst"}]},{"@type":"WebSite","@id":"https:\/\/www.regdata.ch\/fr\/#website","url":"https:\/\/www.regdata.ch\/fr\/","name":"REGDATA","description":"","publisher":{"@id":"https:\/\/www.regdata.ch\/fr\/#organization"},"potentialAction":[{"@type":"SearchAction","target":{"@type":"EntryPoint","urlTemplate":"https:\/\/www.regdata.ch\/fr\/?s={search_term_string}"},"query-input":"required name=search_term_string"}],"inLanguage":"fr-FR"},{"@type":"Organization","@id":"https:\/\/www.regdata.ch\/fr\/#organization","name":"REGDATA SA","url":"https:\/\/www.regdata.ch\/fr\/","logo":{"@type":"ImageObject","inLanguage":"fr-FR","@id":"https:\/\/www.regdata.ch\/fr\/#\/schema\/logo\/image\/","url":"https:\/\/www.regdata.ch\/wp-content\/uploads\/2020\/06\/favicon.png","contentUrl":"https:\/\/www.regdata.ch\/wp-content\/uploads\/2020\/06\/favicon.png","width":71,"height":71,"caption":"REGDATA SA"},"image":{"@id":"https:\/\/www.regdata.ch\/fr\/#\/schema\/logo\/image\/"}}]}},"_links":{"self":[{"href":"https:\/\/www.regdata.ch\/fr\/wp-json\/wp\/v2\/pages\/872","targetHints":{"allow":["GET"]}}],"collection":[{"href":"https:\/\/www.regdata.ch\/fr\/wp-json\/wp\/v2\/pages"}],"about":[{"href":"https:\/\/www.regdata.ch\/fr\/wp-json\/wp\/v2\/types\/page"}],"author":[{"embeddable":true,"href":"https:\/\/www.regdata.ch\/fr\/wp-json\/wp\/v2\/users\/1"}],"replies":[{"embeddable":true,"href":"https:\/\/www.regdata.ch\/fr\/wp-json\/wp\/v2\/comments?post=872"}],"version-history":[{"count":22,"href":"https:\/\/www.regdata.ch\/fr\/wp-json\/wp\/v2\/pages\/872\/revisions"}],"predecessor-version":[{"id":2603,"href":"https:\/\/www.regdata.ch\/fr\/wp-json\/wp\/v2\/pages\/872\/revisions\/2603"}],"up":[{"embeddable":true,"href":"https:\/\/www.regdata.ch\/fr\/wp-json\/wp\/v2\/pages\/825"}],"wp:attachment":[{"href":"https:\/\/www.regdata.ch\/fr\/wp-json\/wp\/v2\/media?parent=872"}],"curies":[{"name":"wp","href":"https:\/\/api.w.org\/{rel}","templated":true}]}}