{"id":900,"date":"2020-08-12T12:43:21","date_gmt":"2020-08-12T12:43:21","guid":{"rendered":"https:\/\/regdatadev.affinities.ch\/?page_id=900"},"modified":"2022-01-28T17:23:17","modified_gmt":"2022-01-28T17:23:17","slug":"cas-dusage","status":"publish","type":"page","link":"https:\/\/www.regdata.ch\/fr\/produit_regdata_solution_logiciel_anonymisation_dynamique_donnees_rgdp\/cas-dusage\/","title":{"rendered":"Cas d&rsquo;usage"},"content":{"rendered":"<p><img decoding=\"async\" src=\"\/wp-content\/uploads\/2020\/06\/Hexagone_003-modifie.png\" alt=\"\"><\/p>\n<div><a href=\"#\">RPS adresse majoritairement<br \/>5 cas d&rsquo;<span class=\"uk-text-primary\">usage<\/span>:<\/a><\/div>\n<p><a href=\"#suite\"><img decoding=\"async\" src=\"\/wp-content\/uploads\/2020\/09\/fleche_bas.png\" alt=\"\"><\/a><\/p>\n<div>\n<h2>Cloud en toute confiance<\/h2>\n<p>01<\/p>\n<div>\n<p style=\"text-align: justify;\">N\u2019h\u00e9sitez plus \u00e0 aller dans le Cloud.<br \/>Appliquez un paradigme de \u00ab\u00a0Zero Trust\u00a0\u00bb envers les Cloud Provider public et\/ou SaaS editeurs. Toutes vos donn\u00e9es confidentielles sont prot\u00e9g\u00e9es, trac\u00e9es par vous exclusivement.<\/p>\n<\/div>\n<p><a href=\"\/fr\/produit_regdata_solution_logiciel_anonymisation_dynamique_donnees_rgdp\/cas-dusage\/cloud-en-toute-confiance\">En savoir plus<\/a><\/p>\n<\/div>\n<div>\n<h2>Protection contextuelle et dynamique des applications en production<\/h2>\n<p>02<\/p>\n<div>\n<p style=\"text-align: justify;\">Prot\u00e9gez vos applications internes legacy, hybrid cloud, SaaS cloud de mani\u00e8re contextuelle et dynamique sans impact sur leur performance et en pr\u00e9servant leur usabilit\u00e9.<\/p>\n<p style=\"text-align: justify;\">Minimisez vos risques de fuite de donn\u00e9es via des administrateurs de base de donn\u00e9es, des super utilisateurs interne ou faisant partie de soci\u00e9t\u00e9 tierce (SaaS provider, Soci\u00e9t\u00e9 ICT).<\/p>\n<\/div>\n<p><a href=\"\/fr\/produit_regdata_solution_logiciel_anonymisation_dynamique_donnees_rgdp\/cas-dusage\/protection-contextuelle-et-dynamique\">En savoir plus<\/a><\/p>\n<\/div>\n<div>\n<h2>Protection des environnements de tests et developpement <\/h2>\n<p>03<\/p>\n<div>\n<p style=\"text-align: justify;\">Ne laissez pas des soci\u00e9t\u00e9s tierces en charge de vos tests et d\u00e9veloppement s\u2019int\u00e9resser de trop pr\u00e8s \u00e0 vos donn\u00e9es confidentielles et ou personnelles sensibles.<\/p>\n<p style=\"text-align: justify;\">Minimisez votre risque de fuite de donn\u00e9e via les soci\u00e9t\u00e9s tierces, et celui de non conformit\u00e9 (RGDP, FINMA).<\/p>\n<\/div>\n<p><a href=\"\/fr\/produit_regdata_solution_logiciel_anonymisation_dynamique_donnees_rgdp\/cas-dusage\/protection-des-environnements-de-tests-et-developpement\">En savoir plus<\/a><\/p>\n<\/div>\n<div>\n<h2>Protection pour l\u2019externalisation de vos traitements <\/h2>\n<p>04<\/p>\n<div>\n<p style=\"text-align: justify;\">Que cela soit pour des traitements en mode Outsourcing IT-Application ou M\u00e9tier (Business Process Outsourcing), b\u00e9n\u00e9ficiez d\u2019une plateforme de confiance (RPS) qui vous garantira que seules les personnes ayant une finalit\u00e9 de traitement de vos donn\u00e9es confdentielles pourront visualiser vos donn\u00e9es en clair.<\/p>\n<\/div>\n<p><a href=\"\/fr\/produit_regdata_solution_logiciel_anonymisation_dynamique_donnees_rgdp\/cas-dusage\/protection-pour-lexternalisation-de-vos-traitements\">En savoir plus<\/a><\/p>\n<\/div>\n<div>\n<h2>Protection pour des analyses profondes de vos donn\u00e9es<\/h2>\n<p>05<\/p>\n<div>\n<p style=\"text-align: justify;\">Acc\u00e9dez \u00e0 des analyses profondes de vos donn\u00e9es (Machine learning-AI, Big Data analytiques) en masse, de mani\u00e8re s\u00e9curis\u00e9e et conforme aux r\u00e9gulations en vigueur.<\/p>\n<\/div>\n<p><a href=\"\/fr\/produit_regdata_solution_logiciel_anonymisation_dynamique_donnees_rgdp\/cas-dusage\/protection-pour-des-analyses-profondes-de-vos-donnees\">En savoir plus<\/a><\/p>\n<\/div>\n<hr>\n<h2><a href=\"\/fr\/essai-gratuit\">demander <br class=\"uk-visible@s\" \/><span class=\"uk-text-primary\">un essai gratuit&nbsp;&nbsp; <img decoding=\"async\" class=\"alignnone size-full wp-image-123\" src=\"\/wp-content\/uploads\/2020\/06\/goto_try_it.png\" alt=\"\" width=\"80\" \/><\/span><\/a><\/h2>\n<hr>\n<p><!-- {\"name\":\"Solutions par types de services\",\"type\":\"layout\",\"children\":[{\"type\":\"section\",\"props\":{\"style\":\"default\",\"width\":\"\",\"vertical_align\":\"middle\",\"title_position\":\"top-left\",\"title_rotation\":\"left\",\"title_breakpoint\":\"xl\",\"image_position\":\"center-left\",\"width_expand\":\"left\",\"height\":\"full\",\"padding\":\"large\",\"animation\":\"slide-left-medium\",\"image\":\"\",\"image_size\":\"contain\",\"padding_remove_bottom\":false,\"padding_remove_top\":true,\"animation_delay\":true},\"children\":[{\"type\":\"row\",\"props\":{\"layout\":\"1-3,2-3\",\"width_expand\":\"left\",\"height\":\"full\",\"column_gap\":\"collapse\"},\"children\":[{\"type\":\"column\",\"props\":{\"image_position\":\"center-left\",\"media_overlay_gradient\":\"\",\"vertical_align\":\"middle\",\"image\":\"\",\"image_size\":\"contain\",\"width_medium\":\"1-3\"},\"children\":[{\"type\":\"image\",\"props\":{\"margin\":\"default\",\"image_svg_color\":\"emphasis\",\"image\":\"wp-content\\\/uploads\\\/2020\\\/06\\\/Hexagone_003-modifie.png\"}}]},{\"type\":\"column\",\"props\":{\"image_position\":\"center-center\",\"media_overlay_gradient\":\"\",\"vertical_align\":\"middle\",\"width_medium\":\"2-3\"},\"children\":[{\"type\":\"headline\",\"props\":{\"title_element\":\"div\",\"title_style\":\"heading-2xlarge\",\"margin\":\"default\",\"maxwidth\":\"2xlarge\",\"animation\":\"slide-bottom-medium\",\"content\":\"RPS adresse majoritairement<br \\\/>5 cas d'<span class=\\\"uk-text-primary\\\">usage<\\\/span>:\",\"parallax_viewport\":\"0.25\",\"parallax_y_start\":\"4vh\",\"link\":\"#\",\"css\":\".el-element {padding:0;line-height:1.2em}\"}},{\"type\":\"image\",\"props\":{\"margin\":\"large\",\"image_svg_color\":\"emphasis\",\"position\":\"relative\",\"maxwidth\":\"2xlarge\",\"text_align\":\"center\",\"image\":\"wp-content\\\/uploads\\\/2020\\\/09\\\/fleche_bas.png\",\"position_left\":\"-100\",\"link\":\"#suite\",\"image_width\":\"50\"},\"name\":\"fleche-bas\"}]}]}],\"name\":\"Accueil\"},{\"type\":\"section\",\"props\":{\"style\":\"default\",\"width\":\"default\",\"vertical_align\":\"middle\",\"title_position\":\"top-left\",\"title_rotation\":\"left\",\"title_breakpoint\":\"xl\",\"image_position\":\"center-center\",\"id\":\"suite\"},\"children\":[{\"type\":\"row\",\"props\":{\"layout\":\"1-2,1-2\",\"margin\":\"small\",\"match\":true},\"children\":[{\"type\":\"column\",\"props\":{\"image_position\":\"center-center\",\"media_overlay_gradient\":\"\",\"width_medium\":\"1-2\"},\"children\":[{\"type\":\"panel\",\"props\":{\"link_text\":\"En savoir plus\",\"title_hover_style\":\"reset\",\"title_element\":\"h2\",\"title_align\":\"top\",\"title_grid_width\":\"1-2\",\"meta_style\":\"heading-2xlarge\",\"meta_align\":\"above-title\",\"image_align\":\"top\",\"image_grid_width\":\"1-2\",\"image_svg_color\":\"emphasis\",\"link_style\":\"text\",\"margin\":\"default\",\"panel_style\":\"card-default\",\"title_style\":\"heading-xlarge\",\"meta_color\":\"primary\",\"content_margin\":\"medium\",\"link_margin\":\"large\",\"maxwidth\":\"large\",\"animation\":\"none\",\"meta\":\"01\",\"title\":\"Cloud en toute confiance\",\"content\":\"\n\n<p style=\\\"text-align: justify;\\\">N\\u2019h\\u00e9sitez plus \\u00e0 aller dans le Cloud.<br \\\/>Appliquez un paradigme de \\\"Zero Trust\\\" envers les Cloud Provider public et\\\/ou SaaS editeurs. Toutes vos donn\\u00e9es confidentielles sont prot\\u00e9g\\u00e9es, trac\\u00e9es par vous exclusivement.<\\\/p>\",\"link\":\"fr\\\/produit_regdata_solution_logiciel_anonymisation_dynamique_donnees_rgdp\\\/cas-dusage\\\/cloud-en-toute-confiance\\\/\",\"parallax_breakpoint\":\"m\",\"title_grid_breakpoint\":\"m\",\"image_grid_breakpoint\":\"m\",\"css\":\".el-meta {text-decoration:underline;text-underline-position: under;}\\n\\n.el-link {position:absolute;bottom:40px;}\",\"id\":\"cas01\",\"panel_link\":true,\"icon_width\":80,\"meta_element\":\"div\",\"content_column_breakpoint\":\"m\"}}]},{\"type\":\"column\",\"props\":{\"image_position\":\"center-center\",\"media_overlay_gradient\":\"\",\"width_medium\":\"1-2\"},\"children\":[{\"type\":\"panel\",\"props\":{\"link_text\":\"En savoir plus\",\"title_hover_style\":\"reset\",\"title_element\":\"h2\",\"title_align\":\"top\",\"title_grid_width\":\"1-2\",\"meta_style\":\"heading-2xlarge\",\"meta_align\":\"above-title\",\"image_align\":\"top\",\"image_grid_width\":\"1-2\",\"image_svg_color\":\"emphasis\",\"link_style\":\"text\",\"margin\":\"default\",\"panel_style\":\"card-default\",\"title_style\":\"heading-xlarge\",\"meta_color\":\"primary\",\"content_margin\":\"medium\",\"link_margin\":\"large\",\"maxwidth\":\"large\",\"text_align\":\"left\",\"animation\":\"none\",\"meta\":\"02\",\"title\":\"Protection contextuelle et dynamique des applications en production\",\"content\":\"\n\n<p style=\\\"text-align: justify;\\\">Prot\\u00e9gez vos applications internes legacy, hybrid cloud, SaaS cloud de mani\\u00e8re contextuelle et dynamique sans impact sur leur performance et en pr\\u00e9servant leur usabilit\\u00e9.<\\\/p>\\n\n\n<p style=\\\"text-align: justify;\\\">Minimisez vos risques de fuite de donn\\u00e9es via des administrateurs de base de donn\\u00e9es, des super utilisateurs interne ou faisant partie de soci\\u00e9t\\u00e9 tierce (SaaS provider, Soci\\u00e9t\\u00e9 ICT).<\\\/p>\",\"link\":\"fr\\\/produit_regdata_solution_logiciel_anonymisation_dynamique_donnees_rgdp\\\/cas-dusage\\\/protection-contextuelle-et-dynamique\\\/\",\"parallax_breakpoint\":\"m\",\"title_grid_breakpoint\":\"m\",\"image_grid_breakpoint\":\"m\",\"css\":\".el-meta {text-decoration:underline;text-underline-position: under;}\\n.el-link {position:absolute;bottom:40px;}\",\"id\":\"cas02\",\"panel_link\":true,\"icon_width\":80,\"meta_element\":\"div\",\"content_column_breakpoint\":\"m\"}}]}]},{\"type\":\"row\",\"props\":{\"layout\":\"1-2,1-2\",\"margin\":\"medium\",\"match\":true},\"children\":[{\"type\":\"column\",\"props\":{\"image_position\":\"center-center\",\"media_overlay_gradient\":\"\",\"width_medium\":\"1-2\"},\"children\":[{\"type\":\"panel\",\"props\":{\"link_text\":\"En savoir plus\",\"title_hover_style\":\"reset\",\"title_element\":\"h2\",\"title_align\":\"top\",\"title_grid_width\":\"1-2\",\"meta_style\":\"heading-2xlarge\",\"meta_align\":\"above-title\",\"image_align\":\"top\",\"image_grid_width\":\"1-2\",\"image_svg_color\":\"emphasis\",\"link_style\":\"text\",\"margin\":\"default\",\"panel_style\":\"card-default\",\"title_style\":\"heading-xlarge\",\"meta_color\":\"primary\",\"content_margin\":\"medium\",\"link_margin\":\"large\",\"maxwidth\":\"large\",\"animation\":\"none\",\"meta\":\"03\",\"title\":\"Protection des environnements de tests et developpement \",\"content\":\"\n\n<p style=\\\"text-align: justify;\\\">Ne laissez pas des soci\\u00e9t\\u00e9s tierces en charge de vos tests et d\\u00e9veloppement s\\u2019int\\u00e9resser de trop pr\\u00e8s \\u00e0 vos donn\\u00e9es confidentielles et ou personnelles sensibles.<\\\/p>\\n\n\n<p style=\\\"text-align: justify;\\\">Minimisez votre risque de fuite de donn\\u00e9e via les soci\\u00e9t\\u00e9s tierces, et celui de non conformit\\u00e9 (RGDP, FINMA).<\\\/p>\",\"link\":\"fr\\\/produit_regdata_solution_logiciel_anonymisation_dynamique_donnees_rgdp\\\/cas-dusage\\\/protection-des-environnements-de-tests-et-developpement\\\/\",\"parallax_breakpoint\":\"m\",\"title_grid_breakpoint\":\"m\",\"image_grid_breakpoint\":\"m\",\"css\":\".el-meta {text-decoration:underline;text-underline-position: under;}\\n.el-link {position:absolute;bottom:40px;}\",\"id\":\"cas03\",\"panel_link\":true,\"icon_width\":80,\"meta_element\":\"div\",\"content_column_breakpoint\":\"m\"}}]},{\"type\":\"column\",\"props\":{\"image_position\":\"center-center\",\"media_overlay_gradient\":\"\",\"width_medium\":\"1-2\"},\"children\":[{\"type\":\"panel\",\"props\":{\"link_text\":\"En savoir plus\",\"title_hover_style\":\"reset\",\"title_element\":\"h2\",\"title_align\":\"top\",\"title_grid_width\":\"1-2\",\"meta_style\":\"heading-2xlarge\",\"meta_align\":\"above-title\",\"image_align\":\"top\",\"image_grid_width\":\"1-2\",\"image_svg_color\":\"emphasis\",\"link_style\":\"text\",\"margin\":\"default\",\"panel_style\":\"card-default\",\"title_style\":\"heading-xlarge\",\"meta_color\":\"primary\",\"content_margin\":\"medium\",\"link_margin\":\"large\",\"maxwidth\":\"large\",\"text_align\":\"left\",\"animation\":\"none\",\"meta\":\"04\",\"title\":\"Protection pour l\\u2019externalisation de vos traitements \",\"content\":\"\n\n<p style=\\\"text-align: justify;\\\">Que cela soit pour des traitements en mode Outsourcing IT-Application ou M\\u00e9tier (Business Process Outsourcing), b\\u00e9n\\u00e9ficiez d\\u2019une plateforme de confiance (RPS) qui vous garantira que seules les personnes ayant une finalit\\u00e9 de traitement de vos donn\\u00e9es confdentielles pourront visualiser vos donn\\u00e9es en clair.<\\\/p>\",\"link\":\"fr\\\/produit_regdata_solution_logiciel_anonymisation_dynamique_donnees_rgdp\\\/cas-dusage\\\/protection-pour-lexternalisation-de-vos-traitements\\\/\",\"parallax_breakpoint\":\"m\",\"title_grid_breakpoint\":\"m\",\"image_grid_breakpoint\":\"m\",\"css\":\".el-meta {text-decoration:underline;text-underline-position: under;}\\n.el-link {position:absolute;bottom:40px;}\",\"id\":\"cas04\",\"panel_link\":true,\"icon_width\":80,\"meta_element\":\"div\",\"content_column_breakpoint\":\"m\"}}]}]},{\"type\":\"row\",\"props\":{\"layout\":\"1-2,1-2\",\"margin\":\"medium\",\"match\":true},\"children\":[{\"type\":\"column\",\"props\":{\"image_position\":\"center-center\",\"media_overlay_gradient\":\"\",\"width_medium\":\"1-2\"},\"children\":[{\"type\":\"panel\",\"props\":{\"link_text\":\"En savoir plus\",\"title_hover_style\":\"reset\",\"title_element\":\"h2\",\"title_align\":\"top\",\"title_grid_width\":\"1-2\",\"meta_style\":\"heading-2xlarge\",\"meta_align\":\"above-title\",\"image_align\":\"top\",\"image_grid_width\":\"1-2\",\"image_svg_color\":\"emphasis\",\"link_style\":\"text\",\"margin\":\"default\",\"panel_style\":\"card-default\",\"title_style\":\"heading-xlarge\",\"meta_color\":\"primary\",\"content_margin\":\"medium\",\"link_margin\":\"large\",\"maxwidth\":\"large\",\"animation\":\"none\",\"meta\":\"05\",\"title\":\"Protection pour des analyses profondes de vos donn\\u00e9es\",\"content\":\"\n\n<p style=\\\"text-align: justify;\\\">Acc\\u00e9dez \\u00e0 des analyses profondes de vos donn\\u00e9es (Machine learning-AI, Big Data analytiques) en masse, de mani\\u00e8re s\\u00e9curis\\u00e9e et conforme aux r\\u00e9gulations en vigueur.<\\\/p>\",\"link\":\"fr\\\/produit_regdata_solution_logiciel_anonymisation_dynamique_donnees_rgdp\\\/cas-dusage\\\/protection-pour-des-analyses-profondes-de-vos-donnees\\\/\",\"parallax_breakpoint\":\"m\",\"title_grid_breakpoint\":\"m\",\"image_grid_breakpoint\":\"m\",\"css\":\".el-meta {text-decoration:underline;text-underline-position: under;}\\n.el-link {position:absolute;bottom:40px;}\",\"id\":\"cas05\",\"panel_link\":true,\"icon_width\":80,\"meta_element\":\"div\",\"content_column_breakpoint\":\"m\"}}]},{\"type\":\"column\",\"props\":{\"image_position\":\"center-center\",\"media_overlay_gradient\":\"\",\"width_medium\":\"1-2\"},\"children\":[]}]}]},{\"type\":\"section\",\"props\":{\"style\":\"default\",\"width\":\"default\",\"vertical_align\":\"middle\",\"title_position\":\"top-left\",\"title_rotation\":\"left\",\"title_breakpoint\":\"xl\",\"image_position\":\"center-center\",\"padding_remove_top\":false},\"children\":[{\"type\":\"row\",\"props\":{\"layout\":\"expand,large\",\"margin\":\"medium\"},\"children\":[{\"type\":\"column\",\"props\":{\"image_position\":\"center-center\",\"media_overlay_gradient\":\"\",\"width_small\":\"expand\"},\"children\":[]},{\"type\":\"column\",\"props\":{\"image_position\":\"center-center\",\"media_overlay_gradient\":\"\",\"vertical_align\":\"bottom\",\"width_small\":\"large\"},\"children\":[{\"type\":\"divider\",\"props\":{\"divider_element\":\"hr\",\"divider_style\":\"\",\"divider_align\":\"\",\"divider_align_breakpoint\":\"\",\"divider_align_fallback\":\"\"}},{\"type\":\"headline\",\"props\":{\"title_element\":\"h2\",\"title_style\":\"heading-large\",\"content\":\"demander <br class=\\\"uk-visible@s\\\" \\\/><span class=\\\"uk-text-primary\\\">un essai gratuit&nbsp;&nbsp; <img class=\\\"alignnone size-full wp-image-123\\\" src=\\\"\\\/wp-content\\\/uploads\\\/2020\\\/06\\\/goto_try_it.png\\\" alt=\\\"\\\" width=\\\"80\\\" \\\/><\\\/span>\",\"link\":\"fr\\\/essai-gratuit\\\/\",\"link_style\":false,\"link_target\":false}},{\"type\":\"divider\",\"props\":{\"divider_element\":\"hr\",\"divider_style\":\"\",\"divider_align\":\"\",\"divider_align_breakpoint\":\"\",\"divider_align_fallback\":\"\"}}]}]}],\"name\":\"lets go essai\"}],\"version\":\"2.2.5\"} --><\/p>\n","protected":false},"excerpt":{"rendered":"<p>RPS adresse majoritairement5 cas d&rsquo;usage: Cloud en toute confiance 01 N\u2019h\u00e9sitez plus \u00e0 aller dans le Cloud.Appliquez un paradigme de \u00ab\u00a0Zero Trust\u00a0\u00bb envers les Cloud Provider public et\/ou SaaS editeurs. Toutes vos donn\u00e9es confidentielles sont prot\u00e9g\u00e9es, trac\u00e9es par vous exclusivement. En savoir plus Protection contextuelle et dynamique des applications en production 02 Prot\u00e9gez vos applications [&hellip;]<\/p>\n","protected":false},"author":1,"featured_media":0,"parent":1119,"menu_order":0,"comment_status":"closed","ping_status":"closed","template":"","meta":{"footnotes":""},"class_list":["post-900","page","type-page","status-publish","hentry"],"yoast_head":"<!-- This site is optimized with the Yoast SEO plugin v21.5 - https:\/\/yoast.com\/wordpress\/plugins\/seo\/ -->\n<title>Cas d&#039;usage - REGDATA<\/title>\n<meta name=\"robots\" content=\"index, follow, max-snippet:-1, max-image-preview:large, max-video-preview:-1\" \/>\n<link rel=\"canonical\" href=\"https:\/\/www.regdata.ch\/fr\/produit_regdata_solution_logiciel_anonymisation_dynamique_donnees_rgdp\/cas-dusage\/\" \/>\n<meta property=\"og:locale\" content=\"fr_FR\" \/>\n<meta property=\"og:type\" content=\"article\" \/>\n<meta property=\"og:title\" content=\"Cas d&#039;usage - REGDATA\" \/>\n<meta property=\"og:description\" content=\"RPS adresse majoritairement5 cas d&rsquo;usage: Cloud en toute confiance 01 N\u2019h\u00e9sitez plus \u00e0 aller dans le Cloud.Appliquez un paradigme de \u00ab\u00a0Zero Trust\u00a0\u00bb envers les Cloud Provider public et\/ou SaaS editeurs. Toutes vos donn\u00e9es confidentielles sont prot\u00e9g\u00e9es, trac\u00e9es par vous exclusivement. En savoir plus Protection contextuelle et dynamique des applications en production 02 Prot\u00e9gez vos applications [&hellip;]\" \/>\n<meta property=\"og:url\" content=\"https:\/\/www.regdata.ch\/fr\/produit_regdata_solution_logiciel_anonymisation_dynamique_donnees_rgdp\/cas-dusage\/\" \/>\n<meta property=\"og:site_name\" content=\"REGDATA\" \/>\n<meta property=\"article:modified_time\" content=\"2022-01-28T17:23:17+00:00\" \/>\n<meta name=\"twitter:card\" content=\"summary_large_image\" \/>\n<meta name=\"twitter:label1\" content=\"Dur\u00e9e de lecture estim\u00e9e\" \/>\n\t<meta name=\"twitter:data1\" content=\"1 minute\" \/>\n<script type=\"application\/ld+json\" class=\"yoast-schema-graph\">{\"@context\":\"https:\/\/schema.org\",\"@graph\":[{\"@type\":\"WebPage\",\"@id\":\"https:\/\/www.regdata.ch\/fr\/produit_regdata_solution_logiciel_anonymisation_dynamique_donnees_rgdp\/cas-dusage\/\",\"url\":\"https:\/\/www.regdata.ch\/fr\/produit_regdata_solution_logiciel_anonymisation_dynamique_donnees_rgdp\/cas-dusage\/\",\"name\":\"Cas d'usage - REGDATA\",\"isPartOf\":{\"@id\":\"https:\/\/www.regdata.ch\/fr\/#website\"},\"datePublished\":\"2020-08-12T12:43:21+00:00\",\"dateModified\":\"2022-01-28T17:23:17+00:00\",\"breadcrumb\":{\"@id\":\"https:\/\/www.regdata.ch\/fr\/produit_regdata_solution_logiciel_anonymisation_dynamique_donnees_rgdp\/cas-dusage\/#breadcrumb\"},\"inLanguage\":\"fr-FR\",\"potentialAction\":[{\"@type\":\"ReadAction\",\"target\":[\"https:\/\/www.regdata.ch\/fr\/produit_regdata_solution_logiciel_anonymisation_dynamique_donnees_rgdp\/cas-dusage\/\"]}]},{\"@type\":\"BreadcrumbList\",\"@id\":\"https:\/\/www.regdata.ch\/fr\/produit_regdata_solution_logiciel_anonymisation_dynamique_donnees_rgdp\/cas-dusage\/#breadcrumb\",\"itemListElement\":[{\"@type\":\"ListItem\",\"position\":1,\"name\":\"Accueil\",\"item\":\"https:\/\/www.regdata.ch\/fr\/\"},{\"@type\":\"ListItem\",\"position\":2,\"name\":\"Produit\",\"item\":\"https:\/\/www.regdata.ch\/fr\/produit_regdata_solution_logiciel_anonymisation_dynamique_donnees_rgdp\/\"},{\"@type\":\"ListItem\",\"position\":3,\"name\":\"Cas d&rsquo;usage\"}]},{\"@type\":\"WebSite\",\"@id\":\"https:\/\/www.regdata.ch\/fr\/#website\",\"url\":\"https:\/\/www.regdata.ch\/fr\/\",\"name\":\"REGDATA\",\"description\":\"\",\"publisher\":{\"@id\":\"https:\/\/www.regdata.ch\/fr\/#organization\"},\"potentialAction\":[{\"@type\":\"SearchAction\",\"target\":{\"@type\":\"EntryPoint\",\"urlTemplate\":\"https:\/\/www.regdata.ch\/fr\/?s={search_term_string}\"},\"query-input\":\"required name=search_term_string\"}],\"inLanguage\":\"fr-FR\"},{\"@type\":\"Organization\",\"@id\":\"https:\/\/www.regdata.ch\/fr\/#organization\",\"name\":\"REGDATA SA\",\"url\":\"https:\/\/www.regdata.ch\/fr\/\",\"logo\":{\"@type\":\"ImageObject\",\"inLanguage\":\"fr-FR\",\"@id\":\"https:\/\/www.regdata.ch\/fr\/#\/schema\/logo\/image\/\",\"url\":\"https:\/\/www.regdata.ch\/wp-content\/uploads\/2020\/06\/favicon.png\",\"contentUrl\":\"https:\/\/www.regdata.ch\/wp-content\/uploads\/2020\/06\/favicon.png\",\"width\":71,\"height\":71,\"caption\":\"REGDATA SA\"},\"image\":{\"@id\":\"https:\/\/www.regdata.ch\/fr\/#\/schema\/logo\/image\/\"}}]}<\/script>\n<!-- \/ Yoast SEO plugin. -->","yoast_head_json":{"title":"Cas d'usage - REGDATA","robots":{"index":"index","follow":"follow","max-snippet":"max-snippet:-1","max-image-preview":"max-image-preview:large","max-video-preview":"max-video-preview:-1"},"canonical":"https:\/\/www.regdata.ch\/fr\/produit_regdata_solution_logiciel_anonymisation_dynamique_donnees_rgdp\/cas-dusage\/","og_locale":"fr_FR","og_type":"article","og_title":"Cas d'usage - REGDATA","og_description":"RPS adresse majoritairement5 cas d&rsquo;usage: Cloud en toute confiance 01 N\u2019h\u00e9sitez plus \u00e0 aller dans le Cloud.Appliquez un paradigme de \u00ab\u00a0Zero Trust\u00a0\u00bb envers les Cloud Provider public et\/ou SaaS editeurs. Toutes vos donn\u00e9es confidentielles sont prot\u00e9g\u00e9es, trac\u00e9es par vous exclusivement. En savoir plus Protection contextuelle et dynamique des applications en production 02 Prot\u00e9gez vos applications [&hellip;]","og_url":"https:\/\/www.regdata.ch\/fr\/produit_regdata_solution_logiciel_anonymisation_dynamique_donnees_rgdp\/cas-dusage\/","og_site_name":"REGDATA","article_modified_time":"2022-01-28T17:23:17+00:00","twitter_card":"summary_large_image","twitter_misc":{"Dur\u00e9e de lecture estim\u00e9e":"1 minute"},"schema":{"@context":"https:\/\/schema.org","@graph":[{"@type":"WebPage","@id":"https:\/\/www.regdata.ch\/fr\/produit_regdata_solution_logiciel_anonymisation_dynamique_donnees_rgdp\/cas-dusage\/","url":"https:\/\/www.regdata.ch\/fr\/produit_regdata_solution_logiciel_anonymisation_dynamique_donnees_rgdp\/cas-dusage\/","name":"Cas d'usage - REGDATA","isPartOf":{"@id":"https:\/\/www.regdata.ch\/fr\/#website"},"datePublished":"2020-08-12T12:43:21+00:00","dateModified":"2022-01-28T17:23:17+00:00","breadcrumb":{"@id":"https:\/\/www.regdata.ch\/fr\/produit_regdata_solution_logiciel_anonymisation_dynamique_donnees_rgdp\/cas-dusage\/#breadcrumb"},"inLanguage":"fr-FR","potentialAction":[{"@type":"ReadAction","target":["https:\/\/www.regdata.ch\/fr\/produit_regdata_solution_logiciel_anonymisation_dynamique_donnees_rgdp\/cas-dusage\/"]}]},{"@type":"BreadcrumbList","@id":"https:\/\/www.regdata.ch\/fr\/produit_regdata_solution_logiciel_anonymisation_dynamique_donnees_rgdp\/cas-dusage\/#breadcrumb","itemListElement":[{"@type":"ListItem","position":1,"name":"Accueil","item":"https:\/\/www.regdata.ch\/fr\/"},{"@type":"ListItem","position":2,"name":"Produit","item":"https:\/\/www.regdata.ch\/fr\/produit_regdata_solution_logiciel_anonymisation_dynamique_donnees_rgdp\/"},{"@type":"ListItem","position":3,"name":"Cas d&rsquo;usage"}]},{"@type":"WebSite","@id":"https:\/\/www.regdata.ch\/fr\/#website","url":"https:\/\/www.regdata.ch\/fr\/","name":"REGDATA","description":"","publisher":{"@id":"https:\/\/www.regdata.ch\/fr\/#organization"},"potentialAction":[{"@type":"SearchAction","target":{"@type":"EntryPoint","urlTemplate":"https:\/\/www.regdata.ch\/fr\/?s={search_term_string}"},"query-input":"required name=search_term_string"}],"inLanguage":"fr-FR"},{"@type":"Organization","@id":"https:\/\/www.regdata.ch\/fr\/#organization","name":"REGDATA SA","url":"https:\/\/www.regdata.ch\/fr\/","logo":{"@type":"ImageObject","inLanguage":"fr-FR","@id":"https:\/\/www.regdata.ch\/fr\/#\/schema\/logo\/image\/","url":"https:\/\/www.regdata.ch\/wp-content\/uploads\/2020\/06\/favicon.png","contentUrl":"https:\/\/www.regdata.ch\/wp-content\/uploads\/2020\/06\/favicon.png","width":71,"height":71,"caption":"REGDATA SA"},"image":{"@id":"https:\/\/www.regdata.ch\/fr\/#\/schema\/logo\/image\/"}}]}},"_links":{"self":[{"href":"https:\/\/www.regdata.ch\/fr\/wp-json\/wp\/v2\/pages\/900","targetHints":{"allow":["GET"]}}],"collection":[{"href":"https:\/\/www.regdata.ch\/fr\/wp-json\/wp\/v2\/pages"}],"about":[{"href":"https:\/\/www.regdata.ch\/fr\/wp-json\/wp\/v2\/types\/page"}],"author":[{"embeddable":true,"href":"https:\/\/www.regdata.ch\/fr\/wp-json\/wp\/v2\/users\/1"}],"replies":[{"embeddable":true,"href":"https:\/\/www.regdata.ch\/fr\/wp-json\/wp\/v2\/comments?post=900"}],"version-history":[{"count":79,"href":"https:\/\/www.regdata.ch\/fr\/wp-json\/wp\/v2\/pages\/900\/revisions"}],"predecessor-version":[{"id":2550,"href":"https:\/\/www.regdata.ch\/fr\/wp-json\/wp\/v2\/pages\/900\/revisions\/2550"}],"up":[{"embeddable":true,"href":"https:\/\/www.regdata.ch\/fr\/wp-json\/wp\/v2\/pages\/1119"}],"wp:attachment":[{"href":"https:\/\/www.regdata.ch\/fr\/wp-json\/wp\/v2\/media?parent=900"}],"curies":[{"name":"wp","href":"https:\/\/api.w.org\/{rel}","templated":true}]}}