{"id":924,"date":"2020-08-12T13:40:36","date_gmt":"2020-08-12T13:40:36","guid":{"rendered":"https:\/\/regdatadev.affinities.ch\/?page_id=924"},"modified":"2022-01-28T17:31:06","modified_gmt":"2022-01-28T17:31:06","slug":"partenaires","status":"publish","type":"page","link":"https:\/\/www.regdata.ch\/fr\/partenaires\/","title":{"rendered":"Partenaires"},"content":{"rendered":"<h1><span class=\"uk-text-primary\">Devenir <\/span>Partenaire<br \/>REGDATA<\/h1>\n<h2>Devenir Partenaire<span class=\"uk-text-primary\"> REGDATA<\/span><\/h2>\n<div>\n<p>Ensemble nous rendons possible<br \/>notre objectif commun ultime :<\/p>\n<\/div>\n<blockquote>\n<p style=\"text-align: justify;\">Permettre \u00e0 tous nos clients d\u2019obtenir une protection dynamique et contextuelle \u00ab\u00a0any time, any where, any application, any device, for any one\u00a0\u00bb<\/p>\n<\/blockquote>\n<div>\n<p>Partenaire conseil<\/p>\n<\/div>\n<div>\n<p style=\"text-align: justify;\">En tant que soci\u00e9t\u00e9 local ou International de conseil li\u00e9 aux segments suivants, Cybers\u00e9curit\u00e9, Data Privacy, Data Risk Management, Audit vous souhaitez recommander notre solution aupr\u00e8s de vos clients.<\/p>\n<\/div>\n<div>\n<p>Partenaire int\u00e9grateur<\/p>\n<\/div>\n<div>\n<p style=\"text-align: justify;\">Vous souhaitez installer, implementer techniquement et fonctionnellement RPS (RegData Protection Suite) chez vos clients.<\/p>\n<\/div>\n<div>\n<p>Partenaire technologique<\/p>\n<\/div>\n<div>\n<p style=\"text-align: justify;\">Vous souhaitez int\u00e9grer notre technologie dans votre solution.<\/p>\n<\/div>\n<div>\n<p>Partenaire market place<\/p>\n<\/div>\n<div>\n<p style=\"text-align: justify;\">Vous souhaitez int\u00e9grer notre solution dans votre Market Place.<\/p>\n<\/div>\n<div>\n<h2>Pr\u00e9 enregistrement comme<br \/>partenaire REGDATA<\/h2>\n<div>\n<div class=\"wpforms-container wpforms-container-full\" id=\"wpforms-844\"><form id=\"wpforms-form-844\" class=\"wpforms-validate wpforms-form wpforms-ajax-form\" data-formid=\"844\" method=\"post\" enctype=\"multipart\/form-data\" action=\"\/fr\/wp-json\/wp\/v2\/pages\/924\" data-token=\"f9a62dbf39837a99f34f7697b90c8264\"><noscript class=\"wpforms-error-noscript\">Veuillez activer JavaScript dans votre navigateur pour remplir ce formulaire.<\/noscript><div class=\"wpforms-field-container\"><div id=\"wpforms-844-field_5-container\" class=\"wpforms-field wpforms-field-text wpforms-one-half wpforms-first\" data-field-id=\"5\"><label class=\"wpforms-field-label\" for=\"wpforms-844-field_5\">Nom <span class=\"wpforms-required-label\">*<\/span><\/label><input type=\"text\" id=\"wpforms-844-field_5\" class=\"wpforms-field-large wpforms-field-required\" name=\"wpforms[fields][5]\" required><\/div><div id=\"wpforms-844-field_6-container\" class=\"wpforms-field wpforms-field-text wpforms-one-half\" data-field-id=\"6\"><label class=\"wpforms-field-label\" for=\"wpforms-844-field_6\">Pr\u00e9nom <span class=\"wpforms-required-label\">*<\/span><\/label><input type=\"text\" id=\"wpforms-844-field_6\" class=\"wpforms-field-large wpforms-field-required\" name=\"wpforms[fields][6]\" required><\/div><div id=\"wpforms-844-field_4-container\" class=\"wpforms-field wpforms-field-text wpforms-one-half wpforms-first\" data-field-id=\"4\"><label class=\"wpforms-field-label\" for=\"wpforms-844-field_4\">Soci\u00e9t\u00e9 <span class=\"wpforms-required-label\">*<\/span><\/label><input type=\"text\" id=\"wpforms-844-field_4\" class=\"wpforms-field-large wpforms-field-required\" name=\"wpforms[fields][4]\" required><\/div><div id=\"wpforms-844-field_8-container\" class=\"wpforms-field wpforms-field-text wpforms-one-half\" data-field-id=\"8\"><label class=\"wpforms-field-label\" for=\"wpforms-844-field_8\">Titre<\/label><input type=\"text\" id=\"wpforms-844-field_8\" class=\"wpforms-field-large\" name=\"wpforms[fields][8]\" ><\/div><div id=\"wpforms-844-field_1-container\" class=\"wpforms-field wpforms-field-email\" data-field-id=\"1\"><label class=\"wpforms-field-label\" for=\"wpforms-844-field_1\">E-mail professionnel <span class=\"wpforms-required-label\">*<\/span><\/label><input type=\"email\" id=\"wpforms-844-field_1\" class=\"wpforms-field-medium wpforms-field-required\" name=\"wpforms[fields][1]\" spellcheck=\"false\" required><\/div><div id=\"wpforms-844-field_7-container\" class=\"wpforms-field wpforms-field-text\" data-field-id=\"7\"><label class=\"wpforms-field-label\" for=\"wpforms-844-field_7\">T\u00e9l\u00e9phone <span class=\"wpforms-required-label\">*<\/span><\/label><input type=\"text\" id=\"wpforms-844-field_7\" class=\"wpforms-field-medium wpforms-field-required\" name=\"wpforms[fields][7]\" required><\/div><div id=\"wpforms-844-field_9-container\" class=\"wpforms-field wpforms-field-checkbox wpforms-list-2-columns\" data-field-id=\"9\"><label class=\"wpforms-field-label\" for=\"wpforms-844-field_9\">Type de partenariat d\u00e9sir\u00e9 : <span class=\"wpforms-required-label\">*<\/span><\/label><ul id=\"wpforms-844-field_9\" class=\"wpforms-field-required\"><li class=\"choice-1 depth-1\"><input type=\"checkbox\" id=\"wpforms-844-field_9_1\" name=\"wpforms[fields][9][]\" value=\"partenaire conseil\" required ><label class=\"wpforms-field-label-inline\" for=\"wpforms-844-field_9_1\">partenaire conseil<\/label><\/li><li class=\"choice-2 depth-1\"><input type=\"checkbox\" id=\"wpforms-844-field_9_2\" name=\"wpforms[fields][9][]\" value=\"partenaire int\u00e9grateur\" required ><label class=\"wpforms-field-label-inline\" for=\"wpforms-844-field_9_2\">partenaire int\u00e9grateur<\/label><\/li><li class=\"choice-3 depth-1\"><input type=\"checkbox\" id=\"wpforms-844-field_9_3\" name=\"wpforms[fields][9][]\" value=\"partenaire technologique\" required ><label class=\"wpforms-field-label-inline\" for=\"wpforms-844-field_9_3\">partenaire technologique<\/label><\/li><li class=\"choice-4 depth-1\"><input type=\"checkbox\" id=\"wpforms-844-field_9_4\" name=\"wpforms[fields][9][]\" value=\"partenaire market place\" required ><label class=\"wpforms-field-label-inline\" for=\"wpforms-844-field_9_4\">partenaire market place<\/label><\/li><\/ul><\/div><div id=\"wpforms-844-field_2-container\" class=\"wpforms-field wpforms-field-textarea\" data-field-id=\"2\"><label class=\"wpforms-field-label\" for=\"wpforms-844-field_2\">Commentaire<\/label><textarea id=\"wpforms-844-field_2\" class=\"wpforms-field-medium\" name=\"wpforms[fields][2]\" ><\/textarea><\/div><\/div><!-- .wpforms-field-container --><div class=\"wpforms-field wpforms-field-hp\"><label for=\"wpforms-844-field-hp\" class=\"wpforms-field-label\">Comment<\/label><input type=\"text\" name=\"wpforms[hp]\" id=\"wpforms-844-field-hp\" class=\"wpforms-field-medium\"><\/div><div class=\"wpforms-submit-container\" ><input type=\"hidden\" name=\"wpforms[id]\" value=\"844\"><input type=\"hidden\" name=\"wpforms[author]\" value=\"1\"><button type=\"submit\" name=\"wpforms[submit]\" id=\"wpforms-submit-844\" class=\"wpforms-submit\" data-alt-text=\"Envoi...\" data-submit-text=\"Envoyer\" aria-live=\"assertive\" value=\"wpforms-submit\">Envoyer<\/button><img loading=\"lazy\" decoding=\"async\" src=\"https:\/\/www.regdata.ch\/wp-content\/plugins\/wpforms\/assets\/images\/submit-spin.svg\" class=\"wpforms-submit-spinner\" style=\"display: none;\" width=\"26\" height=\"26\" alt=\"Chargement en cours\"><\/div><\/form><\/div>  <!-- .wpforms-container -->\n<\/div>\n<\/div>\n<p><!-- {\"name\":\"BACKUP ancienne page societe\",\"type\":\"layout\",\"children\":[{\"type\":\"section\",\"props\":{\"style\":\"secondary\",\"width\":\"\",\"vertical_align\":\"middle\",\"title_position\":\"top-left\",\"title_rotation\":\"left\",\"title_breakpoint\":\"xl\",\"image_position\":\"center-center\",\"width_expand\":\"right\",\"height\":\"full\",\"animation\":\"slide-left-small\",\"image\":\"wp-content\\\/uploads\\\/2020\\\/06\\\/maestro.jpg\",\"image_size\":\"cover\",\"padding_remove_bottom\":true,\"animation_delay\":true,\"header_transparent_noplaceholder\":false},\"children\":[{\"type\":\"row\",\"props\":{\"layout\":\"large,expand\",\"width\":\"default\"},\"children\":[{\"type\":\"column\",\"props\":{\"image_position\":\"center-center\",\"media_overlay_gradient\":\"\",\"width_large\":\"2xlarge\"},\"children\":[{\"type\":\"headline\",\"props\":{\"title_element\":\"h1\",\"title_style\":\"heading-2xlarge\",\"content\":\"<span class=\\\"uk-text-primary\\\">Devenir <\\\/span>Partenaire<br \\\/>REGDATA\",\"margin_remove_top\":true,\"css\":\".el-element {line-height:1.15em}\"}}]},{\"type\":\"column\",\"props\":{\"image_position\":\"center-center\",\"media_overlay_gradient\":\"\",\"width_large\":\"expand\"},\"children\":[]}]}],\"name\":\"Hero\"},{\"type\":\"section\",\"props\":{\"style\":\"default\",\"width\":\"expand\",\"vertical_align\":\"middle\",\"title_position\":\"top-left\",\"title_rotation\":\"left\",\"title_breakpoint\":\"xl\",\"image_position\":\"center-center\",\"padding\":\"large\",\"image\":\"wp-content\\\/uploads\\\/2020\\\/06\\\/bg-degrade-scaled.jpg\",\"image_size\":\"cover\",\"image_effect\":\"fixed\",\"id\":\"formulaire\"},\"children\":[{\"type\":\"row\",\"props\":{\"layout\":\"1-2,1-2\",\"width\":\"large\",\"column_gap\":\"large\"},\"children\":[{\"type\":\"column\",\"props\":{\"image_position\":\"center-center\",\"media_overlay_gradient\":\"\",\"width_medium\":\"1-2\"},\"children\":[{\"type\":\"headline\",\"props\":{\"title_element\":\"h2\",\"title_style\":\"heading-xlarge\",\"margin\":\"medium\",\"content\":\"Devenir Partenaire<span class=\\\"uk-text-primary\\\"> REGDATA<\\\/span>\"}},{\"type\":\"text\",\"props\":{\"margin\":\"small\",\"column_breakpoint\":\"m\",\"text_style\":\"lead\",\"content\":\"\n\n<p>Ensemble nous rendons possible<br \\\/>notre objectif commun ultime :<\\\/p>\",\"margin_remove_bottom\":false,\"margin_remove_top\":false}},{\"type\":\"quotation\",\"props\":{\"content\":\"\n\n<p style=\\\"text-align: justify;\\\">Permettre \\u00e0 tous nos clients d\\u2019obtenir une protection dynamique et contextuelle \\\"any time, any where, any application, any device, for any one\\\"<\\\/p>\",\"css\":\".el-element {font-size:1.1em}\",\"margin_remove_top\":true}},{\"type\":\"text\",\"props\":{\"margin\":\"default\",\"column_breakpoint\":\"m\",\"text_style\":\"lead\",\"content\":\"\n\n<p>Partenaire conseil<\\\/p>\",\"margin_remove_bottom\":true}},{\"type\":\"text\",\"props\":{\"margin\":\"small\",\"column_breakpoint\":\"m\",\"content\":\"\n\n<p style=\\\"text-align: justify;\\\">En tant que soci\\u00e9t\\u00e9 local ou International de conseil li\\u00e9 aux segments suivants, Cybers\\u00e9curit\\u00e9, Data Privacy, Data Risk Management, Audit vous souhaitez recommander notre solution aupr\\u00e8s de vos clients.<\\\/p>\",\"margin_remove_bottom\":false,\"margin_remove_top\":false}},{\"type\":\"text\",\"props\":{\"margin\":\"default\",\"column_breakpoint\":\"m\",\"text_style\":\"lead\",\"content\":\"\n\n<p>Partenaire int\\u00e9grateur<\\\/p>\",\"margin_remove_bottom\":true}},{\"type\":\"text\",\"props\":{\"margin\":\"small\",\"column_breakpoint\":\"m\",\"content\":\"\n\n<p style=\\\"text-align: justify;\\\">Vous souhaitez installer, implementer techniquement et fonctionnellement RPS (RegData Protection Suite) chez vos clients.<\\\/p>\",\"margin_remove_bottom\":false,\"margin_remove_top\":false}},{\"type\":\"text\",\"props\":{\"margin\":\"default\",\"column_breakpoint\":\"m\",\"text_style\":\"lead\",\"content\":\"\n\n<p>Partenaire technologique<\\\/p>\",\"margin_remove_bottom\":true,\"margin_remove_top\":false}},{\"type\":\"text\",\"props\":{\"margin\":\"small\",\"column_breakpoint\":\"m\",\"content\":\"\n\n<p style=\\\"text-align: justify;\\\">Vous souhaitez int\\u00e9grer notre technologie dans votre solution.<\\\/p>\",\"margin_remove_bottom\":false,\"margin_remove_top\":false}},{\"type\":\"text\",\"props\":{\"margin\":\"default\",\"column_breakpoint\":\"m\",\"text_style\":\"lead\",\"content\":\"\n\n<p>Partenaire market place<\\\/p>\",\"margin_remove_bottom\":true}},{\"type\":\"text\",\"props\":{\"margin\":\"small\",\"column_breakpoint\":\"m\",\"content\":\"\n\n<p style=\\\"text-align: justify;\\\">Vous souhaitez int\\u00e9grer notre solution dans votre Market Place.<\\\/p>\",\"margin_remove_bottom\":false,\"margin_remove_top\":false}}]},{\"type\":\"column\",\"props\":{\"image_position\":\"center-center\",\"media_overlay_gradient\":\"\",\"width_medium\":\"1-2\"},\"children\":[{\"type\":\"panel\",\"props\":{\"link_text\":\"Ouvir sur Google Maps\",\"title_hover_style\":\"reset\",\"title_element\":\"h2\",\"title_align\":\"top\",\"title_grid_width\":\"1-2\",\"meta_style\":\"meta\",\"meta_align\":\"below-title\",\"image_align\":\"top\",\"image_grid_width\":\"1-2\",\"image_svg_color\":\"emphasis\",\"link_style\":\"default\",\"margin\":\"default\",\"panel_style\":\"card-secondary\",\"panel_size\":\"large\",\"title_style\":\"heading-medium\",\"title_margin\":\"remove\",\"content_margin\":\"medium\",\"link_margin\":\"large\",\"block_align\":\"right\",\"link\":\"\",\"title\":\"Pr\\u00e9 enregistrement comme<br \/>partenaire REGDATA\",\"content\":\"\n\n<p>[wpforms id=\\\"844\\\" title=\\\"false\\\" description=\\\"false\\\"]<\\\/p>\",\"link_target\":true,\"title_grid_breakpoint\":\"m\",\"image_grid_breakpoint\":\"m\",\"icon_width\":80,\"content_column_breakpoint\":\"m\",\"meta_element\":\"div\"}}]}]}],\"name\":\"Partenaires\"}],\"version\":\"2.2.5\"} --><\/p>\n","protected":false},"excerpt":{"rendered":"<p>Devenir PartenaireREGDATA Devenir Partenaire REGDATA Ensemble nous rendons possiblenotre objectif commun ultime : Permettre \u00e0 tous nos clients d\u2019obtenir une protection dynamique et contextuelle \u00ab\u00a0any time, any where, any application, any device, for any one\u00a0\u00bb Partenaire conseil En tant que soci\u00e9t\u00e9 local ou International de conseil li\u00e9 aux segments suivants, Cybers\u00e9curit\u00e9, Data Privacy, Data Risk [&hellip;]<\/p>\n","protected":false},"author":1,"featured_media":0,"parent":0,"menu_order":0,"comment_status":"closed","ping_status":"closed","template":"","meta":{"footnotes":""},"class_list":["post-924","page","type-page","status-publish","hentry"],"yoast_head":"<!-- This site is optimized with the Yoast SEO plugin v21.5 - https:\/\/yoast.com\/wordpress\/plugins\/seo\/ -->\n<title>Partenaires - REGDATA<\/title>\n<meta name=\"robots\" content=\"index, follow, max-snippet:-1, max-image-preview:large, max-video-preview:-1\" \/>\n<link rel=\"canonical\" href=\"https:\/\/www.regdata.ch\/fr\/partenaires\/\" \/>\n<meta property=\"og:locale\" content=\"fr_FR\" \/>\n<meta property=\"og:type\" content=\"article\" \/>\n<meta property=\"og:title\" content=\"Partenaires - REGDATA\" \/>\n<meta property=\"og:description\" content=\"Devenir PartenaireREGDATA Devenir Partenaire REGDATA Ensemble nous rendons possiblenotre objectif commun ultime : Permettre \u00e0 tous nos clients d\u2019obtenir une protection dynamique et contextuelle \u00ab\u00a0any time, any where, any application, any device, for any one\u00a0\u00bb Partenaire conseil En tant que soci\u00e9t\u00e9 local ou International de conseil li\u00e9 aux segments suivants, Cybers\u00e9curit\u00e9, Data Privacy, Data Risk [&hellip;]\" \/>\n<meta property=\"og:url\" content=\"https:\/\/www.regdata.ch\/fr\/partenaires\/\" \/>\n<meta property=\"og:site_name\" content=\"REGDATA\" \/>\n<meta property=\"article:modified_time\" content=\"2022-01-28T17:31:06+00:00\" \/>\n<meta name=\"twitter:card\" content=\"summary_large_image\" \/>\n<meta name=\"twitter:label1\" content=\"Dur\u00e9e de lecture estim\u00e9e\" \/>\n\t<meta name=\"twitter:data1\" content=\"1 minute\" \/>\n<script type=\"application\/ld+json\" class=\"yoast-schema-graph\">{\"@context\":\"https:\/\/schema.org\",\"@graph\":[{\"@type\":\"WebPage\",\"@id\":\"https:\/\/www.regdata.ch\/fr\/partenaires\/\",\"url\":\"https:\/\/www.regdata.ch\/fr\/partenaires\/\",\"name\":\"Partenaires - REGDATA\",\"isPartOf\":{\"@id\":\"https:\/\/www.regdata.ch\/fr\/#website\"},\"datePublished\":\"2020-08-12T13:40:36+00:00\",\"dateModified\":\"2022-01-28T17:31:06+00:00\",\"breadcrumb\":{\"@id\":\"https:\/\/www.regdata.ch\/fr\/partenaires\/#breadcrumb\"},\"inLanguage\":\"fr-FR\",\"potentialAction\":[{\"@type\":\"ReadAction\",\"target\":[\"https:\/\/www.regdata.ch\/fr\/partenaires\/\"]}]},{\"@type\":\"BreadcrumbList\",\"@id\":\"https:\/\/www.regdata.ch\/fr\/partenaires\/#breadcrumb\",\"itemListElement\":[{\"@type\":\"ListItem\",\"position\":1,\"name\":\"Accueil\",\"item\":\"https:\/\/www.regdata.ch\/fr\/\"},{\"@type\":\"ListItem\",\"position\":2,\"name\":\"Partenaires\"}]},{\"@type\":\"WebSite\",\"@id\":\"https:\/\/www.regdata.ch\/fr\/#website\",\"url\":\"https:\/\/www.regdata.ch\/fr\/\",\"name\":\"REGDATA\",\"description\":\"\",\"publisher\":{\"@id\":\"https:\/\/www.regdata.ch\/fr\/#organization\"},\"potentialAction\":[{\"@type\":\"SearchAction\",\"target\":{\"@type\":\"EntryPoint\",\"urlTemplate\":\"https:\/\/www.regdata.ch\/fr\/?s={search_term_string}\"},\"query-input\":\"required name=search_term_string\"}],\"inLanguage\":\"fr-FR\"},{\"@type\":\"Organization\",\"@id\":\"https:\/\/www.regdata.ch\/fr\/#organization\",\"name\":\"REGDATA SA\",\"url\":\"https:\/\/www.regdata.ch\/fr\/\",\"logo\":{\"@type\":\"ImageObject\",\"inLanguage\":\"fr-FR\",\"@id\":\"https:\/\/www.regdata.ch\/fr\/#\/schema\/logo\/image\/\",\"url\":\"https:\/\/www.regdata.ch\/wp-content\/uploads\/2020\/06\/favicon.png\",\"contentUrl\":\"https:\/\/www.regdata.ch\/wp-content\/uploads\/2020\/06\/favicon.png\",\"width\":71,\"height\":71,\"caption\":\"REGDATA SA\"},\"image\":{\"@id\":\"https:\/\/www.regdata.ch\/fr\/#\/schema\/logo\/image\/\"}}]}<\/script>\n<!-- \/ Yoast SEO plugin. -->","yoast_head_json":{"title":"Partenaires - REGDATA","robots":{"index":"index","follow":"follow","max-snippet":"max-snippet:-1","max-image-preview":"max-image-preview:large","max-video-preview":"max-video-preview:-1"},"canonical":"https:\/\/www.regdata.ch\/fr\/partenaires\/","og_locale":"fr_FR","og_type":"article","og_title":"Partenaires - REGDATA","og_description":"Devenir PartenaireREGDATA Devenir Partenaire REGDATA Ensemble nous rendons possiblenotre objectif commun ultime : Permettre \u00e0 tous nos clients d\u2019obtenir une protection dynamique et contextuelle \u00ab\u00a0any time, any where, any application, any device, for any one\u00a0\u00bb Partenaire conseil En tant que soci\u00e9t\u00e9 local ou International de conseil li\u00e9 aux segments suivants, Cybers\u00e9curit\u00e9, Data Privacy, Data Risk [&hellip;]","og_url":"https:\/\/www.regdata.ch\/fr\/partenaires\/","og_site_name":"REGDATA","article_modified_time":"2022-01-28T17:31:06+00:00","twitter_card":"summary_large_image","twitter_misc":{"Dur\u00e9e de lecture estim\u00e9e":"1 minute"},"schema":{"@context":"https:\/\/schema.org","@graph":[{"@type":"WebPage","@id":"https:\/\/www.regdata.ch\/fr\/partenaires\/","url":"https:\/\/www.regdata.ch\/fr\/partenaires\/","name":"Partenaires - REGDATA","isPartOf":{"@id":"https:\/\/www.regdata.ch\/fr\/#website"},"datePublished":"2020-08-12T13:40:36+00:00","dateModified":"2022-01-28T17:31:06+00:00","breadcrumb":{"@id":"https:\/\/www.regdata.ch\/fr\/partenaires\/#breadcrumb"},"inLanguage":"fr-FR","potentialAction":[{"@type":"ReadAction","target":["https:\/\/www.regdata.ch\/fr\/partenaires\/"]}]},{"@type":"BreadcrumbList","@id":"https:\/\/www.regdata.ch\/fr\/partenaires\/#breadcrumb","itemListElement":[{"@type":"ListItem","position":1,"name":"Accueil","item":"https:\/\/www.regdata.ch\/fr\/"},{"@type":"ListItem","position":2,"name":"Partenaires"}]},{"@type":"WebSite","@id":"https:\/\/www.regdata.ch\/fr\/#website","url":"https:\/\/www.regdata.ch\/fr\/","name":"REGDATA","description":"","publisher":{"@id":"https:\/\/www.regdata.ch\/fr\/#organization"},"potentialAction":[{"@type":"SearchAction","target":{"@type":"EntryPoint","urlTemplate":"https:\/\/www.regdata.ch\/fr\/?s={search_term_string}"},"query-input":"required name=search_term_string"}],"inLanguage":"fr-FR"},{"@type":"Organization","@id":"https:\/\/www.regdata.ch\/fr\/#organization","name":"REGDATA SA","url":"https:\/\/www.regdata.ch\/fr\/","logo":{"@type":"ImageObject","inLanguage":"fr-FR","@id":"https:\/\/www.regdata.ch\/fr\/#\/schema\/logo\/image\/","url":"https:\/\/www.regdata.ch\/wp-content\/uploads\/2020\/06\/favicon.png","contentUrl":"https:\/\/www.regdata.ch\/wp-content\/uploads\/2020\/06\/favicon.png","width":71,"height":71,"caption":"REGDATA SA"},"image":{"@id":"https:\/\/www.regdata.ch\/fr\/#\/schema\/logo\/image\/"}}]}},"_links":{"self":[{"href":"https:\/\/www.regdata.ch\/fr\/wp-json\/wp\/v2\/pages\/924","targetHints":{"allow":["GET"]}}],"collection":[{"href":"https:\/\/www.regdata.ch\/fr\/wp-json\/wp\/v2\/pages"}],"about":[{"href":"https:\/\/www.regdata.ch\/fr\/wp-json\/wp\/v2\/types\/page"}],"author":[{"embeddable":true,"href":"https:\/\/www.regdata.ch\/fr\/wp-json\/wp\/v2\/users\/1"}],"replies":[{"embeddable":true,"href":"https:\/\/www.regdata.ch\/fr\/wp-json\/wp\/v2\/comments?post=924"}],"version-history":[{"count":28,"href":"https:\/\/www.regdata.ch\/fr\/wp-json\/wp\/v2\/pages\/924\/revisions"}],"predecessor-version":[{"id":2560,"href":"https:\/\/www.regdata.ch\/fr\/wp-json\/wp\/v2\/pages\/924\/revisions\/2560"}],"wp:attachment":[{"href":"https:\/\/www.regdata.ch\/fr\/wp-json\/wp\/v2\/media?parent=924"}],"curies":[{"name":"wp","href":"https:\/\/api.w.org\/{rel}","templated":true}]}}